{"id":1410789270,"date":"2026-02-23T19:46:11","date_gmt":"2026-02-23T22:46:11","guid":{"rendered":"https:\/\/dinhosreef.com\/produto\/racao-vet-life-caes-ad-hypoallergenic-pork-e-potato-101kg\/"},"modified":"2026-03-20T11:32:23","modified_gmt":"2026-03-20T14:32:23","slug":"racao-vet-life-caes-ad-hypoallergenic-pork-e-potato-101kg","status":"publish","type":"product","link":"https:\/\/dinhosreef.com\/en\/product\/racao-vet-life-caes-ad-hypoallergenic-pork-e-potato-101kg\/","title":{"rendered":"RA\u00c7\u00c3O VET LIFE C\u00c3ES AD HYPOALLERGENIC PORK E POTATO 10,1KG"},"content":{"rendered":"<h2>Ra\u00e7\u00e3o Vet Life Natural C\u00e3es Adultos Hypoallergenic Porco e Batata<\/h2>\n<p>A\u00a0<strong>Ra\u00e7\u00e3o Vet Life Natural Hypoallergenic<\/strong>\u00a0\u00e9 um alimento seco coadjuvante indicado para auxiliar o tratamento de cachorros com alergia ou intoler\u00e2ncia alimentar. Ela foi desenvolvida especialmente para diminuir a presen\u00e7a de fatores frequentemente respons\u00e1veis pelas rea\u00e7\u00f5es al\u00e9rgicas e intoler\u00e2ncias nos c\u00e3es.<\/p>\n<p>A\u00a0<strong>Ra\u00e7\u00e3o hipoalerg\u00eanica Vet Life<\/strong>, agora na vers\u00e3o porco com batata, \u00e9 um alimento com conservantes 100% naturais que ajudam na alimenta\u00e7\u00e3o e tratamento de c\u00e3es com algum n\u00edvel de intoler\u00e2ncia alimentar. Ela garante que o pet tenha todas as vitaminas necess\u00e1rias para um bom desenvolvimento.<\/p>\n<h3>Tamanho do gr\u00e3o<\/h3>\n<p>Os croquetes da Ra\u00e7\u00e3o Vet Life t\u00eam um tamanho apropriado para garantir a correta fragmenta\u00e7\u00e3o e preens\u00e3o.<\/p>\n<p>Di\u00e2metro 12-14 mm x Espessura 5-7 mm.<\/p>\n<h3>Ingredientes<\/h3>\n<p>Farinha de torresmo, gordura su\u00edna, \u00f3leo de peixe, \u00f3leo de frango, amido de batata, batata desidratada, plasma sangu\u00edneo desidratado de su\u00edno, celulose em p\u00f3, DL-metionina, triptofano, L-tirosina, taurina, L-treonina, aditivo probi\u00f3tico (MOS), extrato de yucca, zeolita, hidrolisado de f\u00edgado su\u00edno, vitaminas (A, D3, E, B1, B2, B5, B6, B12, C, biotina, niacina, \u00e1cido f\u00f3lico, cloreto de colina), cloreto de s\u00f3dio, carbonato de c\u00e1lcio, fosfato bic\u00e1lcico, cloreto de pot\u00e1ssio, ferro amino\u00e1cido quelato, cobre amino\u00e1cido quelato, zinco amino\u00e1cido quelato, mangan\u00eas amino\u00e1cido quelato, proteinato de sel\u00eanio, iodato de c\u00e1lcio, propionato de c\u00e1lcio, mono e diglicer\u00eddeos de \u00e1cidos graxos, concentrado de tocofer\u00f3is.<\/p>","protected":false},"excerpt":{"rendered":"<p>Ra\u00e7\u00e3o Vet Life Natural C\u00e3es Adultos Hypoallergenic Porco e Batata A\u00a0Ra\u00e7\u00e3o Vet Life Natural Hypoallergenic\u00a0\u00e9 um alimento seco coadjuvante indicado para auxiliar o tratamento de cachorros com alergia ou intoler\u00e2ncia alimentar. Ela foi desenvolvida especialmente para diminuir a presen\u00e7a de fatores frequentemente respons\u00e1veis pelas rea\u00e7\u00f5es al\u00e9rgicas e intoler\u00e2ncias nos c\u00e3es. A\u00a0Ra\u00e7\u00e3o hipoalerg\u00eanica Vet Life, agora [&hellip;]<\/p>\n","protected":false},"featured_media":1410789269,"comment_status":"open","ping_status":"closed","template":"","meta":{"googlesitekit_rrm_CAow0N7NCw:productID":"","content-type":"","pmpro_default_level":"","_themeisle_gutenberg_block_has_review":false},"product_brand":[392],"product_cat":[259],"product_tag":[],"class_list":{"0":"post-1410789270","1":"product","2":"type-product","3":"status-publish","4":"has-post-thumbnail","6":"product_brand-farmina","7":"product_cat-racoes-alimento-petisco-e-suplemento-caes","8":"pmpro-has-access","10":"first","11":"outofstock","12":"taxable","13":"shipping-taxable","14":"purchasable","15":"product-type-simple"},"_links":{"self":[{"href":"https:\/\/dinhosreef.com\/en\/wp-json\/wp\/v2\/product\/1410789270","targetHints":{"allow":["GET"]}}],"collection":[{"href":"https:\/\/dinhosreef.com\/en\/wp-json\/wp\/v2\/product"}],"about":[{"href":"https:\/\/dinhosreef.com\/en\/wp-json\/wp\/v2\/types\/product"}],"replies":[{"embeddable":true,"href":"https:\/\/dinhosreef.com\/en\/wp-json\/wp\/v2\/comments?post=1410789270"}],"wp:featuredmedia":[{"embeddable":true,"href":"https:\/\/dinhosreef.com\/en\/wp-json\/wp\/v2\/media\/1410789269"}],"wp:attachment":[{"href":"https:\/\/dinhosreef.com\/en\/wp-json\/wp\/v2\/media?parent=1410789270"}],"wp:term":[{"taxonomy":"product_brand","embeddable":true,"href":"https:\/\/dinhosreef.com\/en\/wp-json\/wp\/v2\/product_brand?post=1410789270"},{"taxonomy":"product_cat","embeddable":true,"href":"https:\/\/dinhosreef.com\/en\/wp-json\/wp\/v2\/product_cat?post=1410789270"},{"taxonomy":"product_tag","embeddable":true,"href":"https:\/\/dinhosreef.com\/en\/wp-json\/wp\/v2\/product_tag?post=1410789270"}],"curies":[{"name":"wp","href":"https:\/\/api.w.org\/{rel}","templated":true}]}}