{"id":1410789272,"date":"2026-02-23T19:46:15","date_gmt":"2026-02-23T22:46:15","guid":{"rendered":"https:\/\/dinhosreef.com\/produto\/racao-vet-life-caes-adultos-obesity-diabetic-fish-101kg\/"},"modified":"2026-04-01T09:27:12","modified_gmt":"2026-04-01T12:27:12","slug":"racao-vet-life-caes-adultos-obesity-diabetic-fish-101kg","status":"publish","type":"product","link":"https:\/\/dinhosreef.com\/en\/product\/racao-vet-life-caes-adultos-obesity-diabetic-fish-101kg\/","title":{"rendered":"RA\u00c7\u00c3O VET LIFE C\u00c3ES ADULTOS OBESITY DIABETIC FISH 10,1KG"},"content":{"rendered":"<h2>Ra\u00e7\u00e3o Vet Life Natural para C\u00e3es Obesidade e Diabete Peixe<\/h2>\n<p>A\u00a0<strong>Ra\u00e7\u00e3o Vet Life Natural para C\u00e3es Obesidade e Diabete Peixe<\/strong>\u00a0\u00e9 um alimento seco coadjuvante indicado para auxiliar no tratamento de c\u00e3es com sobrepeso, obesidade e\/ ou diabetes.<\/p>\n<p>A\u00a0<strong>Ra\u00e7\u00e3o para c\u00e3es Vet Life<\/strong>\u00a0\u00e9 produzida com ingredientes de alta qualidade e com uma densidade energ\u00e9tica reduzida e com um elevado teor de fibras, o que o favorece no controle da obesidade.<\/p>\n<p>A ingest\u00e3o de carboidratos de digest\u00e3o e assimila\u00e7\u00e3o lenta associada a maior quantidade de fibra torna\u00a0<strong>Vet Life obesity e diabetics fish<\/strong> indicada para c\u00e3es diab\u00e9ticos.<\/p>\n<h3>Composi\u00e7\u00e3o b\u00e1sica<\/h3>\n<p>Prote\u00edna hidrolisada de peixe, farinha de peixe, \u00f3leo de frango, \u00f3leo de peixe, gr\u00e3os de sorgo, aveia, cevada em gr\u00e3o, semente de linha\u00e7a, polpa de beterraba, celulose em p\u00f3, casca de ervilha, semente de psyllium, DL-metionina, taurina, L-carnitina, L- tirosina, L-treonina, triptofano, sulfato de condroitina, sulfato de glicosamina, aditivos prebi\u00f3ticos (Beta glucanas, MOS e FOS), extrato de yucca, zeolita, hidrolisado de peixe, vitaminas (A, D3, E, B1, B2, B5, B6, B12, C, biotina, niacina, \u00e1cido f\u00f3lico, cloreto de colina), fosfato bic\u00e1lcico, carbonato de c\u00e1lcio, cloreto de s\u00f3dio, cloreto de pot\u00e1ssio, ferro amino\u00e1cido quelato, cobre amino\u00e1cido quelato, zinco amino\u00e1cido quelato, mangan\u00eas amino\u00e1cido quelato, proteinato de sel\u00eanio, iodato de c\u00e1lcio, propionato de c\u00e1lcio, concentrado de tocofer\u00f3is.<\/p>","protected":false},"excerpt":{"rendered":"<p>Ra\u00e7\u00e3o Vet Life Natural para C\u00e3es Obesidade e Diabete Peixe A\u00a0Ra\u00e7\u00e3o Vet Life Natural para C\u00e3es Obesidade e Diabete Peixe\u00a0\u00e9 um alimento seco coadjuvante indicado para auxiliar no tratamento de c\u00e3es com sobrepeso, obesidade e\/ ou diabetes. A\u00a0Ra\u00e7\u00e3o para c\u00e3es Vet Life\u00a0\u00e9 produzida com ingredientes de alta qualidade e com uma densidade energ\u00e9tica reduzida e [&hellip;]<\/p>\n","protected":false},"featured_media":1410789271,"comment_status":"open","ping_status":"closed","template":"","meta":{"googlesitekit_rrm_CAow0N7NCw:productID":"","content-type":"","pmpro_default_level":"","_themeisle_gutenberg_block_has_review":false},"product_brand":[392],"product_cat":[259],"product_tag":[],"class_list":{"0":"post-1410789272","1":"product","2":"type-product","3":"status-publish","4":"has-post-thumbnail","6":"product_brand-farmina","7":"product_cat-racoes-alimento-petisco-e-suplemento-caes","8":"pmpro-has-access","10":"first","11":"outofstock","12":"taxable","13":"shipping-taxable","14":"purchasable","15":"product-type-simple"},"_links":{"self":[{"href":"https:\/\/dinhosreef.com\/en\/wp-json\/wp\/v2\/product\/1410789272","targetHints":{"allow":["GET"]}}],"collection":[{"href":"https:\/\/dinhosreef.com\/en\/wp-json\/wp\/v2\/product"}],"about":[{"href":"https:\/\/dinhosreef.com\/en\/wp-json\/wp\/v2\/types\/product"}],"replies":[{"embeddable":true,"href":"https:\/\/dinhosreef.com\/en\/wp-json\/wp\/v2\/comments?post=1410789272"}],"wp:featuredmedia":[{"embeddable":true,"href":"https:\/\/dinhosreef.com\/en\/wp-json\/wp\/v2\/media\/1410789271"}],"wp:attachment":[{"href":"https:\/\/dinhosreef.com\/en\/wp-json\/wp\/v2\/media?parent=1410789272"}],"wp:term":[{"taxonomy":"product_brand","embeddable":true,"href":"https:\/\/dinhosreef.com\/en\/wp-json\/wp\/v2\/product_brand?post=1410789272"},{"taxonomy":"product_cat","embeddable":true,"href":"https:\/\/dinhosreef.com\/en\/wp-json\/wp\/v2\/product_cat?post=1410789272"},{"taxonomy":"product_tag","embeddable":true,"href":"https:\/\/dinhosreef.com\/en\/wp-json\/wp\/v2\/product_tag?post=1410789272"}],"curies":[{"name":"wp","href":"https:\/\/api.w.org\/{rel}","templated":true}]}}