{"id":1410789274,"date":"2026-02-24T15:24:54","date_gmt":"2026-02-24T18:24:54","guid":{"rendered":"https:\/\/dinhosreef.com\/produto\/k-othrine-sc-25-inseticida-piretroide-30-ml\/"},"modified":"2026-04-08T17:38:47","modified_gmt":"2026-04-08T20:38:47","slug":"k-othrine-sc-25-inseticida-piretroide-30-ml","status":"publish","type":"product","link":"https:\/\/dinhosreef.com\/en\/product\/k-othrine-sc-25-inseticida-piretroide-30-ml\/","title":{"rendered":"K-OTHRINE SC 25 INSETICIDA PIRETROIDE- 30 ML"},"content":{"rendered":"<h2>Inseticida K-Othrine SC 25<\/h2>\n<p>Quando estamos em nossas casas, nos sentimos mais tranquilos, n\u00e3o \u00e9? E a \u00faltima coisa que queremos ver ou ouvir s\u00e3o aqueles insetos que podem tirar o nosso sossego. Para isso, o Inseticida promete ser uma \u00f3tima solu\u00e7\u00e3o.<\/p>\n<p>O\u00a0<strong>Inseticida K-Othrine SC 25<\/strong>\u00a0\u00e9 um produto l\u00edquido que controla os ambientes contra infesta\u00e7\u00f5es de insetos, sejam eles voadores ou rasteiros. Assim, \u00e9 uma \u00f3tima op\u00e7\u00e3o para voc\u00ea que n\u00e3o suporta mais insetos que visitam sua casa e atrapalham todo seu dia a dia.<\/p>\n<h3>Quando e onde aplicar?<\/h3>\n<p>O\u00a0<strong>K-Othrine SC<\/strong>\u00a0\u00e9 ideal contra Moscas Dom\u00e9sticas, Baratas de Esgoto, Baratas de Cozinha e Formigas Urbanas.<\/p>\n<p>O produto pode ser aplicado em esconderijos ou tamb\u00e9m em locais de tr\u00e2nsito dos insetos. Assim, \u00e9 poss\u00edvel utilizar o inseticida tanto no interior, como no exterior de sua casa, seja em ralos, rodap\u00e9s, pisos e outros pontos de aten\u00e7\u00e3o.<\/p>\n<h3>Como aplicar o produto segundo a bula<\/h3>\n<p>Diluir o produto em \u00e1gua conforme indica\u00e7\u00e3o;<br \/>Mexer at\u00e9 formar uma mistura homog\u00eanea;<br \/>Coloc\u00e1-la em um borrifador e agitar antes de aplicar;<br \/>Retirar adultos, crian\u00e7as e animais dom\u00e9sticos do local a ser tratado;<br \/>Aplicar nos locais de passagem, repouso e esconderijos dos insetos;<br \/>Ap\u00f3s aplica\u00e7\u00e3o, aguardar a secagem do produto para retornar ao ambiente.<\/p>\n<h3>Dosagem<\/h3>\n<p>6 mL\/ 1L de \u00e1gua para controle de moscas.<br \/>8 mL\/ 1L de \u00e1gua para controle de baratas e formigas.<\/p>\n<h3>Fique atento para utilizar o K-Othrine SC 25<\/h3>\n<p>Com o objetivo de garantir seguran\u00e7a e efici\u00eancia durante o uso, \u00e9 muito importante seguir a\u00a0<strong>bula do K-Othrine SC 25<\/strong>. Apesar disso, veja abaixo algumas informa\u00e7\u00f5es essenciais para voc\u00ea utilizar o produto da melhor forma.<\/p>\n<p>O inseticida n\u00e3o possui cheiro, n\u00e3o mancha e possibilita uma a\u00e7\u00e3o r\u00e1pida. Por\u00e9m \u00e9 importante ficar atento em algumas recomenda\u00e7\u00f5es: n\u00e3o coma, fume ou beba enquanto utiliza o inseticida; guarde o produto longe do alcance de animais e crian\u00e7as; e n\u00e3o utilize o produto em quaisquer utens\u00edlios de cozinha.<\/p>","protected":false},"excerpt":{"rendered":"<p>Inseticida K-Othrine SC 25 Quando estamos em nossas casas, nos sentimos mais tranquilos, n\u00e3o \u00e9? E a \u00faltima coisa que queremos ver ou ouvir s\u00e3o aqueles insetos que podem tirar o nosso sossego. Para isso, o Inseticida promete ser uma \u00f3tima solu\u00e7\u00e3o. O\u00a0Inseticida K-Othrine SC 25\u00a0\u00e9 um produto l\u00edquido que controla os ambientes contra infesta\u00e7\u00f5es [&hellip;]<\/p>\n","protected":false},"featured_media":1410790441,"comment_status":"open","ping_status":"closed","template":"","meta":{"googlesitekit_rrm_CAow0N7NCw:productID":"","content-type":"","pmpro_default_level":"","_themeisle_gutenberg_block_has_review":false},"product_brand":[],"product_cat":[186],"product_tag":[],"class_list":{"0":"post-1410789274","1":"product","2":"type-product","3":"status-publish","4":"has-post-thumbnail","6":"product_cat-animais-vivos","7":"pmpro-has-access","9":"first","10":"instock","11":"taxable","12":"shipping-taxable","13":"purchasable","14":"product-type-simple"},"_links":{"self":[{"href":"https:\/\/dinhosreef.com\/en\/wp-json\/wp\/v2\/product\/1410789274","targetHints":{"allow":["GET"]}}],"collection":[{"href":"https:\/\/dinhosreef.com\/en\/wp-json\/wp\/v2\/product"}],"about":[{"href":"https:\/\/dinhosreef.com\/en\/wp-json\/wp\/v2\/types\/product"}],"replies":[{"embeddable":true,"href":"https:\/\/dinhosreef.com\/en\/wp-json\/wp\/v2\/comments?post=1410789274"}],"wp:featuredmedia":[{"embeddable":true,"href":"https:\/\/dinhosreef.com\/en\/wp-json\/wp\/v2\/media\/1410790441"}],"wp:attachment":[{"href":"https:\/\/dinhosreef.com\/en\/wp-json\/wp\/v2\/media?parent=1410789274"}],"wp:term":[{"taxonomy":"product_brand","embeddable":true,"href":"https:\/\/dinhosreef.com\/en\/wp-json\/wp\/v2\/product_brand?post=1410789274"},{"taxonomy":"product_cat","embeddable":true,"href":"https:\/\/dinhosreef.com\/en\/wp-json\/wp\/v2\/product_cat?post=1410789274"},{"taxonomy":"product_tag","embeddable":true,"href":"https:\/\/dinhosreef.com\/en\/wp-json\/wp\/v2\/product_tag?post=1410789274"}],"curies":[{"name":"wp","href":"https:\/\/api.w.org\/{rel}","templated":true}]}}