{"id":1410789750,"date":"2026-03-05T12:12:56","date_gmt":"2026-03-05T15:12:56","guid":{"rendered":"https:\/\/dinhosreef.com\/produto\/racao-p-caes-adoltos-hills-derme-complete-original-294kg\/"},"modified":"2026-03-16T13:15:00","modified_gmt":"2026-03-16T16:15:00","slug":"racao-p-caes-adoltos-hills-derme-complete-original-294kg","status":"publish","type":"product","link":"https:\/\/dinhosreef.com\/en\/product\/racao-p-caes-adoltos-hills-derme-complete-original-294kg\/","title":{"rendered":"RA\u00c7\u00c3O P\/ C\u00c3ES ADOLTOS HILLS DERME COMPLETE ORIGINAL 2,94KG"},"content":{"rendered":"<h2>Ra\u00e7\u00e3o Hill&#8217;s Prescription Diet Derm Complete<\/h2>\n<p>A\u00a0<strong>Ra\u00e7\u00e3o Hill&#8217;s Prescription Diet Derm Complete<\/strong>\u00a0\u00e9 um alimento pensado e produzido para ajudar a controlar com efic\u00e1cia a coceira em c\u00e3es com sensibilidade ambiental ou alimentar, sabor arroz e ovo, ela fornece toda a nutri\u00e7\u00e3o que o seu c\u00e3o precisa e pode ser usada a longo prazo.<\/p>\n<p><strong>Hill&#8217;s Prescription Diet Derm Complete<\/strong>\u00a0possui fonte \u00fanica de prote\u00edna animal para ajudar a evitar rea\u00e7\u00f5es adversas aos alimentos, bioativos e fitonutrientes para ajudar a normalizar a resposta imunol\u00f3gica, al\u00e9m de ser enriquecido com \u00e1cidos graxos para ajudar a manter a sa\u00fade cont\u00ednua da pele.<\/p>\n<p>Sua formula\u00e7\u00e3o exclusiva e o complexo Histaguard, traz como benef\u00edcio a melhoria vis\u00edvel da pele em 21 dias em\u00a0<strong>c\u00e3es com sensibilidade alimentar<\/strong>, ajuda a reduzir a coceira noturna e a melhorar a qualidade do sono, al\u00e9m de realizar o suporte \u00e0 barreira da pele contra irritantes ambientais durante todo o ano.<\/p>\n<h3>O que pode causar coceira em cachorro e gato?<\/h3>\n<p>A coceira \u00e9 um h\u00e1bito comum para c\u00e3es e gatos. No entanto, ao notar a intensidade das coceiras, \u00e9 fundamental avaliar a presen\u00e7a de outros sinais cl\u00ednicos, como, por exemplo:<\/p>\n<ul>\n<li>queda de pelo;<\/li>\n<li>pele com descama\u00e7\u00e3o, avermelhada e irritada;<\/li>\n<li>les\u00f5es ou feridas pelo corpo;<\/li>\n<li>o animal se co\u00e7ando e se mordendo com maior frequ\u00eancia.<\/li>\n<\/ul>\n<p>Existem diversas causas para coceira em cachorro, mas \u00e9 importante ressaltar que somente um profissional capacitado como o veterin\u00e1rio pode diagnosticar a real causa da coceira no seu animal, por meio de exames f\u00edsicos. Portanto, ao perceber qualquer altera\u00e7\u00e3o no comportamento do seu pet, leve-o at\u00e9 um m\u00e9dico-veterin\u00e1rio assim que poss\u00edvel.<\/p>\n<h3>Composi\u00e7\u00e3o B\u00e1sica<\/h3>\n<p>Arroz Integral, Quirera de Arroz, Ovo Em P\u00f3, Prote\u00edna Isolada de Arroz, \u00d3leo de Soja Refinado*, Gr\u00e3o de Linha\u00e7a, Hidrolisado de Carne de Aves, Polpa Desidratada de Beterraba, \u00d3leo Branqueado e Desodorizado de Peixes, \u00d3leo de Coco, \u00c1cido L\u00e1tico, Fosfato Bic\u00e1lcico, Cloreto de Pot\u00e1ssio, Carbonato de C\u00e1lcio, \u00c1cido Alfa-Lip\u00f3ico (ALA), Cloreto de S\u00f3dio, Vitaminas (Acetato de DL-Alfa-Tocoferol (E), \u00c1cido Asc\u00f3rbico Polifosfato (C), Niacina (B3), Mononitrato de Tiamina (B1), Retinol (A), D-Pantotenato de C\u00e1lcio (B5), Riboflavina (B2), Biotina (B7), Cianocobalamina (B12), Cloridrato de Piridoxina (B6), \u00c1cido F\u00f3lico (B9), Colecalciferol (D3)), Ervilha Mo\u00edda Desidratada, Taurina, Ma\u00e7\u00e3, Extrato de Arando, Cloreto de Colina, Cenoura, DL-Metionina, Extrato de Ch\u00e1 Verde, Extrato de Alecrim, Extrato de Menta, Hortel\u00e3 (Mentha spp.), Minerais (Sulfato Ferroso, \u00d3xido de Zinco, Sulfato de Cobre, \u00d3xido de Mangan\u00eas, Iodato de C\u00e1lcio, Selenito de S\u00f3dio), Concentrado de Tocofer\u00f3is, Br\u00f3colis Desidratado, Betacaroteno.<\/p>","protected":false},"excerpt":{"rendered":"<p>Ra\u00e7\u00e3o Hill&#8217;s Prescription Diet Derm Complete A\u00a0Ra\u00e7\u00e3o Hill&#8217;s Prescription Diet Derm Complete\u00a0\u00e9 um alimento pensado e produzido para ajudar a controlar com efic\u00e1cia a coceira em c\u00e3es com sensibilidade ambiental ou alimentar, sabor arroz e ovo, ela fornece toda a nutri\u00e7\u00e3o que o seu c\u00e3o precisa e pode ser usada a longo prazo. Hill&#8217;s Prescription [&hellip;]<\/p>\n","protected":false},"featured_media":1410789749,"comment_status":"open","ping_status":"closed","template":"","meta":{"googlesitekit_rrm_CAow0N7NCw:productID":"","content-type":"","pmpro_default_level":"","_themeisle_gutenberg_block_has_review":false},"product_brand":[378],"product_cat":[259],"product_tag":[],"class_list":{"0":"post-1410789750","1":"product","2":"type-product","3":"status-publish","4":"has-post-thumbnail","6":"product_brand-hills","7":"product_cat-racoes-alimento-petisco-e-suplemento-caes","8":"pmpro-has-access","10":"first","11":"outofstock","12":"taxable","13":"shipping-taxable","14":"purchasable","15":"product-type-simple"},"_links":{"self":[{"href":"https:\/\/dinhosreef.com\/en\/wp-json\/wp\/v2\/product\/1410789750","targetHints":{"allow":["GET"]}}],"collection":[{"href":"https:\/\/dinhosreef.com\/en\/wp-json\/wp\/v2\/product"}],"about":[{"href":"https:\/\/dinhosreef.com\/en\/wp-json\/wp\/v2\/types\/product"}],"replies":[{"embeddable":true,"href":"https:\/\/dinhosreef.com\/en\/wp-json\/wp\/v2\/comments?post=1410789750"}],"wp:featuredmedia":[{"embeddable":true,"href":"https:\/\/dinhosreef.com\/en\/wp-json\/wp\/v2\/media\/1410789749"}],"wp:attachment":[{"href":"https:\/\/dinhosreef.com\/en\/wp-json\/wp\/v2\/media?parent=1410789750"}],"wp:term":[{"taxonomy":"product_brand","embeddable":true,"href":"https:\/\/dinhosreef.com\/en\/wp-json\/wp\/v2\/product_brand?post=1410789750"},{"taxonomy":"product_cat","embeddable":true,"href":"https:\/\/dinhosreef.com\/en\/wp-json\/wp\/v2\/product_cat?post=1410789750"},{"taxonomy":"product_tag","embeddable":true,"href":"https:\/\/dinhosreef.com\/en\/wp-json\/wp\/v2\/product_tag?post=1410789750"}],"curies":[{"name":"wp","href":"https:\/\/api.w.org\/{rel}","templated":true}]}}