{"id":1410789777,"date":"2026-03-12T09:21:05","date_gmt":"2026-03-12T12:21:05","guid":{"rendered":"https:\/\/dinhosreef.com\/produto\/colirio-lubrificante-p-caes-lacri-colirio-15-ml\/"},"modified":"2026-03-12T15:15:32","modified_gmt":"2026-03-12T18:15:32","slug":"colirio-lubrificante-p-caes-lacri-colirio-15-ml","status":"publish","type":"product","link":"https:\/\/dinhosreef.com\/en\/product\/colirio-lubrificante-p-caes-lacri-colirio-15-ml\/","title":{"rendered":"COL\u00cdRIO LUBRIFICANTE P\/ C\u00c3ES LACRI COLIRIO 15 ML"},"content":{"rendered":"<h2>Lacri: col\u00edrio para c\u00e3es<\/h2>\n<p>O\u00a0<strong>Lacri &#8211; col\u00edrio para c\u00e3es<\/strong>\u00a0\u00e9 uma solu\u00e7\u00e3o desenvolvida pelo laborat\u00f3rio\u00a0<strong>Agener Sa\u00fade Animal<\/strong> que promove o bem-estar ocular do seu animal. Seu uso \u00e9 indicado para o al\u00edvio de sintomas de ceratoconjuntivite seca (olho seco) e disfun\u00e7\u00f5es lacrimais em c\u00e3es.<\/p>\n<h2>Lacri col\u00edrio para que serve?<\/h2>\n<p>Al\u00e9m de ser o rem\u00e9dio ideal para o tratamento de olho seco em cachorro, o\u00a0<strong>Lacri col\u00edrio<\/strong> serve para os seguintes casos: c\u00e3es com produ\u00e7\u00e3o lacrimal diminu\u00edda em virtude da idade, durante procedimentos cir\u00fargicos, endocrinopatias (Diabetes mellitus, Hiperadrenocorticismo), pacientes at\u00f3picos e com Sarna Demod\u00e9cica.<\/p>\n<h3>Lacri col\u00edrio: composi\u00e7\u00e3o b\u00e1sica<\/h3>\n<p>Cada 1ml de Lacri col\u00edrio cont\u00e9m:<\/p>\n<ul>\n<li>Carboximetilcelulose s\u00f3dica: 5mg;<\/li>\n<li>Excipientes q.s.p.: 1ml.<\/li>\n<\/ul>\n<h3>Lacri col\u00edrio: modo de uso<\/h3>\n<p>O\u00a0<strong>Lacri col\u00edrio<\/strong>\u00a0\u00e9 um medicamento para c\u00e3es de uso t\u00f3pico. O recomendado pela fabricante \u00e9 pingar uma gota da solu\u00e7\u00e3o em cada olho afetado, quatro vezes ao dia, durante 7 dias. Entretanto, esse tempo de tratamento pode variar de acordo com a gravidade da doen\u00e7a ou orienta\u00e7\u00e3o de um m\u00e9dico-veterin\u00e1rio de confian\u00e7a.<\/p>\n<p>Durante o uso do col\u00edrio para c\u00e3es, evite o contato com o conta-gotas para evitar contamina\u00e7\u00e3o do medicamento. Al\u00e9m disso, ao fazer a aplica\u00e7\u00e3o, n\u00e3o encoste a ponta do dosador no olho do seu animal de estima\u00e7\u00e3o. Por fim, mantenha o frasco sempre fechado ap\u00f3s o uso.<\/p>\n<h3>Col\u00edrio lacri c\u00e3es: contraindica\u00e7\u00f5es<\/h3>\n<p>A administra\u00e7\u00e3o do\u00a0<strong>col\u00edrio Lacri c\u00e3es<\/strong>\u00a0\u00e9 contraindicado em animais que possuem hipersensibilidade aos componentes da f\u00f3rmula. Para mais informa\u00e7\u00f5es, consulte a\u00a0<strong>bula do Lacri col\u00edrio<\/strong>.<\/p>\n<h3>Col\u00edrio Lacri: efeitos colaterais<\/h3>\n<p>Durante o per\u00edodo de tratamento de olho seco ou disfun\u00e7\u00f5es lacrimais com o\u00a0<strong>Col\u00edrio Lacri<\/strong>, o seu animal de estima\u00e7\u00e3o pode apresentar as seguintes rea\u00e7\u00f5es adversas:<\/p>\n<ul>\n<li>Blefaroespasmo (olho fechado);<\/li>\n<li>Hiperemia (avermelhamento).<\/li>\n<\/ul>\n<h3>Lacri col\u00edrio: cuidados com a conserva\u00e7\u00e3o<\/h3>\n<p>De acordo com a fabricante, o\u00a0<strong>Lacri col\u00edrio<\/strong> para c\u00e3es deve ser usado em at\u00e9 120 dias, ap\u00f3s a abertura do frasco. Para conservar melhor o medicamento, mantenha a embalagem fora do alcance de crian\u00e7as, animais de estima\u00e7\u00e3o, em local fresco e protegido do sol.<\/p>\n<h3>Lacri col\u00edrio tem a qualidade Agener Uni\u00e3o Sa\u00fade Animal<\/h3>\n<p>A\u00a0<strong>Agener Uni\u00e3o Sa\u00fade Animal<\/strong> \u00e9 uma das maiores farmac\u00eauticas nacionais dedicadas \u00e0 sa\u00fade dos animais. Fundada nos anos 2000, ela se destaca por oferecer medicamentos de qualidade para c\u00e3es, gatos e outros animais.<\/p>","protected":false},"excerpt":{"rendered":"<p>Lacri: col\u00edrio para c\u00e3es O\u00a0Lacri &#8211; col\u00edrio para c\u00e3es\u00a0\u00e9 uma solu\u00e7\u00e3o desenvolvida pelo laborat\u00f3rio\u00a0Agener Sa\u00fade Animal que promove o bem-estar ocular do seu animal. Seu uso \u00e9 indicado para o al\u00edvio de sintomas de ceratoconjuntivite seca (olho seco) e disfun\u00e7\u00f5es lacrimais em c\u00e3es. Lacri col\u00edrio para que serve? Al\u00e9m de ser o rem\u00e9dio ideal para [&hellip;]<\/p>\n","protected":false},"featured_media":1410789776,"comment_status":"open","ping_status":"closed","template":"","meta":{"googlesitekit_rrm_CAow0N7NCw:productID":"","content-type":"","pmpro_default_level":"","_themeisle_gutenberg_block_has_review":false},"product_brand":[431],"product_cat":[367],"product_tag":[],"class_list":{"0":"post-1410789777","1":"product","2":"type-product","3":"status-publish","4":"has-post-thumbnail","6":"product_brand-agener-uniao","7":"product_cat-suplementos-e-vitaminas","8":"pmpro-has-access","10":"first","11":"instock","12":"taxable","13":"shipping-taxable","14":"purchasable","15":"product-type-simple"},"_links":{"self":[{"href":"https:\/\/dinhosreef.com\/en\/wp-json\/wp\/v2\/product\/1410789777","targetHints":{"allow":["GET"]}}],"collection":[{"href":"https:\/\/dinhosreef.com\/en\/wp-json\/wp\/v2\/product"}],"about":[{"href":"https:\/\/dinhosreef.com\/en\/wp-json\/wp\/v2\/types\/product"}],"replies":[{"embeddable":true,"href":"https:\/\/dinhosreef.com\/en\/wp-json\/wp\/v2\/comments?post=1410789777"}],"wp:featuredmedia":[{"embeddable":true,"href":"https:\/\/dinhosreef.com\/en\/wp-json\/wp\/v2\/media\/1410789776"}],"wp:attachment":[{"href":"https:\/\/dinhosreef.com\/en\/wp-json\/wp\/v2\/media?parent=1410789777"}],"wp:term":[{"taxonomy":"product_brand","embeddable":true,"href":"https:\/\/dinhosreef.com\/en\/wp-json\/wp\/v2\/product_brand?post=1410789777"},{"taxonomy":"product_cat","embeddable":true,"href":"https:\/\/dinhosreef.com\/en\/wp-json\/wp\/v2\/product_cat?post=1410789777"},{"taxonomy":"product_tag","embeddable":true,"href":"https:\/\/dinhosreef.com\/en\/wp-json\/wp\/v2\/product_tag?post=1410789777"}],"curies":[{"name":"wp","href":"https:\/\/api.w.org\/{rel}","templated":true}]}}