{"id":1410789779,"date":"2026-03-12T09:21:19","date_gmt":"2026-03-12T12:21:19","guid":{"rendered":"https:\/\/dinhosreef.com\/produto\/suplemento-alimentar-p-caes-e-gatos-lacri-caps-pet-40-caps\/"},"modified":"2026-03-12T15:15:06","modified_gmt":"2026-03-12T18:15:06","slug":"suplemento-alimentar-p-caes-e-gatos-lacri-caps-pet-40-caps","status":"publish","type":"product","link":"https:\/\/dinhosreef.com\/en\/product\/suplemento-alimentar-p-caes-e-gatos-lacri-caps-pet-40-caps\/","title":{"rendered":"SUPLEMENTO ALIMENTAR P\/ C\u00c3ES E GATOS LACRI CAPS PET 40 CAPS"},"content":{"rendered":"<h2>Suplemento Alimentar Lacri Caps Pet Agener<\/h2>\n<p>O\u00a0<strong>Suplemento Alimentar Lacri Caps Pet Agener<\/strong>\u00a0foi desenvolvido para ser a solu\u00e7\u00e3o ideal para promover a sa\u00fade ocular de c\u00e3es e gatos que tenham olhos sens\u00edveis.<\/p>\n<p>Com uma f\u00f3rmula segura e eficaz, o\u00a0<strong>Suplemento Lacri Caps<\/strong> \u00e9 composto por vitaminas, amino\u00e1cidos, polifen\u00f3is e \u00e1cidos graxos essenciais derivados dos peixes marinhos e \u00f3leo de borragem que ajudam a proteger e hidratar os olhos al\u00e9m de prevenir problemas oculares.<\/p>\n<h3>Modo de uso<\/h3>\n<p>Oral.<br \/>Administrar a c\u00e1psula inteira ou o conte\u00fado da c\u00e1psula de acordo com a seguinte dose: 1 c\u00e1psula ao dia para c\u00e3es e gatos de at\u00e9 10kg de peso.<\/p>\n<h3>Composi\u00e7\u00e3o<\/h3>\n<p>Lute\u00edna, Zeaxantina, \u00d4mega 3 (EPA+DHA), \u00d3leo de Borragem, Taurina, Vitamina D3, Vitamina C, Vitamina E, Cromo Quelato.<\/p>","protected":false},"excerpt":{"rendered":"<p>Suplemento Alimentar Lacri Caps Pet Agener O\u00a0Suplemento Alimentar Lacri Caps Pet Agener\u00a0foi desenvolvido para ser a solu\u00e7\u00e3o ideal para promover a sa\u00fade ocular de c\u00e3es e gatos que tenham olhos sens\u00edveis. Com uma f\u00f3rmula segura e eficaz, o\u00a0Suplemento Lacri Caps \u00e9 composto por vitaminas, amino\u00e1cidos, polifen\u00f3is e \u00e1cidos graxos essenciais derivados dos peixes marinhos e [&hellip;]<\/p>\n","protected":false},"featured_media":1410789778,"comment_status":"open","ping_status":"closed","template":"","meta":{"googlesitekit_rrm_CAow0N7NCw:productID":"","content-type":"","pmpro_default_level":"","_themeisle_gutenberg_block_has_review":false},"product_brand":[431],"product_cat":[430],"product_tag":[],"class_list":{"0":"post-1410789779","1":"product","2":"type-product","3":"status-publish","4":"has-post-thumbnail","6":"product_brand-agener-uniao","7":"product_cat-suplementos-e-vitaminas-alimento-petisco-e-suplemento","8":"pmpro-has-access","10":"first","11":"instock","12":"taxable","13":"shipping-taxable","14":"purchasable","15":"product-type-simple"},"_links":{"self":[{"href":"https:\/\/dinhosreef.com\/en\/wp-json\/wp\/v2\/product\/1410789779","targetHints":{"allow":["GET"]}}],"collection":[{"href":"https:\/\/dinhosreef.com\/en\/wp-json\/wp\/v2\/product"}],"about":[{"href":"https:\/\/dinhosreef.com\/en\/wp-json\/wp\/v2\/types\/product"}],"replies":[{"embeddable":true,"href":"https:\/\/dinhosreef.com\/en\/wp-json\/wp\/v2\/comments?post=1410789779"}],"wp:featuredmedia":[{"embeddable":true,"href":"https:\/\/dinhosreef.com\/en\/wp-json\/wp\/v2\/media\/1410789778"}],"wp:attachment":[{"href":"https:\/\/dinhosreef.com\/en\/wp-json\/wp\/v2\/media?parent=1410789779"}],"wp:term":[{"taxonomy":"product_brand","embeddable":true,"href":"https:\/\/dinhosreef.com\/en\/wp-json\/wp\/v2\/product_brand?post=1410789779"},{"taxonomy":"product_cat","embeddable":true,"href":"https:\/\/dinhosreef.com\/en\/wp-json\/wp\/v2\/product_cat?post=1410789779"},{"taxonomy":"product_tag","embeddable":true,"href":"https:\/\/dinhosreef.com\/en\/wp-json\/wp\/v2\/product_tag?post=1410789779"}],"curies":[{"name":"wp","href":"https:\/\/api.w.org\/{rel}","templated":true}]}}