{"id":1410789781,"date":"2026-03-12T09:21:25","date_gmt":"2026-03-12T12:21:25","guid":{"rendered":"https:\/\/dinhosreef.com\/produto\/suplemento-alimentar-p-caes-e-gatos-qpelo-pet-40-comp\/"},"modified":"2026-03-12T15:14:29","modified_gmt":"2026-03-12T18:14:29","slug":"suplemento-alimentar-p-caes-e-gatos-qpelo-pet-40-comp","status":"publish","type":"product","link":"https:\/\/dinhosreef.com\/en\/product\/suplemento-alimentar-p-caes-e-gatos-qpelo-pet-40-comp\/","title":{"rendered":"SUPLEMENTO ALIMENTAR P\/ C\u00c3ES E GATOS QPELO PET 40 COMP"},"content":{"rendered":"<h2>QPelo Pet Suplemento Alimentar para C\u00e3es e Gatos<\/h2>\n<p>O\u00a0<strong>QPelo Pet Suplemento Alimentar para C\u00e3es e Gatos<\/strong>\u00a0\u00e9 indicado para o fortalecimento da pelagem dos animais. Sua f\u00f3rmula foi desenvolvida para ajudar no combate \u00e0 queda de pelos, estimular o crescimento e promover a nutri\u00e7\u00e3o adequada, cuidando do organismo do pet de dentro para fora.<\/p>\n<p>A\u00a0<strong>queda de pelos em c\u00e3es e gatos<\/strong> \u00e9 um problema muito comum, podendo ser causada por estresse, ansiedade, problemas nutricionais ou at\u00e9 mesmo alergias. Com o tratamento correto, \u00e9 poss\u00edvel obter uma pelagem mais forte e brilhante. O QPelo Pet cont\u00e9m Biotina, Cistina, Extrato de Leveduras, Vitaminas e Minerais, que s\u00e3o grandes aliados na manuten\u00e7\u00e3o e nutri\u00e7\u00e3o dos pelos e da pele, resultando em uma pelagem saud\u00e1vel, forte e brilhante!<\/p>\n<h3>Composi\u00e7\u00e3o<\/h3>\n<p>Biotina, Cistina, Extrato de leveduras, Vitamina B12, Vitamina B6, Vitamina B5, Vitamina B3, Vitamina B2, Vitamina B1, Vitamina A, Vitamina C, Vitamina D3, Vitamina E, Ferro, Zinco, Magn\u00e9sio,<\/p>","protected":false},"excerpt":{"rendered":"<p>QPelo Pet Suplemento Alimentar para C\u00e3es e Gatos O\u00a0QPelo Pet Suplemento Alimentar para C\u00e3es e Gatos\u00a0\u00e9 indicado para o fortalecimento da pelagem dos animais. Sua f\u00f3rmula foi desenvolvida para ajudar no combate \u00e0 queda de pelos, estimular o crescimento e promover a nutri\u00e7\u00e3o adequada, cuidando do organismo do pet de dentro para fora. A\u00a0queda de [&hellip;]<\/p>\n","protected":false},"featured_media":1410789780,"comment_status":"open","ping_status":"closed","template":"","meta":{"googlesitekit_rrm_CAow0N7NCw:productID":"","content-type":"","pmpro_default_level":"","_themeisle_gutenberg_block_has_review":false},"product_brand":[431],"product_cat":[423,424,367],"product_tag":[],"class_list":{"0":"post-1410789781","1":"product","2":"type-product","3":"status-publish","4":"has-post-thumbnail","6":"product_brand-agener-uniao","7":"product_cat-framacia-caes","8":"product_cat-framacia-gatos","9":"product_cat-suplementos-e-vitaminas","10":"pmpro-has-access","12":"first","13":"instock","14":"taxable","15":"shipping-taxable","16":"purchasable","17":"product-type-simple"},"_links":{"self":[{"href":"https:\/\/dinhosreef.com\/en\/wp-json\/wp\/v2\/product\/1410789781","targetHints":{"allow":["GET"]}}],"collection":[{"href":"https:\/\/dinhosreef.com\/en\/wp-json\/wp\/v2\/product"}],"about":[{"href":"https:\/\/dinhosreef.com\/en\/wp-json\/wp\/v2\/types\/product"}],"replies":[{"embeddable":true,"href":"https:\/\/dinhosreef.com\/en\/wp-json\/wp\/v2\/comments?post=1410789781"}],"wp:featuredmedia":[{"embeddable":true,"href":"https:\/\/dinhosreef.com\/en\/wp-json\/wp\/v2\/media\/1410789780"}],"wp:attachment":[{"href":"https:\/\/dinhosreef.com\/en\/wp-json\/wp\/v2\/media?parent=1410789781"}],"wp:term":[{"taxonomy":"product_brand","embeddable":true,"href":"https:\/\/dinhosreef.com\/en\/wp-json\/wp\/v2\/product_brand?post=1410789781"},{"taxonomy":"product_cat","embeddable":true,"href":"https:\/\/dinhosreef.com\/en\/wp-json\/wp\/v2\/product_cat?post=1410789781"},{"taxonomy":"product_tag","embeddable":true,"href":"https:\/\/dinhosreef.com\/en\/wp-json\/wp\/v2\/product_tag?post=1410789781"}],"curies":[{"name":"wp","href":"https:\/\/api.w.org\/{rel}","templated":true}]}}