{"id":1410789816,"date":"2026-03-14T09:55:04","date_gmt":"2026-03-14T12:55:04","guid":{"rendered":"https:\/\/dinhosreef.com\/produto\/racao-quatree-supreme-gatos-castrado-senior-7-10-1kg\/"},"modified":"2026-04-15T11:25:37","modified_gmt":"2026-04-15T14:25:37","slug":"racao-quatree-supreme-gatos-castrado-senior-7-10-1kg","status":"publish","type":"product","link":"https:\/\/dinhosreef.com\/en\/product\/racao-quatree-supreme-gatos-castrado-senior-7-10-1kg\/","title":{"rendered":"RA\u00c7\u00c3O QUATREE SUPREME GATOS CASTRADO SENIOR +7 10.1KG"},"content":{"rendered":"<h2>Ra\u00e7\u00e3o Quatree Supreme Gatos Castrados S\u00eanior<\/h2>\n<p>A\u00a0<strong>Ra\u00e7\u00e3o Quatree Supreme Gatos Castrados S\u00eanior<\/strong>\u00a0\u00e9 um alimento Super Premium especialmente desenvolvido para atender \u00e0s necessidades dos gatos maduros e castrados. Com conservantes 100% naturais e livre de transg\u00eanicos, oferece alta digestibilidade e absor\u00e7\u00e3o de nutrientes essenciais. Sua f\u00f3rmula equilibrada promove a sa\u00fade dos rins, cora\u00e7\u00e3o e vis\u00e3o, al\u00e9m de contribuir para a manuten\u00e7\u00e3o do peso ideal e preven\u00e7\u00e3o de bolas de pelos.<\/p>\n<p>Enriquecida com DHA, taurina, L-carnitina e condroprotetores, a\u00a0<strong>Ra\u00e7\u00e3o Supreme para Gatos Castrados Quatree<\/strong> auxilia no bom funcionamento cerebral, card\u00edaco e articular. Possui tamb\u00e9m controle do pH urin\u00e1rio, minerais balanceados e antioxidantes naturais como ma\u00e7\u00e3, ch\u00e1 verde, vitaminas C e E e sel\u00eanio, que fortalecem o sistema imunol\u00f3gico e retardam os efeitos do envelhecimento. Ideal para garantir longevidade e bem-estar ao seu gato s\u00eanior castrado.<\/p>\n<h3>Composi\u00e7\u00e3o B\u00e1sica<\/h3>\n<p>Farinha de v\u00edsceras de frango (m\u00edn. 25%), farinha de salm\u00e3o (m\u00edn. 0,5%), farinha de torresmo, ovo em p\u00f3, arroz quebrado, gr\u00e3o de sorgo, farinha de batata-doce (m\u00edn. 0,5%), \u00f3leo de aves, gordura su\u00edna, gr\u00e3o de linha\u00e7a, polpa desidratada de beterraba (m\u00edn. 1,0%), levedura de cervejaria inativada desidratada, celulose, lignocelulose, inulina (FOS) (m\u00edn. 0,15%), mananoligossacar\u00eddeo (MOS) (m\u00edn. 0,1%), hexametafosfato de s\u00f3dio (m\u00edn. 0,1%), biomassa de microalgas (Schizochytrium sp. &#8211; DHA) (m\u00edn. 0,05%), sulfato de glicosamina (m\u00edn. 0,05%), sulfato de condroitina (m\u00edn. 0,01%), extrato de yucca (m\u00edn. 0,05%), ze\u00f3lita, bentonita, taurina, DL-metionina, lisina, L-carnitina (m\u00edn. 0,025%), ma\u00e7\u00e3 desidratada (m\u00edn. 0,05%), extrato de ch\u00e1 verde (m\u00edn. 0,01%), parede celular de levedura (fonte de beta-glucanas 1,3-1,6) (m\u00edn. 0,04%), levedura enriquecida com sel\u00eanio, extrato de alecrim, tocoferol (concentrado), hidrolisado de f\u00edgado de aves e su\u00edno, cloreto de pot\u00e1ssio, cloreto de s\u00f3dio, \u00e1cido c\u00edtrico, \u00e1cido fosf\u00f3rico, vitamina A, vitamina D3, vitamina E, vitamina K3, vitamina C, vitamina B1, vitamina B2, vitamina B6, vitamina B12, niacina (\u00e1cido nicot\u00ednico), cloreto de colina, \u00e1cido f\u00f3lico, biotina, D-pantotenato de c\u00e1lcio, sulfato de cobre monohidratado, sulfato de ferro, sulfato de mangan\u00eas, sulfato de zinco, iodato de c\u00e1lcio, selenito de s\u00f3dio, proteinato de mangan\u00eas, proteinato de sel\u00eanio, proteinato de zinco.<\/p>","protected":false},"excerpt":{"rendered":"<p>Ra\u00e7\u00e3o Quatree Supreme Gatos Castrados S\u00eanior A\u00a0Ra\u00e7\u00e3o Quatree Supreme Gatos Castrados S\u00eanior\u00a0\u00e9 um alimento Super Premium especialmente desenvolvido para atender \u00e0s necessidades dos gatos maduros e castrados. Com conservantes 100% naturais e livre de transg\u00eanicos, oferece alta digestibilidade e absor\u00e7\u00e3o de nutrientes essenciais. Sua f\u00f3rmula equilibrada promove a sa\u00fade dos rins, cora\u00e7\u00e3o e vis\u00e3o, al\u00e9m [&hellip;]<\/p>\n","protected":false},"featured_media":1410789815,"comment_status":"open","ping_status":"closed","template":"","meta":{"googlesitekit_rrm_CAow0N7NCw:productID":"","content-type":"","pmpro_default_level":"","_themeisle_gutenberg_block_has_review":false},"product_brand":[336],"product_cat":[256],"product_tag":[],"class_list":{"0":"post-1410789816","1":"product","2":"type-product","3":"status-publish","4":"has-post-thumbnail","6":"product_brand-quatree","7":"product_cat-racoes","8":"pmpro-has-access","10":"first","11":"outofstock","12":"taxable","13":"shipping-taxable","14":"purchasable","15":"product-type-simple"},"_links":{"self":[{"href":"https:\/\/dinhosreef.com\/en\/wp-json\/wp\/v2\/product\/1410789816","targetHints":{"allow":["GET"]}}],"collection":[{"href":"https:\/\/dinhosreef.com\/en\/wp-json\/wp\/v2\/product"}],"about":[{"href":"https:\/\/dinhosreef.com\/en\/wp-json\/wp\/v2\/types\/product"}],"replies":[{"embeddable":true,"href":"https:\/\/dinhosreef.com\/en\/wp-json\/wp\/v2\/comments?post=1410789816"}],"wp:featuredmedia":[{"embeddable":true,"href":"https:\/\/dinhosreef.com\/en\/wp-json\/wp\/v2\/media\/1410789815"}],"wp:attachment":[{"href":"https:\/\/dinhosreef.com\/en\/wp-json\/wp\/v2\/media?parent=1410789816"}],"wp:term":[{"taxonomy":"product_brand","embeddable":true,"href":"https:\/\/dinhosreef.com\/en\/wp-json\/wp\/v2\/product_brand?post=1410789816"},{"taxonomy":"product_cat","embeddable":true,"href":"https:\/\/dinhosreef.com\/en\/wp-json\/wp\/v2\/product_cat?post=1410789816"},{"taxonomy":"product_tag","embeddable":true,"href":"https:\/\/dinhosreef.com\/en\/wp-json\/wp\/v2\/product_tag?post=1410789816"}],"curies":[{"name":"wp","href":"https:\/\/api.w.org\/{rel}","templated":true}]}}