{"id":1410789823,"date":"2026-03-14T12:57:22","date_gmt":"2026-03-14T15:57:22","guid":{"rendered":"https:\/\/dinhosreef.com\/produto\/sabonete-para-caes-rex-anti-pulgas-80gr\/"},"modified":"2026-03-14T12:57:22","modified_gmt":"2026-03-14T15:57:22","slug":"sabonete-para-caes-rex-anti-pulgas-80gr","status":"publish","type":"product","link":"https:\/\/dinhosreef.com\/en\/product\/sabonete-para-caes-rex-anti-pulgas-80gr\/","title":{"rendered":"SABONETE PARA C\u00c3ES REX ANTI PULGAS 80GR"},"content":{"rendered":"<p>Sabonete REX \u00e9 indicado para c\u00e3es acima de 8 meses de idade na higiene e controle de pulgas, carrapatos, piolhos e sarnas. Modo de usar: Aplicar em todo o corpo do animal, molhado inicialmente, massagear bem e deixar o produto atuar por 10 minutos e enxaguar com \u00e1gua corrente. Para um melhor resultado repetir a opera\u00e7\u00e3o. Desembara\u00e7ar os pelos e seca-los. Evitar o contato com os olhos, caso haja, lavar abundantemente com \u00e1gua corrente.<\/p>","protected":false},"excerpt":{"rendered":"<p>Sabonete REX \u00e9 indicado para c\u00e3es acima de 8 meses de idade na higiene e controle de pulgas, carrapatos, piolhos e sarnas. Modo de usar: Aplicar em todo o corpo do animal, molhado inicialmente, massagear bem e deixar o produto atuar por 10 minutos e enxaguar com \u00e1gua corrente. Para um melhor resultado repetir a [&hellip;]<\/p>\n","protected":false},"featured_media":1410789822,"comment_status":"open","ping_status":"closed","template":"","meta":{"googlesitekit_rrm_CAow0N7NCw:productID":"","content-type":"","pmpro_default_level":"","_themeisle_gutenberg_block_has_review":false},"product_brand":[],"product_cat":[164],"product_tag":[],"class_list":{"0":"post-1410789823","1":"product","2":"type-product","3":"status-publish","4":"has-post-thumbnail","6":"product_cat-pet-shop","7":"pmpro-has-access","9":"first","10":"instock","11":"taxable","12":"shipping-taxable","13":"purchasable","14":"product-type-simple"},"_links":{"self":[{"href":"https:\/\/dinhosreef.com\/en\/wp-json\/wp\/v2\/product\/1410789823","targetHints":{"allow":["GET"]}}],"collection":[{"href":"https:\/\/dinhosreef.com\/en\/wp-json\/wp\/v2\/product"}],"about":[{"href":"https:\/\/dinhosreef.com\/en\/wp-json\/wp\/v2\/types\/product"}],"replies":[{"embeddable":true,"href":"https:\/\/dinhosreef.com\/en\/wp-json\/wp\/v2\/comments?post=1410789823"}],"wp:featuredmedia":[{"embeddable":true,"href":"https:\/\/dinhosreef.com\/en\/wp-json\/wp\/v2\/media\/1410789822"}],"wp:attachment":[{"href":"https:\/\/dinhosreef.com\/en\/wp-json\/wp\/v2\/media?parent=1410789823"}],"wp:term":[{"taxonomy":"product_brand","embeddable":true,"href":"https:\/\/dinhosreef.com\/en\/wp-json\/wp\/v2\/product_brand?post=1410789823"},{"taxonomy":"product_cat","embeddable":true,"href":"https:\/\/dinhosreef.com\/en\/wp-json\/wp\/v2\/product_cat?post=1410789823"},{"taxonomy":"product_tag","embeddable":true,"href":"https:\/\/dinhosreef.com\/en\/wp-json\/wp\/v2\/product_tag?post=1410789823"}],"curies":[{"name":"wp","href":"https:\/\/api.w.org\/{rel}","templated":true}]}}