{"id":1410789825,"date":"2026-03-14T12:58:19","date_gmt":"2026-03-14T15:58:19","guid":{"rendered":"https:\/\/dinhosreef.com\/produto\/sabonete-para-caes-powerpets-pelos-escuros-80g\/"},"modified":"2026-03-14T12:58:19","modified_gmt":"2026-03-14T15:58:19","slug":"sabonete-para-caes-powerpets-pelos-escuros-80g","status":"publish","type":"product","link":"https:\/\/dinhosreef.com\/en\/product\/sabonete-para-caes-powerpets-pelos-escuros-80g\/","title":{"rendered":"SABONETE PARA C\u00c3ES POWERPETS PELOS ESCUROS 80G"},"content":{"rendered":"<h2 class=\"sc-dcJsrY iVJGKX\" data-testid=\"product-detail-label\">nforma\u00e7\u00f5es do Produto<\/h2>\n<p><span class=\"sc-dcJsrY jZKEso\" data-testid=\"product-detail-title\">Sabonete Powerpet Pelos Escuros 80g Limpeza perfume p +tempo<\/span><\/p>\n<div class=\"sc-iGgWBj jEOEJZ sc-kfrMjd kYKBas\" data-testid=\"product-detail-description\">\n<div class=\"sc-iGgWBj eWtIHQ sc-cyJUJa iTbzPF\" data-testid=\"rich-content-container\">Desenvolvido com ingredientes suaves e naturais, nosso sabonete n\u00e3o apenas limpa, mas tamb\u00e9m nutre a pele e a pelagem do seu peludo. Cada c\u00e3ozinho \u00e9 \u00fanico, por isso formulamos esse sabonete para atender \u00e0s necessidades espec\u00edficas das diferentes ra\u00e7as e tipos de pelagem. A fragr\u00e2ncia suave deixa seu c\u00e3ozinho com um aroma agrad\u00e1vel, sem ser forte demais para seus sentidos agu\u00e7ados. Ap\u00f3s o banho, seu amigo de quatro patas estar\u00e1 pronto para brincar, abra\u00e7ar e espalhar alegria com a pelagem macia e brilhante. D\u00ea ao seu c\u00e3o n\u00e3o apenas um banho, mas um momento de carinho e bem-estar. Fa\u00e7a parte desse cuidado especial e experimente a diferen\u00e7a que um sabonete pensado exclusivamente para os c\u00e3es pode fazer.<\/div>\n<\/p><\/div>","protected":false},"excerpt":{"rendered":"<p>nforma\u00e7\u00f5es do Produto Sabonete Powerpet Pelos Escuros 80g Limpeza perfume p +tempo Desenvolvido com ingredientes suaves e naturais, nosso sabonete n\u00e3o apenas limpa, mas tamb\u00e9m nutre a pele e a pelagem do seu peludo. Cada c\u00e3ozinho \u00e9 \u00fanico, por isso formulamos esse sabonete para atender \u00e0s necessidades espec\u00edficas das diferentes ra\u00e7as e tipos de pelagem. [&hellip;]<\/p>\n","protected":false},"featured_media":1410789824,"comment_status":"open","ping_status":"closed","template":"","meta":{"googlesitekit_rrm_CAow0N7NCw:productID":"","content-type":"","pmpro_default_level":"","_themeisle_gutenberg_block_has_review":false},"product_brand":[],"product_cat":[164],"product_tag":[],"class_list":{"0":"post-1410789825","1":"product","2":"type-product","3":"status-publish","4":"has-post-thumbnail","6":"product_cat-pet-shop","7":"pmpro-has-access","9":"first","10":"instock","11":"taxable","12":"shipping-taxable","13":"purchasable","14":"product-type-simple"},"_links":{"self":[{"href":"https:\/\/dinhosreef.com\/en\/wp-json\/wp\/v2\/product\/1410789825","targetHints":{"allow":["GET"]}}],"collection":[{"href":"https:\/\/dinhosreef.com\/en\/wp-json\/wp\/v2\/product"}],"about":[{"href":"https:\/\/dinhosreef.com\/en\/wp-json\/wp\/v2\/types\/product"}],"replies":[{"embeddable":true,"href":"https:\/\/dinhosreef.com\/en\/wp-json\/wp\/v2\/comments?post=1410789825"}],"wp:featuredmedia":[{"embeddable":true,"href":"https:\/\/dinhosreef.com\/en\/wp-json\/wp\/v2\/media\/1410789824"}],"wp:attachment":[{"href":"https:\/\/dinhosreef.com\/en\/wp-json\/wp\/v2\/media?parent=1410789825"}],"wp:term":[{"taxonomy":"product_brand","embeddable":true,"href":"https:\/\/dinhosreef.com\/en\/wp-json\/wp\/v2\/product_brand?post=1410789825"},{"taxonomy":"product_cat","embeddable":true,"href":"https:\/\/dinhosreef.com\/en\/wp-json\/wp\/v2\/product_cat?post=1410789825"},{"taxonomy":"product_tag","embeddable":true,"href":"https:\/\/dinhosreef.com\/en\/wp-json\/wp\/v2\/product_tag?post=1410789825"}],"curies":[{"name":"wp","href":"https:\/\/api.w.org\/{rel}","templated":true}]}}