{"id":1410789827,"date":"2026-03-14T13:00:21","date_gmt":"2026-03-14T16:00:21","guid":{"rendered":"https:\/\/dinhosreef.com\/produto\/sabonete-p-caes-procanine-erva-santa-maria-80g\/"},"modified":"2026-03-14T13:00:21","modified_gmt":"2026-03-14T16:00:21","slug":"sabonete-p-caes-procanine-erva-santa-maria-80g","status":"publish","type":"product","link":"https:\/\/dinhosreef.com\/en\/product\/sabonete-p-caes-procanine-erva-santa-maria-80g\/","title":{"rendered":"SABONETE P\/ C\u00c3ES PROCANINE ERVA SANTA MARIA 80G"},"content":{"rendered":"<h2 class=\"sc-dcJsrY iVJGKX\" data-testid=\"product-detail-label\">Informa\u00e7\u00f5es do Produto<\/h2>\n<p><span class=\"sc-dcJsrY jZKEso\" data-testid=\"product-detail-title\">Sabonete para Cachorro Pr\u00f3Canine Erva de Santa Maria 80g<\/span><\/p>\n<div class=\"sc-iGgWBj jEOEJZ sc-kfrMjd kYKBas\" data-testid=\"product-detail-description\">\n<div class=\"sc-iGgWBj eWtIHQ sc-cyJUJa iTbzPF\" data-testid=\"rich-content-container\">\n<p><strong>Sabonete Procanine Santa Maria 80GR<\/strong><\/p>\n<p>O Sabonete Santa Maria 80G<\/p>\n<p>Pr\u00f3Canine. O Sabonete foi criado pensando nos nossos animais dentro de casa<\/p>\n<p>seja ele cachorro ou gato voc\u00ea pode dar banho sem problemas algum. Cuidado para<\/p>\n<p>n\u00e3o deixar cair nos olhos ou na orelha dos seu pet para n\u00e3o machucar eles.<\/p>\n<p>\u00d3tima limpeza<\/p>\n<p>deixando os pelos lisos e macios e sem contar o cheirinho gostoso de sabonete<\/p>\n<p>ap\u00f3s o banho. Procure secar o seu cachorro com o secador de cabelo.<\/p>\n<p><strong>Modo de uso:<\/strong><\/p>\n<p>jogue \u00e1gua no corpo do seu cachorro depois come\u00e7e a passar o sabonete pelo corpo esfregando o corpo inteiro do cachorro espere um tempo e enxague.<\/p>\n<\/p><\/div>\n<\/p><\/div>","protected":false},"excerpt":{"rendered":"<p>Informa\u00e7\u00f5es do Produto Sabonete para Cachorro Pr\u00f3Canine Erva de Santa Maria 80g Sabonete Procanine Santa Maria 80GR O Sabonete Santa Maria 80G Pr\u00f3Canine. O Sabonete foi criado pensando nos nossos animais dentro de casa seja ele cachorro ou gato voc\u00ea pode dar banho sem problemas algum. Cuidado para n\u00e3o deixar cair nos olhos ou na [&hellip;]<\/p>\n","protected":false},"featured_media":1410789826,"comment_status":"open","ping_status":"closed","template":"","meta":{"googlesitekit_rrm_CAow0N7NCw:productID":"","content-type":"","pmpro_default_level":"","_themeisle_gutenberg_block_has_review":false},"product_brand":[],"product_cat":[434],"product_tag":[],"class_list":{"0":"post-1410789827","1":"product","2":"type-product","3":"status-publish","4":"has-post-thumbnail","6":"product_cat-sabonete","7":"pmpro-has-access","9":"first","10":"instock","11":"taxable","12":"shipping-taxable","13":"purchasable","14":"product-type-simple"},"_links":{"self":[{"href":"https:\/\/dinhosreef.com\/en\/wp-json\/wp\/v2\/product\/1410789827","targetHints":{"allow":["GET"]}}],"collection":[{"href":"https:\/\/dinhosreef.com\/en\/wp-json\/wp\/v2\/product"}],"about":[{"href":"https:\/\/dinhosreef.com\/en\/wp-json\/wp\/v2\/types\/product"}],"replies":[{"embeddable":true,"href":"https:\/\/dinhosreef.com\/en\/wp-json\/wp\/v2\/comments?post=1410789827"}],"wp:featuredmedia":[{"embeddable":true,"href":"https:\/\/dinhosreef.com\/en\/wp-json\/wp\/v2\/media\/1410789826"}],"wp:attachment":[{"href":"https:\/\/dinhosreef.com\/en\/wp-json\/wp\/v2\/media?parent=1410789827"}],"wp:term":[{"taxonomy":"product_brand","embeddable":true,"href":"https:\/\/dinhosreef.com\/en\/wp-json\/wp\/v2\/product_brand?post=1410789827"},{"taxonomy":"product_cat","embeddable":true,"href":"https:\/\/dinhosreef.com\/en\/wp-json\/wp\/v2\/product_cat?post=1410789827"},{"taxonomy":"product_tag","embeddable":true,"href":"https:\/\/dinhosreef.com\/en\/wp-json\/wp\/v2\/product_tag?post=1410789827"}],"curies":[{"name":"wp","href":"https:\/\/api.w.org\/{rel}","templated":true}]}}