{"id":1410789833,"date":"2026-03-14T15:29:22","date_gmt":"2026-03-14T18:29:22","guid":{"rendered":"https:\/\/dinhosreef.com\/produto\/torch-dragon-soul\/"},"modified":"2026-03-14T15:32:13","modified_gmt":"2026-03-14T18:32:13","slug":"torch-dragon-soul","status":"publish","type":"product","link":"https:\/\/dinhosreef.com\/en\/product\/torch-dragon-soul\/","title":{"rendered":"Torch Dragon Soul"},"content":{"rendered":"<p>Euphyllia \u00e9 um g\u00eanero de coral pedregoso de p\u00f3lipos grandes. V\u00e1rias esp\u00e9cies s\u00e3o\u00a0<br \/>comumente encontradas em aqu\u00e1rios marinhos. O g\u00eanero inclui as seguintes esp\u00e9cies:\u00a0<br \/>Euphyllia ancora Veron &amp; Pichon, 1980 \u2013 coral de martelo Euphyllia baliensis Turak,\u00a0<br \/>Devantier &amp; Erdman, 2012 \u2013 coral coral \u00a0<br \/>Nome cient\u00edfico: Euphyllia Classifica\u00e7\u00e3o: G\u00eanero Classifica\u00e7\u00e3o superior:\u00a0<br \/>Caryophylliidae Fam\u00edlia: Euphylliidae Classe: Anthozoa Filo: Cnid\u00e1rio\u00a0<br \/>Caracter\u00edsticas\u00a0<br \/>Alimenta\u00e7\u00e3o: F\u00e1cil\u00a0<br \/>Circula\u00e7\u00e3o: M\u00e9dia\u00a0<br \/>Ilumina\u00e7\u00e3o: M\u00e9dia\u00a0<br \/>Dificuldade: M\u00e9dia\u00a0<br \/>Agressivo com outras esp\u00e9cies: M\u00e9dia \u00a0<br \/>Agressivo com mesmo: N\u00e3o<\/p>","protected":false},"excerpt":{"rendered":"<p>Euphyllia \u00e9 um g\u00eanero de coral pedregoso de p\u00f3lipos grandes. V\u00e1rias esp\u00e9cies s\u00e3o\u00a0comumente encontradas em aqu\u00e1rios marinhos. O g\u00eanero inclui as seguintes esp\u00e9cies:\u00a0Euphyllia ancora Veron &amp; Pichon, 1980 \u2013 coral de martelo Euphyllia baliensis Turak,\u00a0Devantier &amp; Erdman, 2012 \u2013 coral coral \u00a0Nome cient\u00edfico: Euphyllia Classifica\u00e7\u00e3o: G\u00eanero Classifica\u00e7\u00e3o superior:\u00a0Caryophylliidae Fam\u00edlia: Euphylliidae Classe: Anthozoa Filo: Cnid\u00e1rio\u00a0Caracter\u00edsticas\u00a0Alimenta\u00e7\u00e3o: F\u00e1cil\u00a0Circula\u00e7\u00e3o: [&hellip;]<\/p>\n","protected":false},"featured_media":1410789832,"comment_status":"open","ping_status":"closed","template":"","meta":{"googlesitekit_rrm_CAow0N7NCw:productID":"","content-type":"","pmpro_default_level":"","_themeisle_gutenberg_block_has_review":false},"product_brand":[],"product_cat":[186,176,177,180],"product_tag":[],"class_list":{"0":"post-1410789833","1":"product","2":"type-product","3":"status-publish","4":"has-post-thumbnail","6":"product_cat-animais-vivos","7":"product_cat-corais","8":"product_cat-lps","9":"product_cat-todos","10":"pmpro-has-access","12":"first","13":"outofstock","14":"taxable","15":"shipping-taxable","16":"purchasable","17":"product-type-simple"},"_links":{"self":[{"href":"https:\/\/dinhosreef.com\/en\/wp-json\/wp\/v2\/product\/1410789833","targetHints":{"allow":["GET"]}}],"collection":[{"href":"https:\/\/dinhosreef.com\/en\/wp-json\/wp\/v2\/product"}],"about":[{"href":"https:\/\/dinhosreef.com\/en\/wp-json\/wp\/v2\/types\/product"}],"replies":[{"embeddable":true,"href":"https:\/\/dinhosreef.com\/en\/wp-json\/wp\/v2\/comments?post=1410789833"}],"wp:featuredmedia":[{"embeddable":true,"href":"https:\/\/dinhosreef.com\/en\/wp-json\/wp\/v2\/media\/1410789832"}],"wp:attachment":[{"href":"https:\/\/dinhosreef.com\/en\/wp-json\/wp\/v2\/media?parent=1410789833"}],"wp:term":[{"taxonomy":"product_brand","embeddable":true,"href":"https:\/\/dinhosreef.com\/en\/wp-json\/wp\/v2\/product_brand?post=1410789833"},{"taxonomy":"product_cat","embeddable":true,"href":"https:\/\/dinhosreef.com\/en\/wp-json\/wp\/v2\/product_cat?post=1410789833"},{"taxonomy":"product_tag","embeddable":true,"href":"https:\/\/dinhosreef.com\/en\/wp-json\/wp\/v2\/product_tag?post=1410789833"}],"curies":[{"name":"wp","href":"https:\/\/api.w.org\/{rel}","templated":true}]}}