{"id":1410789843,"date":"2026-03-14T15:31:46","date_gmt":"2026-03-14T18:31:46","guid":{"rendered":"https:\/\/dinhosreef.com\/produto\/acanthastrea-bowerbanki-red\/"},"modified":"2026-03-14T15:34:53","modified_gmt":"2026-03-14T18:34:53","slug":"acanthastrea-bowerbanki-red","status":"publish","type":"product","link":"https:\/\/dinhosreef.com\/en\/product\/acanthastrea-bowerbanki-red\/","title":{"rendered":"Acanthastrea bowerbanki RED"},"content":{"rendered":"<p>Homophyllia bowerbanki \u00e9 uma esp\u00e9cie vulner\u00e1vel de coral encontrada nos oceanos<br \/>\nPac\u00edfico e \u00cdndico. Esta esp\u00e9cie \u00e9 moderadamente comum, mas est\u00e1 amea\u00e7ada pela<br \/>\npreda\u00e7\u00e3o de estrelas-do-mar da coroa de espinhos e perda de habitat.<br \/>\nNome cient\u00edfico: Acanthastrea bowerbanki<br \/>\nClassifica\u00e7\u00e3o: Esp\u00e9cie<br \/>\nOrdem: Scleractinia<br \/>\nCaracter\u00edsticas<br \/>\nAlimenta\u00e7\u00e3o: M\u00e9dia<br \/>\nCircula\u00e7\u00e3o: M\u00e9dia<br \/>\nIlumina\u00e7\u00e3o: M\u00e9dia<br \/>\nDificuldade: M\u00e9dia<br \/>\nAgressivo com outras esp\u00e9cies: M\u00e9dia<br \/>\nAgressivo com mesmo: N\u00e3o<\/p>","protected":false},"excerpt":{"rendered":"<p>Homophyllia bowerbanki \u00e9 uma esp\u00e9cie vulner\u00e1vel de coral encontrada nos oceanos Pac\u00edfico e \u00cdndico. Esta esp\u00e9cie \u00e9 moderadamente comum, mas est\u00e1 amea\u00e7ada pela preda\u00e7\u00e3o de estrelas-do-mar da coroa de espinhos e perda de habitat. Nome cient\u00edfico: Acanthastrea bowerbanki Classifica\u00e7\u00e3o: Esp\u00e9cie Ordem: Scleractinia Caracter\u00edsticas Alimenta\u00e7\u00e3o: M\u00e9dia Circula\u00e7\u00e3o: M\u00e9dia Ilumina\u00e7\u00e3o: M\u00e9dia Dificuldade: M\u00e9dia Agressivo com outras esp\u00e9cies: [&hellip;]<\/p>\n","protected":false},"featured_media":1410789842,"comment_status":"open","ping_status":"closed","template":"","meta":{"googlesitekit_rrm_CAow0N7NCw:productID":"","content-type":"","pmpro_default_level":"","_themeisle_gutenberg_block_has_review":false},"product_brand":[],"product_cat":[186,176,177,180],"product_tag":[],"class_list":{"0":"post-1410789843","1":"product","2":"type-product","3":"status-publish","4":"has-post-thumbnail","6":"product_cat-animais-vivos","7":"product_cat-corais","8":"product_cat-lps","9":"product_cat-todos","10":"product_shipping_class-animais-vivos","11":"pmpro-has-access","13":"first","14":"outofstock","15":"taxable","16":"shipping-taxable","17":"purchasable","18":"product-type-simple"},"_links":{"self":[{"href":"https:\/\/dinhosreef.com\/en\/wp-json\/wp\/v2\/product\/1410789843","targetHints":{"allow":["GET"]}}],"collection":[{"href":"https:\/\/dinhosreef.com\/en\/wp-json\/wp\/v2\/product"}],"about":[{"href":"https:\/\/dinhosreef.com\/en\/wp-json\/wp\/v2\/types\/product"}],"replies":[{"embeddable":true,"href":"https:\/\/dinhosreef.com\/en\/wp-json\/wp\/v2\/comments?post=1410789843"}],"wp:featuredmedia":[{"embeddable":true,"href":"https:\/\/dinhosreef.com\/en\/wp-json\/wp\/v2\/media\/1410789842"}],"wp:attachment":[{"href":"https:\/\/dinhosreef.com\/en\/wp-json\/wp\/v2\/media?parent=1410789843"}],"wp:term":[{"taxonomy":"product_brand","embeddable":true,"href":"https:\/\/dinhosreef.com\/en\/wp-json\/wp\/v2\/product_brand?post=1410789843"},{"taxonomy":"product_cat","embeddable":true,"href":"https:\/\/dinhosreef.com\/en\/wp-json\/wp\/v2\/product_cat?post=1410789843"},{"taxonomy":"product_tag","embeddable":true,"href":"https:\/\/dinhosreef.com\/en\/wp-json\/wp\/v2\/product_tag?post=1410789843"}],"curies":[{"name":"wp","href":"https:\/\/api.w.org\/{rel}","templated":true}]}}