{"id":1410789853,"date":"2026-03-14T15:50:41","date_gmt":"2026-03-14T18:50:41","guid":{"rendered":"https:\/\/dinhosreef.com\/produto\/golden-goose-acropora-millepora\/"},"modified":"2026-03-14T16:08:32","modified_gmt":"2026-03-14T19:08:32","slug":"golden-goose-acropora-millepora","status":"publish","type":"product","link":"https:\/\/dinhosreef.com\/en\/product\/golden-goose-acropora-millepora\/","title":{"rendered":"Golden Goose Acropora millepora"},"content":{"rendered":"<p>Acropora \u00e9 um g\u00eanero de pequeno coral pedregoso do p\u00f3lipo no filo Cnidaria. Algumas<br \/>\nde suas esp\u00e9cies s\u00e3o conhecidas como coral de mesa, coral elkhorn e coral staghorn.<br \/>\nMais de 149 esp\u00e9cies s\u00e3o descritas.<br \/>\nNome cient\u00edfico: Acropora<br \/>\nFilo: Cnid\u00e1rio<br \/>\nClassifica\u00e7\u00e3o superior: Acroporidae<br \/>\nClassifica\u00e7\u00e3o: G\u00eanero<br \/>\nClasse: Anthozoa<br \/>\nOrdem: Scleractinia<br \/>\nCaracter\u00edsticas<br \/>\nAlimenta\u00e7\u00e3o: F\u00e1cil<br \/>\nCircula\u00e7\u00e3o: Forte<br \/>\nIlumina\u00e7\u00e3o: Forte<br \/>\nDificuldade: Alta<br \/>\nAgressivo com outras esp\u00e9cies: M\u00e9dia<br \/>\nAgressivo com mesmo: N\u00e3o<\/p>","protected":false},"excerpt":{"rendered":"<p>Acropora \u00e9 um g\u00eanero de pequeno coral pedregoso do p\u00f3lipo no filo Cnidaria. Algumas de suas esp\u00e9cies s\u00e3o conhecidas como coral de mesa, coral elkhorn e coral staghorn. Mais de 149 esp\u00e9cies s\u00e3o descritas. Nome cient\u00edfico: Acropora Filo: Cnid\u00e1rio Classifica\u00e7\u00e3o superior: Acroporidae Classifica\u00e7\u00e3o: G\u00eanero Classe: Anthozoa Ordem: Scleractinia Caracter\u00edsticas Alimenta\u00e7\u00e3o: F\u00e1cil Circula\u00e7\u00e3o: Forte Ilumina\u00e7\u00e3o: Forte [&hellip;]<\/p>\n","protected":false},"featured_media":1410789852,"comment_status":"open","ping_status":"closed","template":"","meta":{"googlesitekit_rrm_CAow0N7NCw:productID":"","content-type":"","pmpro_default_level":"","_themeisle_gutenberg_block_has_review":false},"product_brand":[],"product_cat":[186,176,179,180],"product_tag":[],"class_list":{"0":"post-1410789853","1":"product","2":"type-product","3":"status-publish","4":"has-post-thumbnail","6":"product_cat-animais-vivos","7":"product_cat-corais","8":"product_cat-sps","9":"product_cat-todos","10":"product_shipping_class-animais-vivos","11":"pmpro-has-access","13":"first","14":"outofstock","15":"taxable","16":"shipping-taxable","17":"purchasable","18":"product-type-simple"},"_links":{"self":[{"href":"https:\/\/dinhosreef.com\/en\/wp-json\/wp\/v2\/product\/1410789853","targetHints":{"allow":["GET"]}}],"collection":[{"href":"https:\/\/dinhosreef.com\/en\/wp-json\/wp\/v2\/product"}],"about":[{"href":"https:\/\/dinhosreef.com\/en\/wp-json\/wp\/v2\/types\/product"}],"replies":[{"embeddable":true,"href":"https:\/\/dinhosreef.com\/en\/wp-json\/wp\/v2\/comments?post=1410789853"}],"wp:featuredmedia":[{"embeddable":true,"href":"https:\/\/dinhosreef.com\/en\/wp-json\/wp\/v2\/media\/1410789852"}],"wp:attachment":[{"href":"https:\/\/dinhosreef.com\/en\/wp-json\/wp\/v2\/media?parent=1410789853"}],"wp:term":[{"taxonomy":"product_brand","embeddable":true,"href":"https:\/\/dinhosreef.com\/en\/wp-json\/wp\/v2\/product_brand?post=1410789853"},{"taxonomy":"product_cat","embeddable":true,"href":"https:\/\/dinhosreef.com\/en\/wp-json\/wp\/v2\/product_cat?post=1410789853"},{"taxonomy":"product_tag","embeddable":true,"href":"https:\/\/dinhosreef.com\/en\/wp-json\/wp\/v2\/product_tag?post=1410789853"}],"curies":[{"name":"wp","href":"https:\/\/api.w.org\/{rel}","templated":true}]}}