{"id":1410789867,"date":"2026-03-14T15:51:36","date_gmt":"2026-03-14T18:51:36","guid":{"rendered":"https:\/\/dinhosreef.com\/produto\/acropora-pocilophora-green-muda\/"},"modified":"2026-03-14T16:10:43","modified_gmt":"2026-03-14T19:10:43","slug":"acropora-pocilophora-green-muda","status":"publish","type":"product","link":"https:\/\/dinhosreef.com\/en\/product\/acropora-pocilophora-green-muda\/","title":{"rendered":"ACROPORA POCILOPHORA GREEN MUDA"},"content":{"rendered":"<p>Cuidados com a coloca\u00e7\u00e3o do coral ACROPORA POCILOPHORA GREEN\u00a0 Acropora: Monte usando cola de gel de coral, ou massa, em uma rocha ou borda exposta no aqu\u00e1rio, onde receber\u00e1 fluxo direto e luz. Este coral cresce para fora como uma mesa. D\u00ea-lhe espa\u00e7o para \u201cmesar fora\u201d e ele se tornar\u00e1 uma bela pe\u00e7a de exibi\u00e7\u00e3o. Requisitos de ilumina\u00e7\u00e3o e fluxo: Requer fluxo de \u00e1gua moderado a alto e ilumina\u00e7\u00e3o brilhante para manter sua cor. T5s, halogenetos met\u00e1licos ou LEDs podem crescer acropora quando os n\u00edveis de PAR adequados s\u00e3o fornecidos. Recomendamos um espectro de cores de 14-20K para melhor colora\u00e7\u00e3o. N\u00edvel de cuidado: F\u00e1cil! Requisitos de ilumina\u00e7\u00e3o: Moderado a alto (PAR 300-450) Caudal de \u00c1gua: Alta Agressividade: Pac\u00edfico Alcance: Indo-Pac\u00edfico Condi\u00e7\u00f5es da \u00c1gua: 75-80\u00b0 F; sg 1,024-1,026 (1,025 \u00e9 ideal); pH 8,1-8,4 Ca 420-440 ppm, Alk 8-9,5 dKH, Mg 1260-1350, Nitratos &lt;10 ppm, Fosfatos, &lt;0,10 ppm Qu\u00edmica da \u00c1gua: . Tamanho: 0,5\u2033 \u2013 1,25\u2033<\/p>","protected":false},"excerpt":{"rendered":"<p>Cuidados com a coloca\u00e7\u00e3o do coral ACROPORA POCILOPHORA GREEN\u00a0 Acropora: Monte usando cola de gel de coral, ou massa, em uma rocha ou borda exposta no aqu\u00e1rio, onde receber\u00e1 fluxo direto e luz. Este coral cresce para fora como uma mesa. D\u00ea-lhe espa\u00e7o para \u201cmesar fora\u201d e ele se tornar\u00e1 uma bela pe\u00e7a de exibi\u00e7\u00e3o. [&hellip;]<\/p>\n","protected":false},"featured_media":1410789866,"comment_status":"open","ping_status":"closed","template":"","meta":{"googlesitekit_rrm_CAow0N7NCw:productID":"","content-type":"","pmpro_default_level":"","_themeisle_gutenberg_block_has_review":false},"product_brand":[],"product_cat":[186,176,179,180],"product_tag":[],"class_list":{"0":"post-1410789867","1":"product","2":"type-product","3":"status-publish","4":"has-post-thumbnail","6":"product_cat-animais-vivos","7":"product_cat-corais","8":"product_cat-sps","9":"product_cat-todos","10":"product_shipping_class-animais-vivos","11":"pmpro-has-access","13":"first","14":"outofstock","15":"taxable","16":"shipping-taxable","17":"purchasable","18":"product-type-simple"},"_links":{"self":[{"href":"https:\/\/dinhosreef.com\/en\/wp-json\/wp\/v2\/product\/1410789867","targetHints":{"allow":["GET"]}}],"collection":[{"href":"https:\/\/dinhosreef.com\/en\/wp-json\/wp\/v2\/product"}],"about":[{"href":"https:\/\/dinhosreef.com\/en\/wp-json\/wp\/v2\/types\/product"}],"replies":[{"embeddable":true,"href":"https:\/\/dinhosreef.com\/en\/wp-json\/wp\/v2\/comments?post=1410789867"}],"wp:featuredmedia":[{"embeddable":true,"href":"https:\/\/dinhosreef.com\/en\/wp-json\/wp\/v2\/media\/1410789866"}],"wp:attachment":[{"href":"https:\/\/dinhosreef.com\/en\/wp-json\/wp\/v2\/media?parent=1410789867"}],"wp:term":[{"taxonomy":"product_brand","embeddable":true,"href":"https:\/\/dinhosreef.com\/en\/wp-json\/wp\/v2\/product_brand?post=1410789867"},{"taxonomy":"product_cat","embeddable":true,"href":"https:\/\/dinhosreef.com\/en\/wp-json\/wp\/v2\/product_cat?post=1410789867"},{"taxonomy":"product_tag","embeddable":true,"href":"https:\/\/dinhosreef.com\/en\/wp-json\/wp\/v2\/product_tag?post=1410789867"}],"curies":[{"name":"wp","href":"https:\/\/api.w.org\/{rel}","templated":true}]}}