{"id":1410789875,"date":"2026-03-14T16:05:42","date_gmt":"2026-03-14T19:05:42","guid":{"rendered":"https:\/\/dinhosreef.com\/produto\/blastomussa-wellsi-australia-red\/"},"modified":"2026-04-16T16:18:35","modified_gmt":"2026-04-16T19:18:35","slug":"blastomussa-wellsi-australia-red","status":"publish","type":"product","link":"https:\/\/dinhosreef.com\/en\/product\/blastomussa-wellsi-australia-red\/","title":{"rendered":"Blastomussa Wellsi Austr\u00e1lia RED"},"content":{"rendered":"<p>Blastomussa Wellsi Austr\u00e1lia RED\u00a0<br \/>Blastomussa wellsi \u00e9 uma esp\u00e9cie de grande coral rochoso de p\u00f3lipo. N\u00e3o est\u00e1 claro em\u00a0<br \/>qual fam\u00edlia o g\u00eanero Blastomussa pertence. Este coral \u00e9 encontrado na regi\u00e3o oeste e\u00a0<br \/>central do Indo-Pac\u00edfico. \u00a0<br \/>Classifica\u00e7\u00e3o: Esp\u00e9cie\u00a0<br \/>Fam\u00edlia: Scleractinia incertae sedis\u00a0<br \/>Caracter\u00edsticas\u00a0<br \/>Alimenta\u00e7\u00e3o: M\u00e9dia\u00a0<br \/>Circula\u00e7\u00e3o: M\u00e9dia\u00a0<br \/>Ilumina\u00e7\u00e3o: M\u00e9dia\u00a0<br \/>Dificuldade: M\u00e9dia\u00a0<br \/>Agressivo com outras esp\u00e9cies: M\u00e9dia \u00a0<br \/>Agressivo com mesmo: N\u00e3o<\/p>","protected":false},"excerpt":{"rendered":"<p>Blastomussa Wellsi Austr\u00e1lia RED\u00a0Blastomussa wellsi \u00e9 uma esp\u00e9cie de grande coral rochoso de p\u00f3lipo. N\u00e3o est\u00e1 claro em\u00a0qual fam\u00edlia o g\u00eanero Blastomussa pertence. Este coral \u00e9 encontrado na regi\u00e3o oeste e\u00a0central do Indo-Pac\u00edfico. \u00a0Classifica\u00e7\u00e3o: Esp\u00e9cie\u00a0Fam\u00edlia: Scleractinia incertae sedis\u00a0Caracter\u00edsticas\u00a0Alimenta\u00e7\u00e3o: M\u00e9dia\u00a0Circula\u00e7\u00e3o: M\u00e9dia\u00a0Ilumina\u00e7\u00e3o: M\u00e9dia\u00a0Dificuldade: M\u00e9dia\u00a0Agressivo com outras esp\u00e9cies: M\u00e9dia \u00a0Agressivo com mesmo: N\u00e3o<\/p>","protected":false},"featured_media":1410790651,"comment_status":"open","ping_status":"closed","template":"","meta":{"googlesitekit_rrm_CAow0N7NCw:productID":"","content-type":"","pmpro_default_level":"","_themeisle_gutenberg_block_has_review":false},"product_brand":[],"product_cat":[186,176,177,180],"product_tag":[],"class_list":{"0":"post-1410789875","1":"product","2":"type-product","3":"status-publish","4":"has-post-thumbnail","6":"product_cat-animais-vivos","7":"product_cat-corais","8":"product_cat-lps","9":"product_cat-todos","10":"product_shipping_class-animais-vivos","11":"pmpro-has-access","13":"first","14":"instock","15":"taxable","16":"shipping-taxable","17":"purchasable","18":"product-type-simple"},"_links":{"self":[{"href":"https:\/\/dinhosreef.com\/en\/wp-json\/wp\/v2\/product\/1410789875","targetHints":{"allow":["GET"]}}],"collection":[{"href":"https:\/\/dinhosreef.com\/en\/wp-json\/wp\/v2\/product"}],"about":[{"href":"https:\/\/dinhosreef.com\/en\/wp-json\/wp\/v2\/types\/product"}],"replies":[{"embeddable":true,"href":"https:\/\/dinhosreef.com\/en\/wp-json\/wp\/v2\/comments?post=1410789875"}],"wp:featuredmedia":[{"embeddable":true,"href":"https:\/\/dinhosreef.com\/en\/wp-json\/wp\/v2\/media\/1410790651"}],"wp:attachment":[{"href":"https:\/\/dinhosreef.com\/en\/wp-json\/wp\/v2\/media?parent=1410789875"}],"wp:term":[{"taxonomy":"product_brand","embeddable":true,"href":"https:\/\/dinhosreef.com\/en\/wp-json\/wp\/v2\/product_brand?post=1410789875"},{"taxonomy":"product_cat","embeddable":true,"href":"https:\/\/dinhosreef.com\/en\/wp-json\/wp\/v2\/product_cat?post=1410789875"},{"taxonomy":"product_tag","embeddable":true,"href":"https:\/\/dinhosreef.com\/en\/wp-json\/wp\/v2\/product_tag?post=1410789875"}],"curies":[{"name":"wp","href":"https:\/\/api.w.org\/{rel}","templated":true}]}}