{"id":1410789877,"date":"2026-03-14T16:05:47","date_gmt":"2026-03-14T19:05:47","guid":{"rendered":"https:\/\/dinhosreef.com\/produto\/blastomussa-wellsi-australia\/"},"modified":"2026-04-16T16:40:20","modified_gmt":"2026-04-16T19:40:20","slug":"blastomussa-wellsi-australia","status":"publish","type":"product","link":"https:\/\/dinhosreef.com\/en\/product\/blastomussa-wellsi-australia\/","title":{"rendered":"Blastomussa wellsi Austr\u00e1lia"},"content":{"rendered":"<p>Blastomussa wellsi Austr\u00e1lia<br \/>\nBlastomussa wellsi \u00e9 uma esp\u00e9cie de grande coral rochoso de p\u00f3lipo. N\u00e3o est\u00e1 claro em<br \/>\nqual fam\u00edlia o g\u00eanero Blastomussa pertence. Este coral \u00e9 encontrado na regi\u00e3o oeste e<br \/>\ncentral do Indo-Pac\u00edfico.<br \/>\nClassifica\u00e7\u00e3o: Esp\u00e9cie<br \/>\nFam\u00edlia: Scleractinia incertae sedis<br \/>\nCaracter\u00edsticas<br \/>\nAlimenta\u00e7\u00e3o: M\u00e9dia<br \/>\nCircula\u00e7\u00e3o: M\u00e9dia<br \/>\nIlumina\u00e7\u00e3o: M\u00e9dia<br \/>\nDificuldade: M\u00e9dia<br \/>\nAgressivo com outras esp\u00e9cies: M\u00e9dia<br \/>\nAgressivo com mesmo: N\u00e3o<\/p>","protected":false},"excerpt":{"rendered":"<p>Blastomussa wellsi Austr\u00e1lia Blastomussa wellsi \u00e9 uma esp\u00e9cie de grande coral rochoso de p\u00f3lipo. N\u00e3o est\u00e1 claro em qual fam\u00edlia o g\u00eanero Blastomussa pertence. Este coral \u00e9 encontrado na regi\u00e3o oeste e central do Indo-Pac\u00edfico. Classifica\u00e7\u00e3o: Esp\u00e9cie Fam\u00edlia: Scleractinia incertae sedis Caracter\u00edsticas Alimenta\u00e7\u00e3o: M\u00e9dia Circula\u00e7\u00e3o: M\u00e9dia Ilumina\u00e7\u00e3o: M\u00e9dia Dificuldade: M\u00e9dia Agressivo com outras esp\u00e9cies: M\u00e9dia [&hellip;]<\/p>\n","protected":false},"featured_media":1410790652,"comment_status":"open","ping_status":"closed","template":"","meta":{"googlesitekit_rrm_CAow0N7NCw:productID":"","content-type":"","pmpro_default_level":"","_themeisle_gutenberg_block_has_review":false},"product_brand":[],"product_cat":[186,176,177,180],"product_tag":[],"class_list":{"0":"post-1410789877","1":"product","2":"type-product","3":"status-publish","4":"has-post-thumbnail","6":"product_cat-animais-vivos","7":"product_cat-corais","8":"product_cat-lps","9":"product_cat-todos","10":"product_shipping_class-animais-vivos","11":"pmpro-has-access","13":"first","14":"outofstock","15":"taxable","16":"shipping-taxable","17":"purchasable","18":"product-type-simple"},"_links":{"self":[{"href":"https:\/\/dinhosreef.com\/en\/wp-json\/wp\/v2\/product\/1410789877","targetHints":{"allow":["GET"]}}],"collection":[{"href":"https:\/\/dinhosreef.com\/en\/wp-json\/wp\/v2\/product"}],"about":[{"href":"https:\/\/dinhosreef.com\/en\/wp-json\/wp\/v2\/types\/product"}],"replies":[{"embeddable":true,"href":"https:\/\/dinhosreef.com\/en\/wp-json\/wp\/v2\/comments?post=1410789877"}],"wp:featuredmedia":[{"embeddable":true,"href":"https:\/\/dinhosreef.com\/en\/wp-json\/wp\/v2\/media\/1410790652"}],"wp:attachment":[{"href":"https:\/\/dinhosreef.com\/en\/wp-json\/wp\/v2\/media?parent=1410789877"}],"wp:term":[{"taxonomy":"product_brand","embeddable":true,"href":"https:\/\/dinhosreef.com\/en\/wp-json\/wp\/v2\/product_brand?post=1410789877"},{"taxonomy":"product_cat","embeddable":true,"href":"https:\/\/dinhosreef.com\/en\/wp-json\/wp\/v2\/product_cat?post=1410789877"},{"taxonomy":"product_tag","embeddable":true,"href":"https:\/\/dinhosreef.com\/en\/wp-json\/wp\/v2\/product_tag?post=1410789877"}],"curies":[{"name":"wp","href":"https:\/\/api.w.org\/{rel}","templated":true}]}}