{"id":1410789879,"date":"2026-03-14T16:05:57","date_gmt":"2026-03-14T19:05:57","guid":{"rendered":"https:\/\/dinhosreef.com\/produto\/mush-green-marble\/"},"modified":"2026-03-14T16:26:37","modified_gmt":"2026-03-14T19:26:37","slug":"mush-green-marble","status":"publish","type":"product","link":"https:\/\/dinhosreef.com\/en\/product\/mush-green-marble\/","title":{"rendered":"Mush Green Marble"},"content":{"rendered":"<p>Mush Green Marble<br \/>\nDescri\u00e7\u00e3o Corallimorpharia \u00e9 uma ordem de cnid\u00e1rios antozo\u00e1rios da subclasse<br \/>\nHexacorallia. Inclui as an\u00eamonas semelhantes \u00e0 corais.<br \/>\nNome cient\u00edfico: Corallimorpharia<br \/>\nClassifica\u00e7\u00e3o: Ordem<br \/>\nClassifica\u00e7\u00e3o superior: Hexacorallia<br \/>\nSubclasse: Hexacorallia<br \/>\nCaracter\u00edsticas<br \/>\nAlimenta\u00e7\u00e3o: F\u00e1cil<br \/>\nCircula\u00e7\u00e3o: M\u00e9dia<br \/>\nIlumina\u00e7\u00e3o: M\u00e9dia<br \/>\nDificuldade: F\u00e1cil<br \/>\nAgressivo com outras esp\u00e9cies: M\u00e9dia<br \/>\nAgressivo com mesmo: N\u00e3o<\/p>","protected":false},"excerpt":{"rendered":"<p>Mush Green Marble Descri\u00e7\u00e3o Corallimorpharia \u00e9 uma ordem de cnid\u00e1rios antozo\u00e1rios da subclasse Hexacorallia. Inclui as an\u00eamonas semelhantes \u00e0 corais. Nome cient\u00edfico: Corallimorpharia Classifica\u00e7\u00e3o: Ordem Classifica\u00e7\u00e3o superior: Hexacorallia Subclasse: Hexacorallia Caracter\u00edsticas Alimenta\u00e7\u00e3o: F\u00e1cil Circula\u00e7\u00e3o: M\u00e9dia Ilumina\u00e7\u00e3o: M\u00e9dia Dificuldade: F\u00e1cil Agressivo com outras esp\u00e9cies: M\u00e9dia Agressivo com mesmo: N\u00e3o<\/p>","protected":false},"featured_media":1410789878,"comment_status":"open","ping_status":"closed","template":"","meta":{"googlesitekit_rrm_CAow0N7NCw:productID":"","content-type":"","pmpro_default_level":"","_themeisle_gutenberg_block_has_review":false},"product_brand":[],"product_cat":[186,176,178,180],"product_tag":[],"class_list":{"0":"post-1410789879","1":"product","2":"type-product","3":"status-publish","4":"has-post-thumbnail","6":"product_cat-animais-vivos","7":"product_cat-corais","8":"product_cat-soft","9":"product_cat-todos","10":"product_shipping_class-animais-vivos","11":"pmpro-has-access","13":"first","14":"outofstock","15":"taxable","16":"shipping-taxable","17":"purchasable","18":"product-type-simple"},"_links":{"self":[{"href":"https:\/\/dinhosreef.com\/en\/wp-json\/wp\/v2\/product\/1410789879","targetHints":{"allow":["GET"]}}],"collection":[{"href":"https:\/\/dinhosreef.com\/en\/wp-json\/wp\/v2\/product"}],"about":[{"href":"https:\/\/dinhosreef.com\/en\/wp-json\/wp\/v2\/types\/product"}],"replies":[{"embeddable":true,"href":"https:\/\/dinhosreef.com\/en\/wp-json\/wp\/v2\/comments?post=1410789879"}],"wp:featuredmedia":[{"embeddable":true,"href":"https:\/\/dinhosreef.com\/en\/wp-json\/wp\/v2\/media\/1410789878"}],"wp:attachment":[{"href":"https:\/\/dinhosreef.com\/en\/wp-json\/wp\/v2\/media?parent=1410789879"}],"wp:term":[{"taxonomy":"product_brand","embeddable":true,"href":"https:\/\/dinhosreef.com\/en\/wp-json\/wp\/v2\/product_brand?post=1410789879"},{"taxonomy":"product_cat","embeddable":true,"href":"https:\/\/dinhosreef.com\/en\/wp-json\/wp\/v2\/product_cat?post=1410789879"},{"taxonomy":"product_tag","embeddable":true,"href":"https:\/\/dinhosreef.com\/en\/wp-json\/wp\/v2\/product_tag?post=1410789879"}],"curies":[{"name":"wp","href":"https:\/\/api.w.org\/{rel}","templated":true}]}}