{"id":1410789893,"date":"2026-03-14T16:07:01","date_gmt":"2026-03-14T19:07:01","guid":{"rendered":"https:\/\/dinhosreef.com\/produto\/mushroom-bounce-raro\/"},"modified":"2026-03-21T16:51:09","modified_gmt":"2026-03-21T19:51:09","slug":"mushroom-bounce-raro","status":"publish","type":"product","link":"https:\/\/dinhosreef.com\/en\/product\/mushroom-bounce-raro\/","title":{"rendered":"Mushroom Bounce &#8220;Raro&#8221;"},"content":{"rendered":"<p>Corallimorpharia \u00e9 uma ordem de cnid\u00e1rios antozo\u00e1rios da subclasse Hexacorallia. S\u00e3o comumente confundidos com as an\u00eamonas apesar de estarem muito mais pr\u00f3ximos aos corais.<\/p>\n<p><a href=\"https:\/\/www.google.com\/search?safe=active&amp;rlz=1C1GCEV_enBR921BR921&amp;sxsrf=ALeKk01KZ7dDQZHgT7hPXLAhTvrc7O23cg:1619878962181&amp;q=corallimorpharia+nome+cient%C3%ADfico&amp;stick=H4sIAAAAAAAAAOPgE-LSz9U3MDE0Ty5I1zLOTrbST8rMz8lPr9TPL0pPzMsszo1PzkksLs5My0xOLMnMz7MqTs5MzSsB8RXyEnNTF7EqJucXJebkZObmFxVkJBZlJirk5eemKoCVHV4LVJcPAB5YCXFnAAAA&amp;sa=X&amp;ved=2ahUKEwjXrPqw16jwAhU0HbkGHS7kBzQQ6BMoADAkegQIIxAC\" data-ved=\"2ahUKEwjXrPqw16jwAhU0HbkGHS7kBzQQ6BMoADAkegQIIxAC\" target=\"_blank\" rel=\"noopener\">Nome cient\u00edfico<\/a>:\u00a0Corallimorpharia<\/p>\n<p><a href=\"https:\/\/www.google.com\/search?safe=active&amp;rlz=1C1GCEV_enBR921BR921&amp;sxsrf=ALeKk01KZ7dDQZHgT7hPXLAhTvrc7O23cg:1619878962181&amp;q=corallimorpharia+classifica%C3%A7%C3%A3o&amp;stick=H4sIAAAAAAAAAOPgE-LSz9U3MDE0Ty5I19LITrbST8rMz8lPr9TPL0pPzMsszo1PzkksLs5My0xOLMnMz7MqSszLXsSqkJxflJiTk5mbX1SQkViUmaiAUHZ4-eHF-QBIjh6AWwAAAA&amp;sa=X&amp;ved=2ahUKEwjXrPqw16jwAhU0HbkGHS7kBzQQ6BMoADAlegQIJBAC\" data-ved=\"2ahUKEwjXrPqw16jwAhU0HbkGHS7kBzQQ6BMoADAlegQIJBAC\" target=\"_blank\" rel=\"noopener\">Classifica\u00e7\u00e3o<\/a>:\u00a0Ordem<\/p>\n<p><a href=\"https:\/\/www.google.com\/search?safe=active&amp;rlz=1C1GCEV_enBR921BR921&amp;sxsrf=ALeKk01KZ7dDQZHgT7hPXLAhTvrc7O23cg:1619878962181&amp;q=corallimorpharia+subclasse&amp;stick=H4sIAAAAAAAAAOPgE-LSz9U3MDE0Ty5I1zLIKLfST87PyUlNLsnMz9PPL0pPzMsszo1PzkksLs5My0xOBIkXWxWXJoGFFrFKJecXJebkZObmFxVkJBZlJirA5FIBslXigl0AAAA&amp;sa=X&amp;ved=2ahUKEwjXrPqw16jwAhU0HbkGHS7kBzQQ6BMoADAmegQIKBAC\" data-ved=\"2ahUKEwjXrPqw16jwAhU0HbkGHS7kBzQQ6BMoADAmegQIKBAC\" target=\"_blank\" rel=\"noopener\">Subclasse<\/a>:\u00a0<a href=\"https:\/\/www.google.com\/search?safe=active&amp;rlz=1C1GCEV_enBR921BR921&amp;sxsrf=ALeKk01KZ7dDQZHgT7hPXLAhTvrc7O23cg:1619878962181&amp;q=Hexacorallia&amp;stick=H4sIAAAAAAAAAOPgE-LSz9U3MDE0Ty5IV4Kw09PNioq1DDLKrfST83NyUpNLMvPz9POL0hPzMotz45NzEouLM9MykxNB4sVWxaVJYKFFrDweqRWJyflFiTk5mYk7WBkBwc3Ekl4AAAA&amp;sa=X&amp;ved=2ahUKEwjXrPqw16jwAhU0HbkGHS7kBzQQmxMoATAmegQIKBAD\" data-ved=\"2ahUKEwjXrPqw16jwAhU0HbkGHS7kBzQQmxMoATAmegQIKBAD\" target=\"_blank\" rel=\"noopener\">Hexacorallia<\/a><\/p>\n<p><a href=\"https:\/\/www.google.com\/search?safe=active&amp;rlz=1C1GCEV_enBR921BR921&amp;sxsrf=ALeKk01KZ7dDQZHgT7hPXLAhTvrc7O23cg:1619878962181&amp;q=corallimorpharia+classifica%C3%A7%C3%A3o+superior&amp;stick=H4sIAAAAAAAAAOPgE-LSz9U3MDE0Ty5I17LMTrbST8rMz8lPr9TPL0pPzMsszo1PzkksLs5My0xOLMnMz7PKyEzPSC1SQBVdxKqZnF-UmJOTmZtfVJCRWJSZiKTi8PLDi_MViksLUosy84sAKWwM-nUAAAA&amp;sa=X&amp;ved=2ahUKEwjXrPqw16jwAhU0HbkGHS7kBzQQ6BMoADAnegQIKhAC\" data-ved=\"2ahUKEwjXrPqw16jwAhU0HbkGHS7kBzQQ6BMoADAnegQIKhAC\" target=\"_blank\" rel=\"noopener\">Classifica\u00e7\u00e3o superior<\/a>:\u00a0<a href=\"https:\/\/www.google.com\/search?safe=active&amp;rlz=1C1GCEV_enBR921BR921&amp;sxsrf=ALeKk01KZ7dDQZHgT7hPXLAhTvrc7O23cg:1619878962181&amp;q=Hexacorallia&amp;stick=H4sIAAAAAAAAAOPgE-LSz9U3MDE0Ty5IV4Kw09PNioq1LLOTrfSTMvNz8tMr9fOL0hPzMotz45NzEouLM9MykxNLMvPzrDIy0zNSixRQRRex8nikViQm5xcl5uRkJu5gZQQA26x2GmcAAAA&amp;sa=X&amp;ved=2ahUKEwjXrPqw16jwAhU0HbkGHS7kBzQQmxMoATAnegQIKhAD\" data-ved=\"2ahUKEwjXrPqw16jwAhU0HbkGHS7kBzQQmxMoATAnegQIKhAD\" target=\"_blank\" rel=\"noopener\">Hexacorallia<\/a><\/p>","protected":false},"excerpt":{"rendered":"<p>Corallimorpharia \u00e9 uma ordem de cnid\u00e1rios antozo\u00e1rios da subclasse Hexacorallia. S\u00e3o comumente confundidos com as an\u00eamonas apesar de estarem muito mais pr\u00f3ximos aos corais. Nome cient\u00edfico:\u00a0Corallimorpharia Classifica\u00e7\u00e3o:\u00a0Ordem Subclasse:\u00a0Hexacorallia Classifica\u00e7\u00e3o superior:\u00a0Hexacorallia<\/p>","protected":false},"featured_media":1410789892,"comment_status":"open","ping_status":"closed","template":"","meta":{"googlesitekit_rrm_CAow0N7NCw:productID":"","content-type":"","pmpro_default_level":"","_themeisle_gutenberg_block_has_review":false},"product_brand":[],"product_cat":[186,176,178,180],"product_tag":[],"class_list":{"0":"post-1410789893","1":"product","2":"type-product","3":"status-publish","4":"has-post-thumbnail","6":"product_cat-animais-vivos","7":"product_cat-corais","8":"product_cat-soft","9":"product_cat-todos","10":"product_shipping_class-animais-vivos","11":"pmpro-has-access","13":"first","14":"instock","15":"taxable","16":"shipping-taxable","17":"purchasable","18":"product-type-simple"},"_links":{"self":[{"href":"https:\/\/dinhosreef.com\/en\/wp-json\/wp\/v2\/product\/1410789893","targetHints":{"allow":["GET"]}}],"collection":[{"href":"https:\/\/dinhosreef.com\/en\/wp-json\/wp\/v2\/product"}],"about":[{"href":"https:\/\/dinhosreef.com\/en\/wp-json\/wp\/v2\/types\/product"}],"replies":[{"embeddable":true,"href":"https:\/\/dinhosreef.com\/en\/wp-json\/wp\/v2\/comments?post=1410789893"}],"wp:featuredmedia":[{"embeddable":true,"href":"https:\/\/dinhosreef.com\/en\/wp-json\/wp\/v2\/media\/1410789892"}],"wp:attachment":[{"href":"https:\/\/dinhosreef.com\/en\/wp-json\/wp\/v2\/media?parent=1410789893"}],"wp:term":[{"taxonomy":"product_brand","embeddable":true,"href":"https:\/\/dinhosreef.com\/en\/wp-json\/wp\/v2\/product_brand?post=1410789893"},{"taxonomy":"product_cat","embeddable":true,"href":"https:\/\/dinhosreef.com\/en\/wp-json\/wp\/v2\/product_cat?post=1410789893"},{"taxonomy":"product_tag","embeddable":true,"href":"https:\/\/dinhosreef.com\/en\/wp-json\/wp\/v2\/product_tag?post=1410789893"}],"curies":[{"name":"wp","href":"https:\/\/api.w.org\/{rel}","templated":true}]}}