{"id":1410789916,"date":"2026-03-17T18:10:40","date_gmt":"2026-03-17T21:10:40","guid":{"rendered":"https:\/\/dinhosreef.com\/produto\/jeneca-compressor-de-ar-ap-9802-2-saidas-110v\/"},"modified":"2026-04-04T10:47:04","modified_gmt":"2026-04-04T13:47:04","slug":"jeneca-compressor-de-ar-ap-9802-2-saidas-110v","status":"publish","type":"product","link":"https:\/\/dinhosreef.com\/en\/product\/jeneca-compressor-de-ar-ap-9802-2-saidas-110v\/","title":{"rendered":"JENECA COMPRESSOR DE AR AP-9802- 2 SA\u00cdDAS 110V"},"content":{"rendered":"<p><strong>Compressor de Ar Jeneca AP-9802 \u2013 Pot\u00eancia e Efici\u00eancia para seu Aqu\u00e1rio<\/strong><\/p>\n<p>Garanta a oxigena\u00e7\u00e3o ideal para o seu aqu\u00e1rio com o <strong>Compressor de Ar Jeneca AP-9802<\/strong>, um equipamento de alta qualidade, projetado para oferecer desempenho est\u00e1vel e duradouro.<\/p>\n<p>Com <strong>duas sa\u00eddas de ar independentes<\/strong>, ele permite conectar mais de um acess\u00f3rio ao mesmo tempo, sendo perfeito para aqu\u00e1rios de m\u00e9dio a grande porte ou para quem precisa de maior distribui\u00e7\u00e3o de oxig\u00eanio.<\/p>\n<h3>\u00a0Principais Benef\u00edcios:<\/h3>\n<ul>\n<li>\n<p><strong>Dupla sa\u00edda de ar:<\/strong> mais versatilidade e efici\u00eancia na oxigena\u00e7\u00e3o<\/p>\n<\/li>\n<li>\n<p><strong>Alto desempenho:<\/strong> fluxo de ar constante e potente<\/p>\n<\/li>\n<li>\n<p><strong>Funcionamento silencioso:<\/strong> ideal para uso residencial<\/p>\n<\/li>\n<li>\n<p><strong>Baixo consumo de energia:<\/strong> economia no dia a dia<\/p>\n<\/li>\n<li>\n<p><strong>Design compacto e resistente:<\/strong> f\u00e1cil de instalar e dur\u00e1vel<\/p>\n<\/li>\n<\/ul>\n<h3>\u00a0Indica\u00e7\u00e3o:<\/h3>\n<p>Perfeito para aqu\u00e1rios de \u00e1gua doce ou salgada, ajudando a manter a sa\u00fade dos peixes e o equil\u00edbrio do ambiente aqu\u00e1tico.<\/p>\n<h3>\u00a0Especifica\u00e7\u00f5es:<\/h3>\n<ul>\n<li>\n<p>Modelo: AP-9802<\/p>\n<\/li>\n<li>\n<p>Marca: Jeneca<\/p>\n<\/li>\n<li>\n<p>Sa\u00eddas: 2<\/p>\n<\/li>\n<li>\n<p>Uso: Aqu\u00e1rios e sistemas de oxigena\u00e7\u00e3o<\/p>\n<\/li>\n<\/ul>\n<p>Invista na qualidade da \u00e1gua do seu aqu\u00e1rio e proporcione um ambiente mais saud\u00e1vel para seus peixes com o <strong>Jeneca AP-9802<\/strong>!<\/p>","protected":false},"excerpt":{"rendered":"<p>Compressor de Ar Jeneca AP-9802 \u2013 Pot\u00eancia e Efici\u00eancia para seu Aqu\u00e1rio Garanta a oxigena\u00e7\u00e3o ideal para o seu aqu\u00e1rio com o Compressor de Ar Jeneca AP-9802, um equipamento de alta qualidade, projetado para oferecer desempenho est\u00e1vel e duradouro. Com duas sa\u00eddas de ar independentes, ele permite conectar mais de um acess\u00f3rio ao mesmo tempo, [&hellip;]<\/p>\n","protected":false},"featured_media":1410789915,"comment_status":"open","ping_status":"closed","template":"","meta":{"googlesitekit_rrm_CAow0N7NCw:productID":"","content-type":"","pmpro_default_level":"","_themeisle_gutenberg_block_has_review":false},"product_brand":[435],"product_cat":[168],"product_tag":[],"class_list":{"0":"post-1410789916","1":"product","2":"type-product","3":"status-publish","4":"has-post-thumbnail","6":"product_brand-jeneca","7":"product_cat-bombas-de-ar","8":"pmpro-has-access","10":"first","11":"outofstock","12":"taxable","13":"shipping-taxable","14":"purchasable","15":"product-type-simple"},"_links":{"self":[{"href":"https:\/\/dinhosreef.com\/en\/wp-json\/wp\/v2\/product\/1410789916","targetHints":{"allow":["GET"]}}],"collection":[{"href":"https:\/\/dinhosreef.com\/en\/wp-json\/wp\/v2\/product"}],"about":[{"href":"https:\/\/dinhosreef.com\/en\/wp-json\/wp\/v2\/types\/product"}],"replies":[{"embeddable":true,"href":"https:\/\/dinhosreef.com\/en\/wp-json\/wp\/v2\/comments?post=1410789916"}],"wp:featuredmedia":[{"embeddable":true,"href":"https:\/\/dinhosreef.com\/en\/wp-json\/wp\/v2\/media\/1410789915"}],"wp:attachment":[{"href":"https:\/\/dinhosreef.com\/en\/wp-json\/wp\/v2\/media?parent=1410789916"}],"wp:term":[{"taxonomy":"product_brand","embeddable":true,"href":"https:\/\/dinhosreef.com\/en\/wp-json\/wp\/v2\/product_brand?post=1410789916"},{"taxonomy":"product_cat","embeddable":true,"href":"https:\/\/dinhosreef.com\/en\/wp-json\/wp\/v2\/product_cat?post=1410789916"},{"taxonomy":"product_tag","embeddable":true,"href":"https:\/\/dinhosreef.com\/en\/wp-json\/wp\/v2\/product_tag?post=1410789916"}],"curies":[{"name":"wp","href":"https:\/\/api.w.org\/{rel}","templated":true}]}}