{"id":1410789924,"date":"2026-03-18T16:28:36","date_gmt":"2026-03-18T19:28:36","guid":{"rendered":"https:\/\/dinhosreef.com\/produto\/racao-vet-life-p-caes-adultos-renal-mini-breeds-101kg\/"},"modified":"2026-03-18T17:13:07","modified_gmt":"2026-03-18T20:13:07","slug":"racao-vet-life-p-caes-adultos-renal-mini-breeds-101kg","status":"publish","type":"product","link":"https:\/\/dinhosreef.com\/en\/product\/racao-vet-life-p-caes-adultos-renal-mini-breeds-101kg\/","title":{"rendered":"RA\u00c7\u00c3O VET LIFE P\/ C\u00c3ES ADULTOS RENAL MINI BREEDS 10,1KG"},"content":{"rendered":"<h2>Ra\u00e7\u00e3o Vet Life Natural Mini Canine Renal<\/h2>\n<p>A\u00a0<strong>Ra\u00e7\u00e3o Vet Life Natural Mini Canine Renal<\/strong>\u00a0\u00e9 um alimento coadjuvante indicado para auxiliar na recupera\u00e7\u00e3o de c\u00e3es adultos miniaturas com insufici\u00eancia renal cr\u00f4nica ou aguda com insufici\u00eancia card\u00edaca inicial.<\/p>\n<p>A insufici\u00eancia renal pode ocorrer sob a forma aguda e cr\u00f4nica. Os processos podem decorrer de outras doen\u00e7as, fatores heredit\u00e1rios e fatores nutricionais.<\/p>\n<p>O diagn\u00f3stico \u00e9 quase sempre tardio, pois quando aparecem os primeiros sintomas dois ter\u00e7os das fun\u00e7\u00f5es renais est\u00e3o comprometidos. Vet Life Renal melhora a qualidade de vida dos c\u00e3es com insufici\u00eancia renal cr\u00f4nica ou aguda ou com insufici\u00eancia card\u00edaca inicial.<\/p>\n<h3>Contraindica\u00e7\u00f5es<\/h3>\n<p>Vet Life Renal \u00e9 contraindicado para c\u00e3es filhotes e cadelas em gesta\u00e7\u00e3o ou amamenta\u00e7\u00e3o e c\u00e3es sadios.<\/p>\n<h3>Modo de tratamento<\/h3>\n<p>Recomenda-se consultar um m\u00e9dicou-veterin\u00e1rio antes do uso ou do prolongamento do per\u00edodo de tratamento.<\/p>\n<p><strong>Insufici\u00eancia renal:<\/strong>\u00a0a dieta e o manejo cl\u00ednico da insufici\u00eancia renal cr\u00f4nica t\u00eam dois objetivos: reduzir os sinais cl\u00ednicos relacionados ao ac\u00famulo de res\u00edduos nitrogenados e prolongar a vida de n\u00e9frons vi\u00e1veis diminuindo a hipertens\u00e3o arterial glomerular.<\/p>\n<p><strong>Per\u00edodo de uso recomendado:<\/strong>\u00a02-4 semanas em caso de insufici\u00eancia renal aguda.<br \/>\nEm caso de insufici\u00eancia renal cr\u00f4nica, fornecer ao longo da vida.<\/p>\n<p><strong>Insufici\u00eancia card\u00edaca:<\/strong>\u00a0pode ser utilizado por toda a vida ou a crit\u00e9rio do m\u00e9dico-veterin\u00e1rio.<\/p>\n<p>Recomenda-se deixar sempre \u00e1gua fresca e limpa \u00e0 vontade a fim de hidratar o m\u00e1ximo poss\u00edvel o animal.<\/p>","protected":false},"excerpt":{"rendered":"<p>Ra\u00e7\u00e3o Vet Life Natural Mini Canine Renal A\u00a0Ra\u00e7\u00e3o Vet Life Natural Mini Canine Renal\u00a0\u00e9 um alimento coadjuvante indicado para auxiliar na recupera\u00e7\u00e3o de c\u00e3es adultos miniaturas com insufici\u00eancia renal cr\u00f4nica ou aguda com insufici\u00eancia card\u00edaca inicial. A insufici\u00eancia renal pode ocorrer sob a forma aguda e cr\u00f4nica. Os processos podem decorrer de outras doen\u00e7as, fatores [&hellip;]<\/p>\n","protected":false},"featured_media":1410789923,"comment_status":"open","ping_status":"closed","template":"","meta":{"googlesitekit_rrm_CAow0N7NCw:productID":"","content-type":"","pmpro_default_level":"","_themeisle_gutenberg_block_has_review":false},"product_brand":[392],"product_cat":[259],"product_tag":[],"class_list":{"0":"post-1410789924","1":"product","2":"type-product","3":"status-publish","4":"has-post-thumbnail","6":"product_brand-farmina","7":"product_cat-racoes-alimento-petisco-e-suplemento-caes","8":"pmpro-has-access","10":"first","11":"instock","12":"taxable","13":"shipping-taxable","14":"purchasable","15":"product-type-simple"},"_links":{"self":[{"href":"https:\/\/dinhosreef.com\/en\/wp-json\/wp\/v2\/product\/1410789924","targetHints":{"allow":["GET"]}}],"collection":[{"href":"https:\/\/dinhosreef.com\/en\/wp-json\/wp\/v2\/product"}],"about":[{"href":"https:\/\/dinhosreef.com\/en\/wp-json\/wp\/v2\/types\/product"}],"replies":[{"embeddable":true,"href":"https:\/\/dinhosreef.com\/en\/wp-json\/wp\/v2\/comments?post=1410789924"}],"wp:featuredmedia":[{"embeddable":true,"href":"https:\/\/dinhosreef.com\/en\/wp-json\/wp\/v2\/media\/1410789923"}],"wp:attachment":[{"href":"https:\/\/dinhosreef.com\/en\/wp-json\/wp\/v2\/media?parent=1410789924"}],"wp:term":[{"taxonomy":"product_brand","embeddable":true,"href":"https:\/\/dinhosreef.com\/en\/wp-json\/wp\/v2\/product_brand?post=1410789924"},{"taxonomy":"product_cat","embeddable":true,"href":"https:\/\/dinhosreef.com\/en\/wp-json\/wp\/v2\/product_cat?post=1410789924"},{"taxonomy":"product_tag","embeddable":true,"href":"https:\/\/dinhosreef.com\/en\/wp-json\/wp\/v2\/product_tag?post=1410789924"}],"curies":[{"name":"wp","href":"https:\/\/api.w.org\/{rel}","templated":true}]}}