{"id":1410789934,"date":"2026-03-18T16:29:13","date_gmt":"2026-03-18T19:29:13","guid":{"rendered":"https:\/\/dinhosreef.com\/produto\/racao-umida-vet-life-para-caes-adultos-renal-300g\/"},"modified":"2026-03-19T13:06:43","modified_gmt":"2026-03-19T16:06:43","slug":"racao-umida-vet-life-para-caes-adultos-renal-300g","status":"publish","type":"product","link":"https:\/\/dinhosreef.com\/en\/product\/racao-umida-vet-life-para-caes-adultos-renal-300g\/","title":{"rendered":"RA\u00c7\u00c3O \u00daMIDA VET LIFE PARA C\u00c3ES ADULTOS RENAL 300G"},"content":{"rendered":"<h2>Ra\u00e7\u00e3o \u00damida Vet Life C\u00e3es Renal<\/h2>\n<p>A\u00a0<strong>Ra\u00e7\u00e3o \u00damida Vet Life C\u00e3es Renal<\/strong>\u00a0\u00e9 indicada como alimento coadjuvante para o tratamento de problemas urin\u00e1rios em c\u00e3es adultos com insufici\u00eancia renal cr\u00f4nica ou aguda, promovendo alta energia para seu pet e enriquecida com \u00f4mega 3, que ajuda a tornar a dieta ainda mais saud\u00e1vel.<\/p>\n<p>Al\u00e9m disso a\u00a0<strong>Ra\u00e7\u00e3o Vet Life C\u00e3es com Problemas Renais<\/strong> \u00e9 um alimento com conservantes 100% naturais que ajudam na alimenta\u00e7\u00e3o e tratamento de c\u00e3es com algum n\u00edvel de intoler\u00e2ncia alimentar. Garante tamb\u00e9m que o pet tenha todas as vitaminas necess\u00e1rias para um bom desenvolvimento.<\/p>\n<h3>Restri\u00e7\u00f5es e outras recomenda\u00e7\u00f5es<\/h3>\n<p>A\u00a0<strong>Ra\u00e7\u00e3o Vet Life Natural Diet Dog Renal<\/strong> \u00e9 contraindicado para filhotes, f\u00eameas em gesta\u00e7\u00e3o ou lacta\u00e7\u00e3o e em casos de hiperlipidemia.<\/p>\n<h3>Composi\u00e7\u00e3o B\u00e1sica<\/h3>\n<p>Carne de frango, atum, f\u00edgado de frango, prote\u00edna hidrolisada de peixe, batata doce desidratada, gema de ovo, quinoa, \u00f3leo de peixe refinado, \u00f3leo de linha\u00e7a, carbonato de c\u00e1lcio, aditivos prebi\u00f3ticos (FOS e MOS), fibra de ervilha, levedura seca de cervejaria, taurina, vitaminas (A, D3, E), ferro amino\u00e1cido quelato, quelato cobre-metionina hidroxi an\u00e1loga, quelato zinco-metionina hidroxi an\u00e1loga, quelato mangan\u00eas-metionina hidroxi an\u00e1loga, levedura enriquecida com sel\u00eanio, iodato de c\u00e1lcio, cloreto de pot\u00e1ssio, citrato de pot\u00e1ssio.<\/p>","protected":false},"excerpt":{"rendered":"<p>Ra\u00e7\u00e3o \u00damida Vet Life C\u00e3es Renal A\u00a0Ra\u00e7\u00e3o \u00damida Vet Life C\u00e3es Renal\u00a0\u00e9 indicada como alimento coadjuvante para o tratamento de problemas urin\u00e1rios em c\u00e3es adultos com insufici\u00eancia renal cr\u00f4nica ou aguda, promovendo alta energia para seu pet e enriquecida com \u00f4mega 3, que ajuda a tornar a dieta ainda mais saud\u00e1vel. Al\u00e9m disso a\u00a0Ra\u00e7\u00e3o Vet [&hellip;]<\/p>\n","protected":false},"featured_media":1410789933,"comment_status":"open","ping_status":"closed","template":"","meta":{"googlesitekit_rrm_CAow0N7NCw:productID":"","content-type":"","pmpro_default_level":"","_themeisle_gutenberg_block_has_review":false},"product_brand":[392],"product_cat":[259],"product_tag":[],"class_list":{"0":"post-1410789934","1":"product","2":"type-product","3":"status-publish","4":"has-post-thumbnail","6":"product_brand-farmina","7":"product_cat-racoes-alimento-petisco-e-suplemento-caes","8":"pmpro-has-access","10":"first","11":"outofstock","12":"taxable","13":"shipping-taxable","14":"purchasable","15":"product-type-simple"},"_links":{"self":[{"href":"https:\/\/dinhosreef.com\/en\/wp-json\/wp\/v2\/product\/1410789934","targetHints":{"allow":["GET"]}}],"collection":[{"href":"https:\/\/dinhosreef.com\/en\/wp-json\/wp\/v2\/product"}],"about":[{"href":"https:\/\/dinhosreef.com\/en\/wp-json\/wp\/v2\/types\/product"}],"replies":[{"embeddable":true,"href":"https:\/\/dinhosreef.com\/en\/wp-json\/wp\/v2\/comments?post=1410789934"}],"wp:featuredmedia":[{"embeddable":true,"href":"https:\/\/dinhosreef.com\/en\/wp-json\/wp\/v2\/media\/1410789933"}],"wp:attachment":[{"href":"https:\/\/dinhosreef.com\/en\/wp-json\/wp\/v2\/media?parent=1410789934"}],"wp:term":[{"taxonomy":"product_brand","embeddable":true,"href":"https:\/\/dinhosreef.com\/en\/wp-json\/wp\/v2\/product_brand?post=1410789934"},{"taxonomy":"product_cat","embeddable":true,"href":"https:\/\/dinhosreef.com\/en\/wp-json\/wp\/v2\/product_cat?post=1410789934"},{"taxonomy":"product_tag","embeddable":true,"href":"https:\/\/dinhosreef.com\/en\/wp-json\/wp\/v2\/product_tag?post=1410789934"}],"curies":[{"name":"wp","href":"https:\/\/api.w.org\/{rel}","templated":true}]}}