{"id":1410789936,"date":"2026-03-18T16:29:21","date_gmt":"2026-03-18T19:29:21","guid":{"rendered":"https:\/\/dinhosreef.com\/produto\/racao-vet-life-p-caes-adultos-mini-breeds-ultrahypo-101kg\/"},"modified":"2026-03-18T17:13:51","modified_gmt":"2026-03-18T20:13:51","slug":"racao-vet-life-p-caes-adultos-mini-breeds-ultrahypo-101kg","status":"publish","type":"product","link":"https:\/\/dinhosreef.com\/en\/product\/racao-vet-life-p-caes-adultos-mini-breeds-ultrahypo-101kg\/","title":{"rendered":"RA\u00c7\u00c3O VET LIFE P\/ C\u00c3ES ADULTOS MINI BREEDS ULTRAHYPO 10,1KG"},"content":{"rendered":"<h2>Ra\u00e7\u00e3o Vet Life Natural C\u00e3es UltraHypo Ra\u00e7as Pequenas<\/h2>\n<p>A\u00a0<strong>Ra\u00e7\u00e3o Vet Life Natural C\u00e3es UltraHypo Ra\u00e7as Pequenas<\/strong>\u00a0foi produzida com os melhores ingredientes, pensando sempre na sa\u00fade do seu c\u00e3o. Sem adi\u00e7\u00e3o de transg\u00eanicos, com baixo \u00edndice glic\u00eamico, tudo para deixar seu pet melhor.<\/p>\n<p>Alimento coadjuvante indicado para c\u00e3es com hipersensibilidade ou intoler\u00e2ncia alimentar, pode ser utilizada como dieta para diagn\u00f3stico e aux\u00edlio na recupera\u00e7\u00e3o de diarreias alimentares e alergias.<\/p>\n<p><strong>UltraHypo Vet Life<\/strong> cont\u00e9m prote\u00edna hidrolisada de peixe de baixo peso molecular como \u00fanica fonte de proteica e DHA e EPA que modulam a resposta inflamat\u00f3ria do organismo. Com gr\u00e3os adaptados para as ra\u00e7as pequenas, sua formula\u00e7\u00e3o auxilia no controle dos sintomas gastrointestinais e dermatol\u00f3gicos das rea\u00e7\u00f5es adversas aos alimentos.<\/p>\n<h3>Restri\u00e7\u00f5es e outras recomenda\u00e7\u00f5es<\/h3>\n<p>A\u00a0<strong>Ra\u00e7\u00e3o Vet Life Natural Canine UltraHypo Mini Breeds<\/strong>\u00a0\u00e9 contraindicado para filhotes, cadelas em gesta\u00e7\u00e3o ou lacta\u00e7\u00e3o.<\/p>\n<h3>Composi\u00e7\u00e3o b\u00e1sica<\/h3>\n<p>Prote\u00edna hidrolisada de peixe, amido de batata, quirera de arroz, \u00f3leo de peixe, celulose em p\u00f3, DL-metionina, triptofano, taurina, zeolita, beta caroteno, hidrolisado de peixe, vitaminas (retinol (A), colecalciferol (D3), acetato de DL-alfa-tocoferol (E), tiamina (B1), riboflavina (B2), cloridrato de piridoxina (B6), cianocobalamina (B12), \u00e1cido asc\u00f3rbico monofosfato (C),biotina, niacina, \u00e1cido pantot\u00eanico, \u00e1cido f\u00f3lico, cloreto de colina), cloreto de s\u00f3dio, carbonato de c\u00e1lcio, cloreto de pot\u00e1ssio, fosfato bic\u00e1lcico, ferro amino\u00e1cido quelato, cobre amino\u00e1cido quelato, zinco amino\u00e1cido quelato, mangan\u00eas amino\u00e1cido quelato, proteinato de sel\u00eanio, iodato de c\u00e1lcio, propionato de c\u00e1lcio, mono e diglicer\u00eddeos de \u00e1cidos graxos, concentrado de tocofer\u00f3is.<\/p>","protected":false},"excerpt":{"rendered":"<p>Ra\u00e7\u00e3o Vet Life Natural C\u00e3es UltraHypo Ra\u00e7as Pequenas A\u00a0Ra\u00e7\u00e3o Vet Life Natural C\u00e3es UltraHypo Ra\u00e7as Pequenas\u00a0foi produzida com os melhores ingredientes, pensando sempre na sa\u00fade do seu c\u00e3o. Sem adi\u00e7\u00e3o de transg\u00eanicos, com baixo \u00edndice glic\u00eamico, tudo para deixar seu pet melhor. Alimento coadjuvante indicado para c\u00e3es com hipersensibilidade ou intoler\u00e2ncia alimentar, pode ser utilizada [&hellip;]<\/p>\n","protected":false},"featured_media":1410789935,"comment_status":"open","ping_status":"closed","template":"","meta":{"googlesitekit_rrm_CAow0N7NCw:productID":"","content-type":"","pmpro_default_level":"","_themeisle_gutenberg_block_has_review":false},"product_brand":[392],"product_cat":[259],"product_tag":[],"class_list":{"0":"post-1410789936","1":"product","2":"type-product","3":"status-publish","4":"has-post-thumbnail","6":"product_brand-farmina","7":"product_cat-racoes-alimento-petisco-e-suplemento-caes","8":"pmpro-has-access","10":"first","11":"instock","12":"taxable","13":"shipping-taxable","14":"purchasable","15":"product-type-simple"},"_links":{"self":[{"href":"https:\/\/dinhosreef.com\/en\/wp-json\/wp\/v2\/product\/1410789936","targetHints":{"allow":["GET"]}}],"collection":[{"href":"https:\/\/dinhosreef.com\/en\/wp-json\/wp\/v2\/product"}],"about":[{"href":"https:\/\/dinhosreef.com\/en\/wp-json\/wp\/v2\/types\/product"}],"replies":[{"embeddable":true,"href":"https:\/\/dinhosreef.com\/en\/wp-json\/wp\/v2\/comments?post=1410789936"}],"wp:featuredmedia":[{"embeddable":true,"href":"https:\/\/dinhosreef.com\/en\/wp-json\/wp\/v2\/media\/1410789935"}],"wp:attachment":[{"href":"https:\/\/dinhosreef.com\/en\/wp-json\/wp\/v2\/media?parent=1410789936"}],"wp:term":[{"taxonomy":"product_brand","embeddable":true,"href":"https:\/\/dinhosreef.com\/en\/wp-json\/wp\/v2\/product_brand?post=1410789936"},{"taxonomy":"product_cat","embeddable":true,"href":"https:\/\/dinhosreef.com\/en\/wp-json\/wp\/v2\/product_cat?post=1410789936"},{"taxonomy":"product_tag","embeddable":true,"href":"https:\/\/dinhosreef.com\/en\/wp-json\/wp\/v2\/product_tag?post=1410789936"}],"curies":[{"name":"wp","href":"https:\/\/api.w.org\/{rel}","templated":true}]}}