{"id":1410789940,"date":"2026-03-18T16:29:34","date_gmt":"2026-03-18T19:29:34","guid":{"rendered":"https:\/\/dinhosreef.com\/produto\/racao-vet-life-p-caes-adultos-urinary-struvite-101kg\/"},"modified":"2026-04-02T12:30:35","modified_gmt":"2026-04-02T15:30:35","slug":"racao-vet-life-p-caes-adultos-urinary-struvite-101kg","status":"publish","type":"product","link":"https:\/\/dinhosreef.com\/en\/product\/racao-vet-life-p-caes-adultos-urinary-struvite-101kg\/","title":{"rendered":"RA\u00c7\u00c3O VET LIFE P\/ C\u00c3ES ADULTOS URINARY STRUVITE 10,1KG"},"content":{"rendered":"<p>Alimento coadjuvante seco indicado para c\u00e3es adultos com dist\u00farbios urin\u00e1rios provocados pela forma\u00e7\u00e3o de cristais e ur\u00f3litos de estruvita (fosfato am\u00f4nio magnesiano).<\/p>\n<p>Vet Life Natural Canine Urinary Struvite \u00e9 um alimento coadjuvante seco indicado para auxiliar na recupera\u00e7\u00e3o de c\u00e3es com ur\u00f3litos de estruvita. Esse dist\u00farbio urin\u00e1rio quase sempre \u00e9 acompanhado de cistite bacteriana. A baixa concentra\u00e7\u00e3o de prote\u00edna, f\u00f3sforo e magn\u00e9sio contida em Vet Life Natural Canine Urinary Struvite gera um ambiente desfavor\u00e1vel para a concentra\u00e7\u00e3o e precipita\u00e7\u00e3o de cristais. O produto \u00e9 formulado para manter um pH \u00e1cido favorecendo a dissolu\u00e7\u00e3o e inibindo a forma\u00e7\u00e3o de novos cristais.<\/p>\n<p>RESTRI\u00c7\u00d5ES E OUTRAS RECOMENDA\u00c7\u00d5ES: Vet Life Natural Canine Urinary Struvite \u00e9 contraindicado para filhotes, cadelas em gesta\u00e7\u00e3o e lacta\u00e7\u00e3o; c\u00e3es com c\u00e1lculos que n\u00e3o sejam de estruvita; administra\u00e7\u00e3o simult\u00e2nea de acidificante urin\u00e1rio e animais que n\u00e3o apresentem sintomatologia de dist\u00farbios urin\u00e1rios.<\/p>\n<p><strong><span class=\"titoletto\">Benef\u00edcios<\/span><\/strong><\/p>\n<p class=\"comp\">100% Livre de Ingredientes Geneticamente Modificados: Garantia de uma nutri\u00e7\u00e3o natural e de alta qualidade<\/p>\n<p>Teores Reduzidos de Prote\u00edna: Com uma quantidade reduzida de prote\u00ednas, ajuda a diminuir a forma\u00e7\u00e3o de am\u00f4nia na urina, contribuindo para a sa\u00fade urin\u00e1ria do c\u00e3o.<\/p>\n<p>Controle do pH Urin\u00e1rio: Mant\u00e9m um pH urin\u00e1rio \u00e1cido, o que favorece a dissolu\u00e7\u00e3o dos cristais existentes e inibe a forma\u00e7\u00e3o de novos c\u00e1lculos de estruvita.<\/p>\n<p>Redu\u00e7\u00e3o de F\u00f3sforo e Magn\u00e9sio: O produto apresenta baixos n\u00edveis de f\u00f3sforo e magn\u00e9sio, criando um ambiente desfavor\u00e1vel para a forma\u00e7\u00e3o e precipita\u00e7\u00e3o de cristais urin\u00e1rios.<\/p>","protected":false},"excerpt":{"rendered":"<p>Alimento coadjuvante seco indicado para c\u00e3es adultos com dist\u00farbios urin\u00e1rios provocados pela forma\u00e7\u00e3o de cristais e ur\u00f3litos de estruvita (fosfato am\u00f4nio magnesiano). Vet Life Natural Canine Urinary Struvite \u00e9 um alimento coadjuvante seco indicado para auxiliar na recupera\u00e7\u00e3o de c\u00e3es com ur\u00f3litos de estruvita. Esse dist\u00farbio urin\u00e1rio quase sempre \u00e9 acompanhado de cistite bacteriana. A [&hellip;]<\/p>\n","protected":false},"featured_media":1410789939,"comment_status":"open","ping_status":"closed","template":"","meta":{"googlesitekit_rrm_CAow0N7NCw:productID":"","content-type":"","pmpro_default_level":"","_themeisle_gutenberg_block_has_review":false},"product_brand":[392],"product_cat":[259],"product_tag":[],"class_list":{"0":"post-1410789940","1":"product","2":"type-product","3":"status-publish","4":"has-post-thumbnail","6":"product_brand-farmina","7":"product_cat-racoes-alimento-petisco-e-suplemento-caes","8":"pmpro-has-access","10":"first","11":"outofstock","12":"taxable","13":"shipping-taxable","14":"purchasable","15":"product-type-simple"},"_links":{"self":[{"href":"https:\/\/dinhosreef.com\/en\/wp-json\/wp\/v2\/product\/1410789940","targetHints":{"allow":["GET"]}}],"collection":[{"href":"https:\/\/dinhosreef.com\/en\/wp-json\/wp\/v2\/product"}],"about":[{"href":"https:\/\/dinhosreef.com\/en\/wp-json\/wp\/v2\/types\/product"}],"replies":[{"embeddable":true,"href":"https:\/\/dinhosreef.com\/en\/wp-json\/wp\/v2\/comments?post=1410789940"}],"wp:featuredmedia":[{"embeddable":true,"href":"https:\/\/dinhosreef.com\/en\/wp-json\/wp\/v2\/media\/1410789939"}],"wp:attachment":[{"href":"https:\/\/dinhosreef.com\/en\/wp-json\/wp\/v2\/media?parent=1410789940"}],"wp:term":[{"taxonomy":"product_brand","embeddable":true,"href":"https:\/\/dinhosreef.com\/en\/wp-json\/wp\/v2\/product_brand?post=1410789940"},{"taxonomy":"product_cat","embeddable":true,"href":"https:\/\/dinhosreef.com\/en\/wp-json\/wp\/v2\/product_cat?post=1410789940"},{"taxonomy":"product_tag","embeddable":true,"href":"https:\/\/dinhosreef.com\/en\/wp-json\/wp\/v2\/product_tag?post=1410789940"}],"curies":[{"name":"wp","href":"https:\/\/api.w.org\/{rel}","templated":true}]}}