{"id":1410789952,"date":"2026-03-18T17:00:09","date_gmt":"2026-03-18T20:00:09","guid":{"rendered":"https:\/\/dinhosreef.com\/produto\/racao-nd-ancestral-select-para-caes-filhotes-medium-15kg\/"},"modified":"2026-03-26T12:13:54","modified_gmt":"2026-03-26T15:13:54","slug":"racao-nd-ancestral-select-para-caes-filhotes-medium-15kg","status":"publish","type":"product","link":"https:\/\/dinhosreef.com\/en\/product\/racao-nd-ancestral-select-para-caes-filhotes-medium-15kg\/","title":{"rendered":"RA\u00c7\u00c3O ND ANCESTRAL SELECT PARA C\u00c3ES FILHOTES MEDIUM 15KG"},"content":{"rendered":"<h2>Ra\u00e7\u00e3o N&amp;D Ancestral Selection C\u00e3es Filhotes M\u00e9dios<\/h2>\n<p>A\u00a0<strong>Ra\u00e7\u00e3o N&amp;D Ancestral Grain Selection<\/strong>\u00a0\u00e9 completa e balanceada, feita com ingredientes selecionados e de alta qualidade, carnes nobres, cereais ancestrais de baixo \u00edndice glic\u00eamico, frutas e legumes.<\/p>\n<p>Com mais de 90% de prote\u00ednas de origem animal de alto valor biol\u00f3gico, a\u00a0<strong>Ra\u00e7\u00e3o N&amp;D Ancestral Selection para C\u00e3es Filhotes<\/strong>\u00a0cont\u00e9m glucosamina e condroitina que ajudam a manter as articula\u00e7\u00f5es saud\u00e1veis e antioxidantes naturais, extratos ricos em tocofer\u00f3is.<\/p>\n<p>Livre de transg\u00eanicos, corantes e aromatizantes artificiais, a\u00a0<strong>Ra\u00e7\u00e3o N&amp;D Ancestral Grain Selection<\/strong> \u00e9 ideal para c\u00e3es filhotes de ra\u00e7as m\u00e9dias. \u00c9 um alimento natural, saud\u00e1vel, seguro e tamb\u00e9m pode ser oferecido para cadelas no ter\u00e7o final de gesta\u00e7\u00e3o e em lacta\u00e7\u00e3o.<\/p>\n<h3>Tamanho do gr\u00e3o<\/h3>\n<p>Di\u00e2metro 9-11mm x Espessura 3-5mm.<\/p>\n<h3>Composi\u00e7\u00e3o B\u00e1sica<\/h3>\n<p>Carne de frango (mecanicamente separada), farinha de v\u00edsceras de aves, ovo em p\u00f3, aveia, gr\u00e3os de sorgo, cevada em gr\u00e3os, farinha de peixe, \u00f3leo de frango, \u00f3leo de peixe, polpa de beterraba, casca de ervilha, semente de psyllium, levedura seca de cervejaria, ab\u00f3bora desidratada, br\u00f3colis desidratado, cenoura desidratada, espinafre desidratado, ma\u00e7\u00e3 desidratada, extrato de mirtilo (blueberry), aditivos prebi\u00f3ticos (FOS e MOS), DL-metionina, taurina, L-carnitina, sulfato de condroitina, sulfato de glicosamina, aditivos adsorventes (extrato de yucca e zeolita), hidrolisado de f\u00edgado de aves e su\u00ednos, vitaminas (retinol (A), colecalciferol (D3), acetato de DL-alfa-tocoferol (E), tiamina (B1), riboflavina (B2), cloridrato de piridoxina (B6), cianocobalamina (B12), \u00e1cido asc\u00f3rbico monofosfato (C), biotina, niacina, \u00e1cido pantot\u00eanico, \u00e1cido f\u00f3lico, cloreto de colina), cloreto de pot\u00e1ssio, ferro amino\u00e1cido quelato, cobre amino\u00e1cido quelato, zinco amino\u00e1cido quelato, mangan\u00eas amino\u00e1cido quelato, proteinato de sel\u00eanio, iodato de c\u00e1lcio, propionato de c\u00e1lcio, concentrado de tocofer\u00f3is.<\/p>","protected":false},"excerpt":{"rendered":"<p>Ra\u00e7\u00e3o N&amp;D Ancestral Selection C\u00e3es Filhotes M\u00e9dios A\u00a0Ra\u00e7\u00e3o N&amp;D Ancestral Grain Selection\u00a0\u00e9 completa e balanceada, feita com ingredientes selecionados e de alta qualidade, carnes nobres, cereais ancestrais de baixo \u00edndice glic\u00eamico, frutas e legumes. Com mais de 90% de prote\u00ednas de origem animal de alto valor biol\u00f3gico, a\u00a0Ra\u00e7\u00e3o N&amp;D Ancestral Selection para C\u00e3es Filhotes\u00a0cont\u00e9m glucosamina [&hellip;]<\/p>\n","protected":false},"featured_media":1410789951,"comment_status":"open","ping_status":"closed","template":"","meta":{"googlesitekit_rrm_CAow0N7NCw:productID":"","content-type":"","pmpro_default_level":"","_themeisle_gutenberg_block_has_review":false},"product_brand":[392],"product_cat":[259],"product_tag":[],"class_list":{"0":"post-1410789952","1":"product","2":"type-product","3":"status-publish","4":"has-post-thumbnail","6":"product_brand-farmina","7":"product_cat-racoes-alimento-petisco-e-suplemento-caes","8":"pmpro-has-access","10":"first","11":"outofstock","12":"taxable","13":"shipping-taxable","14":"purchasable","15":"product-type-simple"},"_links":{"self":[{"href":"https:\/\/dinhosreef.com\/en\/wp-json\/wp\/v2\/product\/1410789952","targetHints":{"allow":["GET"]}}],"collection":[{"href":"https:\/\/dinhosreef.com\/en\/wp-json\/wp\/v2\/product"}],"about":[{"href":"https:\/\/dinhosreef.com\/en\/wp-json\/wp\/v2\/types\/product"}],"replies":[{"embeddable":true,"href":"https:\/\/dinhosreef.com\/en\/wp-json\/wp\/v2\/comments?post=1410789952"}],"wp:featuredmedia":[{"embeddable":true,"href":"https:\/\/dinhosreef.com\/en\/wp-json\/wp\/v2\/media\/1410789951"}],"wp:attachment":[{"href":"https:\/\/dinhosreef.com\/en\/wp-json\/wp\/v2\/media?parent=1410789952"}],"wp:term":[{"taxonomy":"product_brand","embeddable":true,"href":"https:\/\/dinhosreef.com\/en\/wp-json\/wp\/v2\/product_brand?post=1410789952"},{"taxonomy":"product_cat","embeddable":true,"href":"https:\/\/dinhosreef.com\/en\/wp-json\/wp\/v2\/product_cat?post=1410789952"},{"taxonomy":"product_tag","embeddable":true,"href":"https:\/\/dinhosreef.com\/en\/wp-json\/wp\/v2\/product_tag?post=1410789952"}],"curies":[{"name":"wp","href":"https:\/\/api.w.org\/{rel}","templated":true}]}}