{"id":1410789956,"date":"2026-03-18T17:00:23","date_gmt":"2026-03-18T20:00:23","guid":{"rendered":"https:\/\/dinhosreef.com\/produto\/racao-nd-quinoa-p-caes-adultos-digestioni-cordeiro-800g\/"},"modified":"2026-04-06T16:53:57","modified_gmt":"2026-04-06T19:53:57","slug":"racao-nd-quinoa-p-caes-adultos-digestioni-cordeiro-800g","status":"publish","type":"product","link":"https:\/\/dinhosreef.com\/en\/product\/racao-nd-quinoa-p-caes-adultos-digestioni-cordeiro-800g\/","title":{"rendered":"RA\u00c7\u00c3O ND QUINOA P\/ C\u00c3ES ADULTOS DIGESTIONI CORDEIRO 800G"},"content":{"rendered":"<h2>Ra\u00e7\u00e3o N&amp;D Quinoa C\u00e3es Adultos Digestion Cordeiro<\/h2>\n<p>A\u00a0<strong>Ra\u00e7\u00e3o N&amp;D Quinoa C\u00e3es Adultos Digestion<\/strong>\u00a0\u00e9 um alimento completo e balanceado desenvolvido para c\u00e3es adultos com sensibilidade digestiva. Feita pela Farmina,\u00a0<strong>N&amp;D Quinoa<\/strong>\u00a0\u00e9 uma linha de alimentos funcionais para o bem-estar de c\u00e3es com necessidades nutricionais espec\u00edficas.<\/p>\n<p>Sem cereais e com mais de 90% de prote\u00edna de origem animal de fontes inovadoras como o cordeiro, a\u00a0<strong>Ra\u00e7\u00e3o N&amp;D Quinoa Digestion<\/strong>\u00a0cont\u00e9m quinoa, um ingrediente precioso cheio de propriedades nutricionais que favorecem a digest\u00e3o, a absor\u00e7\u00e3o de nutrientes e a sa\u00fade intestinal.<\/p>\n<p>Possui tamb\u00e9m ingredientes naturais como alcachofra, hortel\u00e3 e erva-doce. Essa ra\u00e7\u00e3o n\u00e3o cont\u00e9m gl\u00faten, transg\u00eanicos ou cereais, o que a deixa com baixo \u00edndice glic\u00eamico e conta com vitaminas essenciais para manter a sa\u00fade e bem-estar do seu cachorro.<\/p>\n<h3>Tamanho do gr\u00e3o<\/h3>\n<p>Di\u00e2metro 15-17mm x Espessura 8-10mm<\/p>\n<h3>Ingredientes<\/h3>\n<p>Carne de ovino (cordeiro), farinha de carne e ossos de ovino (m\u00edn. 3%), farinha de v\u00edsceras de aves, ovo em p\u00f3, gr\u00e3o de quinoa (m\u00edn. 5%), amido de batata, amido de mandioca, \u00f3leo de frango, \u00f3leo de peixe, polpa de beterraba, semente de psyllium, levedura seca de cervejaria, erva-doce desidratada (m\u00edn. 0,15%), hortel\u00e3 desidratada (m\u00edn. 0,15%), alcachofra desidratada (m\u00edn. 0,15%), extrato de ch\u00e1 verde, extrato de aloe vera, beta caroteno, aditivos prebi\u00f3ticos (FOS e MOS), DL-metionina, taurina, L-carnitina, sulfato de condroitina, sulfato de glicosamina, aditivos adsorventes (extrato de yucca e zeolita), hidrolisado de f\u00edgado de aves e su\u00ednos, vitaminas (A, D3, E, B1, B2, B5, B6, B12, C, biotina, niacina, \u00e1cido f\u00f3lico, cloreto de colina), cloreto de pot\u00e1ssio, carbonato de c\u00e1lcio, fosfato bic\u00e1lcico, ferro amino\u00e1cido quelato, cobre amino\u00e1cido quelato, zinco amino\u00e1cido quelato, mangan\u00eas amino\u00e1cido quelato, proteinato de sel\u00eanio, iodato de c\u00e1lcio, propionato de c\u00e1lcio, mono e diglicer\u00eddeos de \u00e1cidos graxos, concentrado de tocofer\u00f3is.<br \/>Eventuais substitutivos: prote\u00edna hidrolisada de peixe, prote\u00edna hidrolisada de frango.<\/p>","protected":false},"excerpt":{"rendered":"<p>Ra\u00e7\u00e3o N&amp;D Quinoa C\u00e3es Adultos Digestion Cordeiro A\u00a0Ra\u00e7\u00e3o N&amp;D Quinoa C\u00e3es Adultos Digestion\u00a0\u00e9 um alimento completo e balanceado desenvolvido para c\u00e3es adultos com sensibilidade digestiva. Feita pela Farmina,\u00a0N&amp;D Quinoa\u00a0\u00e9 uma linha de alimentos funcionais para o bem-estar de c\u00e3es com necessidades nutricionais espec\u00edficas. Sem cereais e com mais de 90% de prote\u00edna de origem animal [&hellip;]<\/p>\n","protected":false},"featured_media":1410789955,"comment_status":"open","ping_status":"closed","template":"","meta":{"googlesitekit_rrm_CAow0N7NCw:productID":"","content-type":"","pmpro_default_level":"","_themeisle_gutenberg_block_has_review":false},"product_brand":[392],"product_cat":[259],"product_tag":[],"class_list":{"0":"post-1410789956","1":"product","2":"type-product","3":"status-publish","4":"has-post-thumbnail","6":"product_brand-farmina","7":"product_cat-racoes-alimento-petisco-e-suplemento-caes","8":"pmpro-has-access","10":"first","11":"outofstock","12":"taxable","13":"shipping-taxable","14":"purchasable","15":"product-type-simple"},"_links":{"self":[{"href":"https:\/\/dinhosreef.com\/en\/wp-json\/wp\/v2\/product\/1410789956","targetHints":{"allow":["GET"]}}],"collection":[{"href":"https:\/\/dinhosreef.com\/en\/wp-json\/wp\/v2\/product"}],"about":[{"href":"https:\/\/dinhosreef.com\/en\/wp-json\/wp\/v2\/types\/product"}],"replies":[{"embeddable":true,"href":"https:\/\/dinhosreef.com\/en\/wp-json\/wp\/v2\/comments?post=1410789956"}],"wp:featuredmedia":[{"embeddable":true,"href":"https:\/\/dinhosreef.com\/en\/wp-json\/wp\/v2\/media\/1410789955"}],"wp:attachment":[{"href":"https:\/\/dinhosreef.com\/en\/wp-json\/wp\/v2\/media?parent=1410789956"}],"wp:term":[{"taxonomy":"product_brand","embeddable":true,"href":"https:\/\/dinhosreef.com\/en\/wp-json\/wp\/v2\/product_brand?post=1410789956"},{"taxonomy":"product_cat","embeddable":true,"href":"https:\/\/dinhosreef.com\/en\/wp-json\/wp\/v2\/product_cat?post=1410789956"},{"taxonomy":"product_tag","embeddable":true,"href":"https:\/\/dinhosreef.com\/en\/wp-json\/wp\/v2\/product_tag?post=1410789956"}],"curies":[{"name":"wp","href":"https:\/\/api.w.org\/{rel}","templated":true}]}}