{"id":1410789958,"date":"2026-03-18T17:08:45","date_gmt":"2026-03-18T20:08:45","guid":{"rendered":"https:\/\/dinhosreef.com\/produto\/racao-nd-pumpkin-p-caes-adultos-frango-medium-25kg\/"},"modified":"2026-03-18T17:15:00","modified_gmt":"2026-03-18T20:15:00","slug":"racao-nd-pumpkin-p-caes-adultos-frango-medium-25kg","status":"publish","type":"product","link":"https:\/\/dinhosreef.com\/en\/product\/racao-nd-pumpkin-p-caes-adultos-frango-medium-25kg\/","title":{"rendered":"RA\u00c7\u00c3O ND PUMPKIN P\/ C\u00c3ES ADULTOS FRANGO MEDIUM 2,5KG"},"content":{"rendered":"<h2>Ra\u00e7\u00e3o N&amp;D Pumpkin C\u00e3es Adultos Ra\u00e7as M\u00e9dias Frango, Ab\u00f3bora e Rom\u00e3<\/h2>\n<p>A\u00a0<strong>Ra\u00e7\u00e3o N&amp;D Pumpkin C\u00e3es Adultos Ra\u00e7as M\u00e9dias<\/strong>\u00a0\u00e9 um alimento Grain Free, livre de cereais, sem transg\u00eanicos e apenas conservado naturalmente, sem corantes e conservantes artificiais. Com baixa quantidade de carboidratos e gorduras de origem animal de f\u00e1cil assimila\u00e7\u00e3o.<\/p>\n<p>A\u00a0<strong>Ra\u00e7\u00e3o N&amp;D Pumpkin para C\u00e3es Adultos<\/strong>\u00a0tem ess\u00eancias bot\u00e2nicas com propriedades antioxidantes, al\u00e9m de vitaminas e minerais em quantidades equilibradas complementadas por frutas, verduras e legumes, essenciais e necess\u00e1rios para a sa\u00fade do seu amigo.<\/p>\n<p>A linha\u00a0<strong>N&amp;D Pumpkin<\/strong> foi elaborada com 96% das prote\u00ednas de origem animal e ab\u00f3bora, que \u00e9 fonte natural de fibras, betacaroteno e contribui para manter o sistema imunol\u00f3gico forte, al\u00e9m de colaborar com a sa\u00fade digestiva, urin\u00e1ria, preven\u00e7\u00e3o do c\u00e2ncer, entre outros.<\/p>\n<h3>Tamanho do gr\u00e3o<\/h3>\n<p>Di\u00e2metro 12-14mm x Espessura 5-7mm<\/p>\n<h3>Ingredientes<\/h3>\n<p>Carne de frango (mecanicamente separada), farinha de v\u00edsceras de aves (m\u00edn. 10%), ab\u00f3bora desidratada (m\u00edn. 2,5%), ovo em p\u00f3, farinha de peixe, amido de batata, amido de mandioca, \u00f3leo de peixe, \u00f3leo de frango, polpa de beterraba, casca de ervilha, alfafa desidratada, lignocelulose, semente de psyllium, levedura seca de cervejaria, cenoura desidratada, espinafre desidratado, laranja desidratada, ma\u00e7\u00e3 desidratada, extrato de mirtilo (blueberry), extrato de rom\u00e3 (m\u00edn. 0,075%), extrato de ch\u00e1 verde, extrato de aloe vera, c\u00farcuma em p\u00f3, beta caroteno, aditivos prebi\u00f3ticos (FOS e MOS), DL-metionina, taurina, L-carnitina, sulfato de condroitina, sulfato de glicosamina, aditivos adsorventes (extrato de yucca e zeolita), hidrolisado de f\u00edgado de aves e su\u00ednos, vitaminas (A, D3, E, B1, B2, B6, B12, C, biotina, niacina, \u00e1cido pantot\u00eanico, \u00e1cido f\u00f3lico, cloreto de colina), cloreto de pot\u00e1ssio, ferro amino\u00e1cido quelato, cobre amino\u00e1cido quelato, zinco amino\u00e1cido quelato, mangan\u00eas amino\u00e1cido quelato, proteinato de sel\u00eanio, iodato de c\u00e1lcio, propionato de c\u00e1lcio, concentrado de tocofer\u00f3is.<br \/>Eventuais substitutivos: prote\u00edna hidrolisada de peixe, prote\u00edna hidrolisada de frango.<\/p>","protected":false},"excerpt":{"rendered":"<p>Ra\u00e7\u00e3o N&amp;D Pumpkin C\u00e3es Adultos Ra\u00e7as M\u00e9dias Frango, Ab\u00f3bora e Rom\u00e3 A\u00a0Ra\u00e7\u00e3o N&amp;D Pumpkin C\u00e3es Adultos Ra\u00e7as M\u00e9dias\u00a0\u00e9 um alimento Grain Free, livre de cereais, sem transg\u00eanicos e apenas conservado naturalmente, sem corantes e conservantes artificiais. Com baixa quantidade de carboidratos e gorduras de origem animal de f\u00e1cil assimila\u00e7\u00e3o. A\u00a0Ra\u00e7\u00e3o N&amp;D Pumpkin para C\u00e3es Adultos\u00a0tem [&hellip;]<\/p>\n","protected":false},"featured_media":1410789957,"comment_status":"open","ping_status":"closed","template":"","meta":{"googlesitekit_rrm_CAow0N7NCw:productID":"","content-type":"","pmpro_default_level":"","_themeisle_gutenberg_block_has_review":false},"product_brand":[392],"product_cat":[259],"product_tag":[],"class_list":{"0":"post-1410789958","1":"product","2":"type-product","3":"status-publish","4":"has-post-thumbnail","6":"product_brand-farmina","7":"product_cat-racoes-alimento-petisco-e-suplemento-caes","8":"pmpro-has-access","10":"first","11":"outofstock","12":"taxable","13":"shipping-taxable","14":"purchasable","15":"product-type-simple"},"_links":{"self":[{"href":"https:\/\/dinhosreef.com\/en\/wp-json\/wp\/v2\/product\/1410789958","targetHints":{"allow":["GET"]}}],"collection":[{"href":"https:\/\/dinhosreef.com\/en\/wp-json\/wp\/v2\/product"}],"about":[{"href":"https:\/\/dinhosreef.com\/en\/wp-json\/wp\/v2\/types\/product"}],"replies":[{"embeddable":true,"href":"https:\/\/dinhosreef.com\/en\/wp-json\/wp\/v2\/comments?post=1410789958"}],"wp:featuredmedia":[{"embeddable":true,"href":"https:\/\/dinhosreef.com\/en\/wp-json\/wp\/v2\/media\/1410789957"}],"wp:attachment":[{"href":"https:\/\/dinhosreef.com\/en\/wp-json\/wp\/v2\/media?parent=1410789958"}],"wp:term":[{"taxonomy":"product_brand","embeddable":true,"href":"https:\/\/dinhosreef.com\/en\/wp-json\/wp\/v2\/product_brand?post=1410789958"},{"taxonomy":"product_cat","embeddable":true,"href":"https:\/\/dinhosreef.com\/en\/wp-json\/wp\/v2\/product_cat?post=1410789958"},{"taxonomy":"product_tag","embeddable":true,"href":"https:\/\/dinhosreef.com\/en\/wp-json\/wp\/v2\/product_tag?post=1410789958"}],"curies":[{"name":"wp","href":"https:\/\/api.w.org\/{rel}","templated":true}]}}