{"id":1410789960,"date":"2026-03-18T17:08:50","date_gmt":"2026-03-18T20:08:50","guid":{"rendered":"https:\/\/dinhosreef.com\/produto\/racao-nd-spirulina-p-gatos-adultos-tilapia-15kg\/"},"modified":"2026-03-18T17:14:56","modified_gmt":"2026-03-18T20:14:56","slug":"racao-nd-spirulina-p-gatos-adultos-tilapia-15kg","status":"publish","type":"product","link":"https:\/\/dinhosreef.com\/en\/product\/racao-nd-spirulina-p-gatos-adultos-tilapia-15kg\/","title":{"rendered":"RA\u00c7\u00c3O ND SPIRULINA P\/ GATOS ADULTOS TILAPIA 1,5KG"},"content":{"rendered":"<h2>Ra\u00e7\u00e3o N&amp;D Spirulina Gatos Adultos Til\u00e1pia<\/h2>\n<p>A\u00a0<strong>Ra\u00e7\u00e3o N&amp;D Spirulina Gatos Adultos Til\u00e1pia<\/strong>\u00a0proporciona ao seu gato uma alimenta\u00e7\u00e3o completa e balanceada com muito sabor e qualidade. Feita com ingredientes selecionados, esta ra\u00e7\u00e3o n\u00e3o cont\u00e9m corantes e aromas artificiais, transg\u00eanicos e gr\u00e3os, al\u00e9m disso, \u00e9 conservada naturalmente preservando o sabor irresist\u00edvel de til\u00e1pia.<\/p>\n<p>A Spirulina \u00e9 um ingrediente indispens\u00e1vel para favorecer a sa\u00fade como um todo, pois possui 4 vezes mais pot\u00e1ssio que a banana, 9 vezes mais ferro que o espinafre e a mesma quantidade de c\u00e1lcio que o leite. Al\u00e9m de outros benef\u00edcios para o organismo, como:<\/p>\n<ul>\n<li>Estimular o sistema imunol\u00f3gico;<\/li>\n<li>Alta prote\u00edna;<\/li>\n<li>Melhorar a sa\u00fade da pele e pelagem;<\/li>\n<li>Auxiliar na manuten\u00e7\u00e3o da massa magra;<\/li>\n<li>Possuir todos os amino\u00e1cidos essenciais;<\/li>\n<li>Fonte de fibra;<\/li>\n<li>Fonte de \u00e1cidos graxos \u00f4mega-3 com efeito anti-inflamat\u00f3rio;<\/li>\n<li>Rica em vitaminas, antioxidantes, ferro e magn\u00e9sio.<\/li>\n<\/ul>\n<p>\u00a0<\/p>\n<h3>Ingredientes<\/h3>\n<p>Carne mecanicamente separada de til\u00e1pia (m\u00edn. 5%), farinha de peixe, farinha de v\u00edsceras de aves, farinha de torresmo, ovo em p\u00f3, amido de batata, amido de mandioca, \u00f3leo de peixe, \u00f3leo de frango, polpa de beterraba, celulose em p\u00f3, semente de linha\u00e7a, casca de ervilha, alfafa desidratada, semente de psyllium, levedura seca de cervejaria, biomassa de microalgas desidratada (Spirulina spp.) (m\u00edn. 0,5%), goji berry (m\u00edn. 0,075%), cenoura desidratada, espinafre desidratado, extrato de aloe vera, c\u00farcuma em p\u00f3, beta caroteno, aditivos prebi\u00f3ticos (FOS e MOS), DL-metionina, taurina, L-carnitina, sulfato de condroitina, sulfato de glicosamina, aditivos adsorventes (extrato de yucca e zeolita), hidrolisado de f\u00edgado de aves e su\u00ednos, vitaminas (A, D3, E, B1, B2, B5, B6, B12, C, biotina, niacina, \u00e1cido f\u00f3lico, cloreto de colina), cloreto de am\u00f4nio, cloreto de s\u00f3dio, cloreto de pot\u00e1ssio, ferro amino\u00e1cido quelato, cobre amino\u00e1cido quelato, zinco amino\u00e1cido quelato, mangan\u00eas amino\u00e1cido quelato, proteinato de sel\u00eanio, iodato de c\u00e1lcio, propionato de c\u00e1lcio, concentrado de tocofer\u00f3is.<br \/>Eventuais substitutivos: prote\u00edna hidrolisada de peixe, prote\u00edna hidrolisada de frango.<\/p>","protected":false},"excerpt":{"rendered":"<p>Ra\u00e7\u00e3o N&amp;D Spirulina Gatos Adultos Til\u00e1pia A\u00a0Ra\u00e7\u00e3o N&amp;D Spirulina Gatos Adultos Til\u00e1pia\u00a0proporciona ao seu gato uma alimenta\u00e7\u00e3o completa e balanceada com muito sabor e qualidade. Feita com ingredientes selecionados, esta ra\u00e7\u00e3o n\u00e3o cont\u00e9m corantes e aromas artificiais, transg\u00eanicos e gr\u00e3os, al\u00e9m disso, \u00e9 conservada naturalmente preservando o sabor irresist\u00edvel de til\u00e1pia. A Spirulina \u00e9 um [&hellip;]<\/p>\n","protected":false},"featured_media":1410789959,"comment_status":"open","ping_status":"closed","template":"","meta":{"googlesitekit_rrm_CAow0N7NCw:productID":"","content-type":"","pmpro_default_level":"","_themeisle_gutenberg_block_has_review":false},"product_brand":[392],"product_cat":[256],"product_tag":[],"class_list":{"0":"post-1410789960","1":"product","2":"type-product","3":"status-publish","4":"has-post-thumbnail","6":"product_brand-farmina","7":"product_cat-racoes","8":"pmpro-has-access","10":"first","11":"outofstock","12":"taxable","13":"shipping-taxable","14":"purchasable","15":"product-type-simple"},"_links":{"self":[{"href":"https:\/\/dinhosreef.com\/en\/wp-json\/wp\/v2\/product\/1410789960","targetHints":{"allow":["GET"]}}],"collection":[{"href":"https:\/\/dinhosreef.com\/en\/wp-json\/wp\/v2\/product"}],"about":[{"href":"https:\/\/dinhosreef.com\/en\/wp-json\/wp\/v2\/types\/product"}],"replies":[{"embeddable":true,"href":"https:\/\/dinhosreef.com\/en\/wp-json\/wp\/v2\/comments?post=1410789960"}],"wp:featuredmedia":[{"embeddable":true,"href":"https:\/\/dinhosreef.com\/en\/wp-json\/wp\/v2\/media\/1410789959"}],"wp:attachment":[{"href":"https:\/\/dinhosreef.com\/en\/wp-json\/wp\/v2\/media?parent=1410789960"}],"wp:term":[{"taxonomy":"product_brand","embeddable":true,"href":"https:\/\/dinhosreef.com\/en\/wp-json\/wp\/v2\/product_brand?post=1410789960"},{"taxonomy":"product_cat","embeddable":true,"href":"https:\/\/dinhosreef.com\/en\/wp-json\/wp\/v2\/product_cat?post=1410789960"},{"taxonomy":"product_tag","embeddable":true,"href":"https:\/\/dinhosreef.com\/en\/wp-json\/wp\/v2\/product_tag?post=1410789960"}],"curies":[{"name":"wp","href":"https:\/\/api.w.org\/{rel}","templated":true}]}}