{"id":1410789964,"date":"2026-03-18T17:09:03","date_gmt":"2026-03-18T20:09:03","guid":{"rendered":"https:\/\/dinhosreef.com\/produto\/racao-nd-ocean-p-caes-filhotes-mini-salmao-800g\/"},"modified":"2026-03-18T17:14:46","modified_gmt":"2026-03-18T20:14:46","slug":"racao-nd-ocean-p-caes-filhotes-mini-salmao-800g","status":"publish","type":"product","link":"https:\/\/dinhosreef.com\/en\/product\/racao-nd-ocean-p-caes-filhotes-mini-salmao-800g\/","title":{"rendered":"RA\u00c7\u00c3O ND OCEAN P\/C\u00c3ES FILHOTES MINI SALM\u00c3O 800G"},"content":{"rendered":"<h2>Ra\u00e7\u00e3o N&amp;D Ocean C\u00e3es Filhotes Ra\u00e7as Pequenas Salm\u00e3o e Mel\u00e3o<\/h2>\n<p>A\u00a0<strong>Ra\u00e7\u00e3o N&amp;D Ocean C\u00e3es Filhotes Ra\u00e7as Pequenas Salm\u00e3o e Mel\u00e3o<\/strong>\u00a0\u00e9 um alimento completo e balanceado indicado para c\u00e3es filhotes de ra\u00e7as mini e pequenas e para cadelas no ter\u00e7o final de gesta\u00e7\u00e3o e em lacta\u00e7\u00e3o.<\/p>\n<p>Desenvolvida com carnes nobres, legumes e mel\u00e3o, a\u00a0<strong>Ra\u00e7\u00e3o N&amp;D Ocean<\/strong> \u00e9 uma \u00f3tima op\u00e7\u00e3o para uma alimenta\u00e7\u00e3o saud\u00e1vel, com sabor de salm\u00e3o que os c\u00e3es v\u00e3o adorar, al\u00e9m de ser feita com conservantes naturais e totalmente livre de transg\u00eanicos.<\/p>\n<h3>Ingredientes<\/h3>\n<p>Salm\u00e3o (carne mecanicamente separada de salm\u00e3o, farinha de salm\u00e3o \u2013 m\u00edn. 8%), farinha de peixe, farinha de v\u00edsceras de aves, farinha de torresmo, ovo em p\u00f3, amido de batata, amido de mandioca, \u00f3leo de peixe, \u00f3leo de frango, polpa de beterraba, casca de ervilha, alfafa desidratada, celulose em p\u00f3, lignocelulose, semente de psyllium, levedura seca de cervejaria, mel\u00e3o desidratado (m\u00edn. 0,1%), cenoura desidratada, espinafre desidratado, laranja desidratada, ma\u00e7\u00e3 desidratada, extrato de mirtilo (blueberry), rom\u00e3 desidratada, extrato de ch\u00e1 verde, extrato de aloe vera, c\u00farcuma em p\u00f3, beta caroteno, aditivos prebi\u00f3ticos (FOS e MOS), DL-metionina, taurina, L-carnitina, sulfato de condroitina, sulfato de glicosamina, aditivos adsorventes (extrato de yucca e zeolita), hidrolisado de peixe, vitaminas (retinol (A), colecalciferol (D3), acetato de DL-alfa-tocoferol (E), tiamina (B1), riboflavina (B2), cloridrato de piridoxina (B6), cianocobalamina (B12), \u00e1cido asc\u00f3rbico monofosfato (C), biotina, niacina, \u00e1cido pantot\u00eanico, \u00e1cido f\u00f3lico, cloreto de colina), cloreto de pot\u00e1ssio, ferro amino\u00e1cido quelato, cobre amino\u00e1cido quelato, zinco amino\u00e1cido quelato, mangan\u00eas amino\u00e1cido quelato, proteinato de sel\u00eanio, iodato de c\u00e1lcio, propionato de c\u00e1lcio, concentrado de tocofer\u00f3is.<\/p>","protected":false},"excerpt":{"rendered":"<p>Ra\u00e7\u00e3o N&amp;D Ocean C\u00e3es Filhotes Ra\u00e7as Pequenas Salm\u00e3o e Mel\u00e3o A\u00a0Ra\u00e7\u00e3o N&amp;D Ocean C\u00e3es Filhotes Ra\u00e7as Pequenas Salm\u00e3o e Mel\u00e3o\u00a0\u00e9 um alimento completo e balanceado indicado para c\u00e3es filhotes de ra\u00e7as mini e pequenas e para cadelas no ter\u00e7o final de gesta\u00e7\u00e3o e em lacta\u00e7\u00e3o. Desenvolvida com carnes nobres, legumes e mel\u00e3o, a\u00a0Ra\u00e7\u00e3o N&amp;D Ocean [&hellip;]<\/p>\n","protected":false},"featured_media":1410789963,"comment_status":"open","ping_status":"closed","template":"","meta":{"googlesitekit_rrm_CAow0N7NCw:productID":"","content-type":"","pmpro_default_level":"","_themeisle_gutenberg_block_has_review":false},"product_brand":[392],"product_cat":[259],"product_tag":[],"class_list":{"0":"post-1410789964","1":"product","2":"type-product","3":"status-publish","4":"has-post-thumbnail","6":"product_brand-farmina","7":"product_cat-racoes-alimento-petisco-e-suplemento-caes","8":"pmpro-has-access","10":"first","11":"outofstock","12":"taxable","13":"shipping-taxable","14":"purchasable","15":"product-type-simple"},"_links":{"self":[{"href":"https:\/\/dinhosreef.com\/en\/wp-json\/wp\/v2\/product\/1410789964","targetHints":{"allow":["GET"]}}],"collection":[{"href":"https:\/\/dinhosreef.com\/en\/wp-json\/wp\/v2\/product"}],"about":[{"href":"https:\/\/dinhosreef.com\/en\/wp-json\/wp\/v2\/types\/product"}],"replies":[{"embeddable":true,"href":"https:\/\/dinhosreef.com\/en\/wp-json\/wp\/v2\/comments?post=1410789964"}],"wp:featuredmedia":[{"embeddable":true,"href":"https:\/\/dinhosreef.com\/en\/wp-json\/wp\/v2\/media\/1410789963"}],"wp:attachment":[{"href":"https:\/\/dinhosreef.com\/en\/wp-json\/wp\/v2\/media?parent=1410789964"}],"wp:term":[{"taxonomy":"product_brand","embeddable":true,"href":"https:\/\/dinhosreef.com\/en\/wp-json\/wp\/v2\/product_brand?post=1410789964"},{"taxonomy":"product_cat","embeddable":true,"href":"https:\/\/dinhosreef.com\/en\/wp-json\/wp\/v2\/product_cat?post=1410789964"},{"taxonomy":"product_tag","embeddable":true,"href":"https:\/\/dinhosreef.com\/en\/wp-json\/wp\/v2\/product_tag?post=1410789964"}],"curies":[{"name":"wp","href":"https:\/\/api.w.org\/{rel}","templated":true}]}}