{"id":1410789976,"date":"2026-03-18T17:09:41","date_gmt":"2026-03-18T20:09:41","guid":{"rendered":"https:\/\/dinhosreef.com\/produto\/racao-nd-quinoa-p-gatos-adultos-hairball-pato-15kg\/"},"modified":"2026-04-22T07:15:02","modified_gmt":"2026-04-22T10:15:02","slug":"racao-nd-quinoa-p-gatos-adultos-hairball-pato-15kg","status":"publish","type":"product","link":"https:\/\/dinhosreef.com\/en\/product\/racao-nd-quinoa-p-gatos-adultos-hairball-pato-15kg\/","title":{"rendered":"RA\u00c7\u00c3O ND QUINOA P\/ GATOS ADULTOS HAIRBALL PATO 1,5KG"},"content":{"rendered":"<h2>Ra\u00e7\u00e3o N&amp;D Quinoa Gatos Adultos Hairball Pato<\/h2>\n<p>A\u00a0<strong>Ra\u00e7\u00e3o N&amp;D Quinoa Gatos Adultos Hairball Pato<\/strong>\u00a0\u00e9 completa e balanceada e feita especialmente para gatos adultos, auxiliando na elimina\u00e7\u00e3o de bola de pelos. A linha\u00a0<strong>N&amp;D Quinoa<\/strong>\u00a0\u00e9 uma linha de alimentos funcionais para o bem-estar de gatos com necessidades nutricionais espec\u00edficas.<\/p>\n<p>Feita sem cereais e com mais de 90% de prote\u00edna de origem animal de fontes inovadoras, a\u00a0<strong>Ra\u00e7\u00e3o N&amp;D Quinoa Hairball<\/strong>\u00a0cont\u00e9m quinoa, um ingrediente precioso cheio de propriedades nutricionais que favorece a digest\u00e3o, a absor\u00e7\u00e3o de nutrientes e a sa\u00fade intestinal.<\/p>\n<p>Al\u00e9m da quinoa, cont\u00e9m pato como prote\u00edna principal e ainda ingredientes naturais como ma\u00e7\u00e3 e cranberry, n\u00e3o cont\u00e9m gl\u00faten, transg\u00eanicos ou cereais, o que a deixa com baixo \u00edndice glic\u00eamico e conta com vitaminas essenciais para cuidar da sa\u00fade do seu felino.<\/p>\n<h3>Tamanho do gr\u00e3o<\/h3>\n<p>Os croquetes da Ra\u00e7\u00e3o Quinoa t\u00eam um tamanho apropriado para garantir a correta fragmenta\u00e7\u00e3o e preens\u00e3o.<\/p>\n<p>Di\u00e2metro: 8-10mm; Espessura: 3-5mm<\/p>\n<h3>Ingredientes<\/h3>\n<p>Pato (carne mecanicamente separada de pato, farinha de pato \u2013 m\u00edn. 10%), farinha de v\u00edsceras de aves, farinha de peixe, farinha de torresmo, \u00f3leo de peixe, \u00f3leo de frango, ovo em p\u00f3, amido de batata, amido de mandioca, gr\u00e3o de quinoa (m\u00edn. 5%), polpa de beterraba, alfafa desidratada, celulose em p\u00f3, casca de ervilha, semente de linha\u00e7a, levedura seca de cervejaria, semente de psyllium, ma\u00e7\u00e3 desidratada (m\u00edn. 0,5%), arando (cranberry) desidratado (m\u00edn. 0,1%), espinafre desidratado, extrato de aloe vera, aditivos prebi\u00f3ticos (FOS e MOS), beta caroteno, DL-metionina, L-lisina, taurina, L-carnitina, sulfato de condroitina, sulfato de glicosamina, aditivos adsorventes (extrato de yucca e zeolita), hidrolisado de f\u00edgado de aves e su\u00ednos, vitaminas (A, D3, E, B1, B2, B5, B6, B12, C, biotina, niacina, \u00e1cido f\u00f3lico, cloreto de colina), fosfato bic\u00e1lcico, cloreto de pot\u00e1ssio, cloreto de s\u00f3dio, carbonato de c\u00e1lcio, cloreto de am\u00f4nio, ferro amino\u00e1cido quelato, cobre amino\u00e1cido quelato, zinco amino\u00e1cido quelato, mangan\u00eas amino\u00e1cido quelato, proteinato de sel\u00eanio, iodato de c\u00e1lcio, propionato de c\u00e1lcio, concentrado de tocofer\u00f3is.<br \/>Eventuais substitutivos: prote\u00edna hidrolisada de peixe, prote\u00edna hidrolisada de frango.<\/p>","protected":false},"excerpt":{"rendered":"<p>Ra\u00e7\u00e3o N&amp;D Quinoa Gatos Adultos Hairball Pato A\u00a0Ra\u00e7\u00e3o N&amp;D Quinoa Gatos Adultos Hairball Pato\u00a0\u00e9 completa e balanceada e feita especialmente para gatos adultos, auxiliando na elimina\u00e7\u00e3o de bola de pelos. A linha\u00a0N&amp;D Quinoa\u00a0\u00e9 uma linha de alimentos funcionais para o bem-estar de gatos com necessidades nutricionais espec\u00edficas. Feita sem cereais e com mais de 90% [&hellip;]<\/p>\n","protected":false},"featured_media":1410789975,"comment_status":"open","ping_status":"closed","template":"","meta":{"googlesitekit_rrm_CAow0N7NCw:productID":"","content-type":"","pmpro_default_level":"","_themeisle_gutenberg_block_has_review":false},"product_brand":[392],"product_cat":[256],"product_tag":[],"class_list":{"0":"post-1410789976","1":"product","2":"type-product","3":"status-publish","4":"has-post-thumbnail","6":"product_brand-farmina","7":"product_cat-racoes","8":"pmpro-has-access","10":"first","11":"outofstock","12":"taxable","13":"shipping-taxable","14":"purchasable","15":"product-type-simple"},"_links":{"self":[{"href":"https:\/\/dinhosreef.com\/en\/wp-json\/wp\/v2\/product\/1410789976","targetHints":{"allow":["GET"]}}],"collection":[{"href":"https:\/\/dinhosreef.com\/en\/wp-json\/wp\/v2\/product"}],"about":[{"href":"https:\/\/dinhosreef.com\/en\/wp-json\/wp\/v2\/types\/product"}],"replies":[{"embeddable":true,"href":"https:\/\/dinhosreef.com\/en\/wp-json\/wp\/v2\/comments?post=1410789976"}],"wp:featuredmedia":[{"embeddable":true,"href":"https:\/\/dinhosreef.com\/en\/wp-json\/wp\/v2\/media\/1410789975"}],"wp:attachment":[{"href":"https:\/\/dinhosreef.com\/en\/wp-json\/wp\/v2\/media?parent=1410789976"}],"wp:term":[{"taxonomy":"product_brand","embeddable":true,"href":"https:\/\/dinhosreef.com\/en\/wp-json\/wp\/v2\/product_brand?post=1410789976"},{"taxonomy":"product_cat","embeddable":true,"href":"https:\/\/dinhosreef.com\/en\/wp-json\/wp\/v2\/product_cat?post=1410789976"},{"taxonomy":"product_tag","embeddable":true,"href":"https:\/\/dinhosreef.com\/en\/wp-json\/wp\/v2\/product_tag?post=1410789976"}],"curies":[{"name":"wp","href":"https:\/\/api.w.org\/{rel}","templated":true}]}}