{"id":1410789978,"date":"2026-03-18T17:09:48","date_gmt":"2026-03-18T20:09:48","guid":{"rendered":"https:\/\/dinhosreef.com\/produto\/racao-nd-spirulina-p-caes-adultos-mini-suino-2kg\/"},"modified":"2026-04-08T08:28:37","modified_gmt":"2026-04-08T11:28:37","slug":"racao-nd-spirulina-p-caes-adultos-mini-suino-2kg","status":"publish","type":"product","link":"https:\/\/dinhosreef.com\/en\/product\/racao-nd-spirulina-p-caes-adultos-mini-suino-2kg\/","title":{"rendered":"RA\u00c7\u00c3O ND SPIRULINA P\/ C\u00c3ES ADULTOS MINI SU\u00cdNO 2KG"},"content":{"rendered":"<h2>a\u00e7\u00e3o N&amp;D Spirulina C\u00e3es Adultos Mini Su\u00edno<\/h2>\n<p>A\u00a0<strong>Spirulina<\/strong>\u00a0traz diversos benef\u00edcios para a sa\u00fade do pet como um todo. Pensando nisso, a\u00a0<strong>Ra\u00e7\u00e3o N&amp;D Spirulina C\u00e3es Adultos Mini Su\u00edno<\/strong>\u00a0foi feita com ingredientes selecionados e de origem natural para proporcionar aos c\u00e3es adultos uma alimenta\u00e7\u00e3o completa e balanceada.<\/p>\n<p>Fonte de \u00e1cidos graxos \u00f4mega-3, vitaminas e minerais, a\u00a0<strong>Spirulina<\/strong>\u00a0\u00e9 um superingrediente que traz grandes benef\u00edcios, como:<\/p>\n<ul>\n<li>Estimula o sistema imunol\u00f3gico;<\/li>\n<li>Tem a\u00e7\u00e3o antioxidante, com efeitos percept\u00edveis na pele e pelagem;<\/li>\n<li>Mant\u00e9m a massa magra;<\/li>\n<li>Possui benef\u00edcios digestivos;<\/li>\n<li>Possui amino\u00e1cidos essenciais;<\/li>\n<li>Rico em ferro e magn\u00e9sio.<\/li>\n<\/ul>\n<p>Al\u00e9m disso, a Spirulina possui a mesma quantidade de c\u00e1lcio que o leite, tem 9 vezes mais ferro que o espinafre e 4 vezes mais pot\u00e1ssio que a banana.<\/p>\n<h3>Tamanho do gr\u00e3o<\/h3>\n<p>Di\u00e2metro: 8-10 mm x Espessura: 4-6 mm.<\/p>\n<h3>Ingredientes<\/h3>\n<p>Su\u00edno (carne de su\u00edno, farinha de torresmo \u2013 m\u00edn. 6%), ovo em p\u00f3, farinha de v\u00edsceras de aves, farinha de peixe, amido de batata, amido de mandioca, \u00f3leo de peixe, \u00f3leo de frango, gordura su\u00edna, polpa de beterraba, casca de ervilha, alfafa desidratada, semente de linha\u00e7a, celulose em p\u00f3, semente de psyllium, levedura seca de cervejaria, biomassa de microalgas desidratada (Spirulina spp.) (m\u00edn. 0,5%), goji berry (m\u00edn. 0,075%), cenoura desidratada, espinafre desidratado, extrato de aloe vera, c\u00farcuma em p\u00f3, beta caroteno, aditivos prebi\u00f3ticos (FOS e MOS), DL-metionina, taurina, L-carnitina, sulfato de condroitina, sulfato de glicosamina, aditivos adsorventes (extrato de yucca e zeolita), hidrolisado de f\u00edgado de aves e su\u00ednos, vitaminas (A, D3, E, B1, B2, B5, B6, B12, C, biotina, niacina, \u00e1cido f\u00f3lico, cloreto de colina), cloreto de s\u00f3dio, cloreto de pot\u00e1ssio, fosfato bic\u00e1lcico, ferro amino\u00e1cido quelato, cobre amino\u00e1cido quelato, zinco amino\u00e1cido quelato, mangan\u00eas amino\u00e1cido quelato, proteinato de sel\u00eanio, iodato de c\u00e1lcio, propionato de c\u00e1lcio, concentrado de tocofer\u00f3is.<br \/>Eventuais substitutivos: prote\u00edna hidrolisada de peixe, prote\u00edna hidrolisada de frango.<\/p>","protected":false},"excerpt":{"rendered":"<p>a\u00e7\u00e3o N&amp;D Spirulina C\u00e3es Adultos Mini Su\u00edno A\u00a0Spirulina\u00a0traz diversos benef\u00edcios para a sa\u00fade do pet como um todo. Pensando nisso, a\u00a0Ra\u00e7\u00e3o N&amp;D Spirulina C\u00e3es Adultos Mini Su\u00edno\u00a0foi feita com ingredientes selecionados e de origem natural para proporcionar aos c\u00e3es adultos uma alimenta\u00e7\u00e3o completa e balanceada. Fonte de \u00e1cidos graxos \u00f4mega-3, vitaminas e minerais, a\u00a0Spirulina\u00a0\u00e9 um [&hellip;]<\/p>\n","protected":false},"featured_media":1410789977,"comment_status":"open","ping_status":"closed","template":"","meta":{"googlesitekit_rrm_CAow0N7NCw:productID":"","content-type":"","pmpro_default_level":"","_themeisle_gutenberg_block_has_review":false},"product_brand":[392],"product_cat":[259],"product_tag":[],"class_list":{"0":"post-1410789978","1":"product","2":"type-product","3":"status-publish","4":"has-post-thumbnail","6":"product_brand-farmina","7":"product_cat-racoes-alimento-petisco-e-suplemento-caes","8":"pmpro-has-access","10":"first","11":"outofstock","12":"taxable","13":"shipping-taxable","14":"purchasable","15":"product-type-simple"},"_links":{"self":[{"href":"https:\/\/dinhosreef.com\/en\/wp-json\/wp\/v2\/product\/1410789978","targetHints":{"allow":["GET"]}}],"collection":[{"href":"https:\/\/dinhosreef.com\/en\/wp-json\/wp\/v2\/product"}],"about":[{"href":"https:\/\/dinhosreef.com\/en\/wp-json\/wp\/v2\/types\/product"}],"replies":[{"embeddable":true,"href":"https:\/\/dinhosreef.com\/en\/wp-json\/wp\/v2\/comments?post=1410789978"}],"wp:featuredmedia":[{"embeddable":true,"href":"https:\/\/dinhosreef.com\/en\/wp-json\/wp\/v2\/media\/1410789977"}],"wp:attachment":[{"href":"https:\/\/dinhosreef.com\/en\/wp-json\/wp\/v2\/media?parent=1410789978"}],"wp:term":[{"taxonomy":"product_brand","embeddable":true,"href":"https:\/\/dinhosreef.com\/en\/wp-json\/wp\/v2\/product_brand?post=1410789978"},{"taxonomy":"product_cat","embeddable":true,"href":"https:\/\/dinhosreef.com\/en\/wp-json\/wp\/v2\/product_cat?post=1410789978"},{"taxonomy":"product_tag","embeddable":true,"href":"https:\/\/dinhosreef.com\/en\/wp-json\/wp\/v2\/product_tag?post=1410789978"}],"curies":[{"name":"wp","href":"https:\/\/api.w.org\/{rel}","templated":true}]}}