{"id":1410789986,"date":"2026-03-18T17:10:14","date_gmt":"2026-03-18T20:10:14","guid":{"rendered":"https:\/\/dinhosreef.com\/produto\/racao-nd-ancestral-p-gatos-adultos-castrados-frango-15kg\/"},"modified":"2026-03-21T11:37:46","modified_gmt":"2026-03-21T14:37:46","slug":"racao-nd-ancestral-p-gatos-adultos-castrados-frango-15kg","status":"publish","type":"product","link":"https:\/\/dinhosreef.com\/en\/product\/racao-nd-ancestral-p-gatos-adultos-castrados-frango-15kg\/","title":{"rendered":"RA\u00c7\u00c3O ND ANCESTRAL P\/ GATOS ADULTOS CASTRADOS FRANGO 1,5KG"},"content":{"rendered":"<h2>Ra\u00e7\u00e3o N&amp;D Ancestral Grain Gatos Adultos Castrados<\/h2>\n<p>Se voc\u00ea procura uma alternativa saud\u00e1vel para alimentar seu gato castrado, encontrou uma \u00f3tima op\u00e7\u00e3o. A\u00a0<strong>Ra\u00e7\u00e3o N&amp;D Ancestral Grain Gatos Adultos Castrados<\/strong>\u00a0\u00e9 um alimento completo e balanceado feito com carnes nobres, frutas e cereais.<\/p>\n<p>Produzida com ingredientes de alta qualidade, a\u00a0<strong>Ra\u00e7\u00e3o N&amp;D Ancestral Grain Gatos Adultos Castrados<\/strong> foi elaborada especialmente para cuidar da sa\u00fade do seu gato, possui um baixo \u00edndice glic\u00eamico que permite uma libera\u00e7\u00e3o gradual de energia ao longo do dia e antioxidantes naturais, extratos ricos em tocofer\u00f3is.<\/p>\n<h3>Medida do gr\u00e3o<\/h3>\n<p>Di\u00e2metro 8-10mm x Espessura 3-5mm<\/p>\n<h3>Composi\u00e7\u00e3o B\u00e1sica<\/h3>\n<p>Carne de frango (mecanicamente separada), farinha de v\u00edsceras de aves (m\u00edn. 10%), ovo em p\u00f3, farinha de peixe, farinha de torresmo, gr\u00e3os de sorgo, aveia (m\u00edn. 0,5%), cevada em gr\u00e3os (m\u00edn. 0,5%), \u00f3leo de frango, \u00f3leo de peixe, polpa de beterraba, casca de ervilha, alfafa desidratada, lignocelulose, semente de psyllium, levedura seca de cervejaria, cenoura desidratada, espinafre desidratado, laranja desidratada, ma\u00e7\u00e3 desidratada, extrato de mirtilo (blueberry), extrato de rom\u00e3 (m\u00edn. 0,08%), extrato de ch\u00e1 verde, extrato de aloe vera, c\u00farcuma em p\u00f3, beta caroteno, aditivos prebi\u00f3ticos (FOS e MOS), DL-metionina, taurina, L-carnitina, sulfato de condroitina, sulfato de glicosamina, aditivos adsorventes (extrato de yucca e zeolita), hidrolisado de f\u00edgado de aves e su\u00ednos, vitaminas (retinol (A), colecalciferol (D3), acetato de DL-alfa-tocoferol (E), tiamina (B1), riboflavina (B2), cloridrato de piridoxina (B6), cianocobalamina (B12), \u00e1cido asc\u00f3rbico monofosfato (C), biotina, niacina, \u00e1cido pantot\u00eanico, \u00e1cido f\u00f3lico, cloreto de colina), fosfato bic\u00e1lcico, \u00e1cido fosf\u00f3rico, carbonato de c\u00e1lcio, cloreto de pot\u00e1ssio, ferro amino\u00e1cido quelato, cobre amino\u00e1cido quelato, zinco amino\u00e1cido quelato, mangan\u00eas amino\u00e1cido quelato, proteinato de sel\u00eanio, iodato de c\u00e1lcio, propionato de c\u00e1lcio, concentrado de tocofer\u00f3is.<\/p>\n<p><em>Eventuais substitutivos: prote\u00edna hidrolisada de peixe, prote\u00edna hidrolisada de frango.<\/em><\/p>","protected":false},"excerpt":{"rendered":"<p>Ra\u00e7\u00e3o N&amp;D Ancestral Grain Gatos Adultos Castrados Se voc\u00ea procura uma alternativa saud\u00e1vel para alimentar seu gato castrado, encontrou uma \u00f3tima op\u00e7\u00e3o. A\u00a0Ra\u00e7\u00e3o N&amp;D Ancestral Grain Gatos Adultos Castrados\u00a0\u00e9 um alimento completo e balanceado feito com carnes nobres, frutas e cereais. Produzida com ingredientes de alta qualidade, a\u00a0Ra\u00e7\u00e3o N&amp;D Ancestral Grain Gatos Adultos Castrados foi [&hellip;]<\/p>\n","protected":false},"featured_media":1410789985,"comment_status":"open","ping_status":"closed","template":"","meta":{"googlesitekit_rrm_CAow0N7NCw:productID":"","content-type":"","pmpro_default_level":"","_themeisle_gutenberg_block_has_review":false},"product_brand":[392],"product_cat":[256],"product_tag":[],"class_list":{"0":"post-1410789986","1":"product","2":"type-product","3":"status-publish","4":"has-post-thumbnail","6":"product_brand-farmina","7":"product_cat-racoes","8":"pmpro-has-access","10":"first","11":"outofstock","12":"taxable","13":"shipping-taxable","14":"purchasable","15":"product-type-simple"},"_links":{"self":[{"href":"https:\/\/dinhosreef.com\/en\/wp-json\/wp\/v2\/product\/1410789986","targetHints":{"allow":["GET"]}}],"collection":[{"href":"https:\/\/dinhosreef.com\/en\/wp-json\/wp\/v2\/product"}],"about":[{"href":"https:\/\/dinhosreef.com\/en\/wp-json\/wp\/v2\/types\/product"}],"replies":[{"embeddable":true,"href":"https:\/\/dinhosreef.com\/en\/wp-json\/wp\/v2\/comments?post=1410789986"}],"wp:featuredmedia":[{"embeddable":true,"href":"https:\/\/dinhosreef.com\/en\/wp-json\/wp\/v2\/media\/1410789985"}],"wp:attachment":[{"href":"https:\/\/dinhosreef.com\/en\/wp-json\/wp\/v2\/media?parent=1410789986"}],"wp:term":[{"taxonomy":"product_brand","embeddable":true,"href":"https:\/\/dinhosreef.com\/en\/wp-json\/wp\/v2\/product_brand?post=1410789986"},{"taxonomy":"product_cat","embeddable":true,"href":"https:\/\/dinhosreef.com\/en\/wp-json\/wp\/v2\/product_cat?post=1410789986"},{"taxonomy":"product_tag","embeddable":true,"href":"https:\/\/dinhosreef.com\/en\/wp-json\/wp\/v2\/product_tag?post=1410789986"}],"curies":[{"name":"wp","href":"https:\/\/api.w.org\/{rel}","templated":true}]}}