{"id":1410790058,"date":"2026-03-21T16:33:08","date_gmt":"2026-03-21T19:33:08","guid":{"rendered":"https:\/\/dinhosreef.com\/produto\/caramujo-red-ramshorm\/"},"modified":"2026-05-09T14:22:04","modified_gmt":"2026-05-09T17:22:04","slug":"caramujo-red-ramshorm","status":"publish","type":"product","link":"https:\/\/dinhosreef.com\/en\/product\/caramujo-red-ramshorm\/","title":{"rendered":"Caramujo REd Ramshorm"},"content":{"rendered":"<p>Nome cient\u00edfico: pomacea bridgesii<br \/>\nNome popular\u00a0 \u00a0: Ampularia, Curbicola, Caramujo Amarelo<br \/>\nSociabilidade\u00a0 : Sozinho ou Grupos.<br \/>\nComportamento\u00a0 : Calmo, excelentes para comer alimento do substrato.<br \/>\nTamanho adulto : 4 a 5 cm<br \/>\npH\u00a0 \u00a0 \u00a0 \u00a0 \u00a0 \u00a0 \u00a0: 6,5\u00a0a 8,6<br \/>\nTemperatura\u00a0 \u00a0 : 15 a 28 C<br \/>\nAlimenta\u00e7\u00e3o\u00a0 \u00a0 : Onivoros<br \/>\nAqu\u00e1rio m\u00ednimo : 10 litros<\/p>\n<p>Origin\u00e1rio de toda a Am\u00e9rica do Sul, A Ampularia\u00a0\u00e9 muito comum no aquarismo. A maioria dos Carac\u00f3is\u00a0\u00e9 criada em cativeiro atualmente. Eles s\u00e3o muito f\u00e1ceis de reproduzir e se os par\u00e2metros da \u00e1gua estiverem corretos, eles colocar\u00e3o ovos e, eventualmente, esses ovos eclodir\u00e3o.<\/p>\n<p>E se voc\u00ea acha que isso \u00e9 uma coisa ruim, pense novamente&#8230; mais Carac\u00f3is, mais algas que ser\u00e3o consumidas do seu aqu\u00e1rio. Agora, se voc\u00ea tem um aqu\u00e1rio muito plantado, eu sugeriria verificar alguns dos nossos outros carac\u00f3is que n\u00e3o se reproduzem em \u00e1gua doce e s\u00e3o mais adequados para tanques plantados.<\/p>\n<p>Esses carac\u00f3is s\u00e3o extremamente resistentes e vivem em uma grande variedade de par\u00e2metros de \u00e1gua. Gastr\u00f3podes de movimento muito lento, sempre com fome e que crescem em um piscar de olhos. Comem uma grande variedade de alimentos, como: Algas, Mat\u00e9ria vegetal em decomposi\u00e7\u00e3o, Peixes mortos. Cuidados, r\u00e7\u00e3o entre outros.<\/p>\n<p>Tamanho do tanque (m\u00ednimo): 10 Litros<\/p>\n<p>N\u00edvel de cuidado: Muito f\u00e1cil<\/p>\n<p>Vida \u00fatil: at\u00e9 3 anos<\/p>","protected":false},"excerpt":{"rendered":"<p>Nome cient\u00edfico: pomacea bridgesii Nome popular\u00a0 \u00a0: Ampularia, Curbicola, Caramujo Amarelo Sociabilidade\u00a0 : Sozinho ou Grupos. Comportamento\u00a0 : Calmo, excelentes para comer alimento do substrato. Tamanho adulto : 4 a 5 cm pH\u00a0 \u00a0 \u00a0 \u00a0 \u00a0 \u00a0 \u00a0: 6,5\u00a0a 8,6 Temperatura\u00a0 \u00a0 : 15 a 28 C Alimenta\u00e7\u00e3o\u00a0 \u00a0 : Onivoros Aqu\u00e1rio m\u00ednimo : [&hellip;]<\/p>\n","protected":false},"featured_media":1410790057,"comment_status":"open","ping_status":"closed","template":"","meta":{"googlesitekit_rrm_CAow0N7NCw:productID":"","content-type":"","pmpro_default_level":"","_themeisle_gutenberg_block_has_review":false},"product_brand":[],"product_cat":[186,230,217,218],"product_tag":[],"class_list":{"0":"post-1410790058","1":"product","2":"type-product","3":"status-publish","4":"has-post-thumbnail","6":"product_cat-animais-vivos","7":"product_cat-caramujos-agua-doce","8":"product_cat-invertebrados-agua-doce","9":"product_cat-todos-invertebrados-agua-doce","10":"product_shipping_class-animais-vivos","11":"pmpro-has-access","13":"first","14":"outofstock","15":"taxable","16":"shipping-taxable","17":"purchasable","18":"product-type-simple"},"_links":{"self":[{"href":"https:\/\/dinhosreef.com\/en\/wp-json\/wp\/v2\/product\/1410790058","targetHints":{"allow":["GET"]}}],"collection":[{"href":"https:\/\/dinhosreef.com\/en\/wp-json\/wp\/v2\/product"}],"about":[{"href":"https:\/\/dinhosreef.com\/en\/wp-json\/wp\/v2\/types\/product"}],"replies":[{"embeddable":true,"href":"https:\/\/dinhosreef.com\/en\/wp-json\/wp\/v2\/comments?post=1410790058"}],"wp:featuredmedia":[{"embeddable":true,"href":"https:\/\/dinhosreef.com\/en\/wp-json\/wp\/v2\/media\/1410790057"}],"wp:attachment":[{"href":"https:\/\/dinhosreef.com\/en\/wp-json\/wp\/v2\/media?parent=1410790058"}],"wp:term":[{"taxonomy":"product_brand","embeddable":true,"href":"https:\/\/dinhosreef.com\/en\/wp-json\/wp\/v2\/product_brand?post=1410790058"},{"taxonomy":"product_cat","embeddable":true,"href":"https:\/\/dinhosreef.com\/en\/wp-json\/wp\/v2\/product_cat?post=1410790058"},{"taxonomy":"product_tag","embeddable":true,"href":"https:\/\/dinhosreef.com\/en\/wp-json\/wp\/v2\/product_tag?post=1410790058"}],"curies":[{"name":"wp","href":"https:\/\/api.w.org\/{rel}","templated":true}]}}