{"id":1410790117,"date":"2026-03-23T17:25:26","date_gmt":"2026-03-23T20:25:26","guid":{"rendered":"https:\/\/dinhosreef.com\/produto\/porcao-de-nauplio-de-artemia\/"},"modified":"2026-04-02T18:07:21","modified_gmt":"2026-04-02T21:07:21","slug":"porcao-de-nauplio-de-artemia","status":"publish","type":"product","link":"https:\/\/dinhosreef.com\/en\/product\/porcao-de-nauplio-de-artemia\/","title":{"rendered":"Por\u00e7\u00e3o de Nauplio de Art\u00eamia"},"content":{"rendered":"<p>Por\u00e7\u00e3o de N\u00e1uplios de Art\u00eamia \u2013 Alimento Vivo Premium<\/p>\n<p>Garanta o melhor desenvolvimento dos seus peixes com n\u00e1uplios de art\u00eamia frescos e altamente nutritivos. Ideal para alevinos e peixes de pequeno porte, esse alimento vivo \u00e9 rico em prote\u00ednas e estimula o crescimento saud\u00e1vel, fortalece a imunidade e real\u00e7a as cores naturais dos seus animais.<\/p>\n<p>Perfeito para aqu\u00e1rios marinhos e de \u00e1gua doce, proporcionando uma alimenta\u00e7\u00e3o mais natural e eficiente.<\/p>","protected":false},"excerpt":{"rendered":"<p>Por\u00e7\u00e3o de N\u00e1uplios de Art\u00eamia \u2013 Alimento Vivo Premium Garanta o melhor desenvolvimento dos seus peixes com n\u00e1uplios de art\u00eamia frescos e altamente nutritivos. Ideal para alevinos e peixes de pequeno porte, esse alimento vivo \u00e9 rico em prote\u00ednas e estimula o crescimento saud\u00e1vel, fortalece a imunidade e real\u00e7a as cores naturais dos seus animais. [&hellip;]<\/p>\n","protected":false},"featured_media":1410790116,"comment_status":"open","ping_status":"closed","template":"","meta":{"googlesitekit_rrm_CAow0N7NCw:productID":"","content-type":"","pmpro_default_level":"","_themeisle_gutenberg_block_has_review":false},"product_brand":[],"product_cat":[365],"product_tag":[],"class_list":{"0":"post-1410790117","1":"product","2":"type-product","3":"status-publish","4":"has-post-thumbnail","6":"product_cat-racao-alimentos-peixes-pet-shop","7":"product_shipping_class-animais-vivos","8":"pmpro-has-access","10":"first","11":"instock","12":"taxable","13":"shipping-taxable","14":"purchasable","15":"product-type-simple"},"_links":{"self":[{"href":"https:\/\/dinhosreef.com\/en\/wp-json\/wp\/v2\/product\/1410790117","targetHints":{"allow":["GET"]}}],"collection":[{"href":"https:\/\/dinhosreef.com\/en\/wp-json\/wp\/v2\/product"}],"about":[{"href":"https:\/\/dinhosreef.com\/en\/wp-json\/wp\/v2\/types\/product"}],"replies":[{"embeddable":true,"href":"https:\/\/dinhosreef.com\/en\/wp-json\/wp\/v2\/comments?post=1410790117"}],"wp:featuredmedia":[{"embeddable":true,"href":"https:\/\/dinhosreef.com\/en\/wp-json\/wp\/v2\/media\/1410790116"}],"wp:attachment":[{"href":"https:\/\/dinhosreef.com\/en\/wp-json\/wp\/v2\/media?parent=1410790117"}],"wp:term":[{"taxonomy":"product_brand","embeddable":true,"href":"https:\/\/dinhosreef.com\/en\/wp-json\/wp\/v2\/product_brand?post=1410790117"},{"taxonomy":"product_cat","embeddable":true,"href":"https:\/\/dinhosreef.com\/en\/wp-json\/wp\/v2\/product_cat?post=1410790117"},{"taxonomy":"product_tag","embeddable":true,"href":"https:\/\/dinhosreef.com\/en\/wp-json\/wp\/v2\/product_tag?post=1410790117"}],"curies":[{"name":"wp","href":"https:\/\/api.w.org\/{rel}","templated":true}]}}