{"id":1410790119,"date":"2026-03-23T20:19:15","date_gmt":"2026-03-23T23:19:15","guid":{"rendered":"https:\/\/dinhosreef.com\/produto\/a-granel-substrato-snow-white-1kg-ocean-tech-3\/"},"modified":"2026-05-06T18:19:10","modified_gmt":"2026-05-06T21:19:10","slug":"a-granel-substrato-snow-white-1kg-ocean-tech-3","status":"publish","type":"product","link":"https:\/\/dinhosreef.com\/en\/product\/a-granel-substrato-snow-white-1kg-ocean-tech-3\/","title":{"rendered":"AREIA DE DUNA BRANCA SUPER FINA PARA \u00c1QUARIOS 1KG"},"content":{"rendered":"<p><strong>Areia de Duna Branca Super Fina para Aqu\u00e1rios \u2013 1kg<\/strong><\/p>\n<p>Deixe seu aqu\u00e1rio ainda mais bonito e natural com a <strong>Areia de Duna Branca Super Fina<\/strong>! Ideal para aqu\u00e1rios de \u00e1gua doce ou marinhos, ela proporciona um visual limpo, elegante e muito pr\u00f3ximo ao habitat natural dos peixes.<\/p>\n<p>","protected":false},"excerpt":{"rendered":"<p>Areia de Duna Branca Super Fina para Aqu\u00e1rios \u2013 1kg Deixe seu aqu\u00e1rio ainda mais bonito e natural com a Areia de Duna Branca Super Fina! Ideal para aqu\u00e1rios de \u00e1gua doce ou marinhos, ela proporciona um visual limpo, elegante e muito pr\u00f3ximo ao habitat natural dos peixes.<\/p>","protected":false},"featured_media":1410790118,"comment_status":"open","ping_status":"closed","template":"","meta":{"googlesitekit_rrm_CAow0N7NCw:productID":"","content-type":"","pmpro_default_level":"","_themeisle_gutenberg_block_has_review":false},"product_brand":[],"product_cat":[36],"product_tag":[],"class_list":{"0":"post-1410790119","1":"product","2":"type-product","3":"status-publish","4":"has-post-thumbnail","6":"product_cat-substrato-para-aquarios","7":"pmpro-has-access","9":"first","10":"outofstock","11":"taxable","12":"shipping-taxable","13":"purchasable","14":"product-type-simple"},"_links":{"self":[{"href":"https:\/\/dinhosreef.com\/en\/wp-json\/wp\/v2\/product\/1410790119","targetHints":{"allow":["GET"]}}],"collection":[{"href":"https:\/\/dinhosreef.com\/en\/wp-json\/wp\/v2\/product"}],"about":[{"href":"https:\/\/dinhosreef.com\/en\/wp-json\/wp\/v2\/types\/product"}],"replies":[{"embeddable":true,"href":"https:\/\/dinhosreef.com\/en\/wp-json\/wp\/v2\/comments?post=1410790119"}],"wp:featuredmedia":[{"embeddable":true,"href":"https:\/\/dinhosreef.com\/en\/wp-json\/wp\/v2\/media\/1410790118"}],"wp:attachment":[{"href":"https:\/\/dinhosreef.com\/en\/wp-json\/wp\/v2\/media?parent=1410790119"}],"wp:term":[{"taxonomy":"product_brand","embeddable":true,"href":"https:\/\/dinhosreef.com\/en\/wp-json\/wp\/v2\/product_brand?post=1410790119"},{"taxonomy":"product_cat","embeddable":true,"href":"https:\/\/dinhosreef.com\/en\/wp-json\/wp\/v2\/product_cat?post=1410790119"},{"taxonomy":"product_tag","embeddable":true,"href":"https:\/\/dinhosreef.com\/en\/wp-json\/wp\/v2\/product_tag?post=1410790119"}],"curies":[{"name":"wp","href":"https:\/\/api.w.org\/{rel}","templated":true}]}}