{"id":1410790121,"date":"2026-03-23T20:19:21","date_gmt":"2026-03-23T23:19:21","guid":{"rendered":"https:\/\/dinhosreef.com\/produto\/areia-hig-mandioca-media-4kg-wisecat\/"},"modified":"2026-03-23T20:19:21","modified_gmt":"2026-03-23T23:19:21","slug":"areia-hig-mandioca-media-4kg-wisecat","status":"publish","type":"product","link":"https:\/\/dinhosreef.com\/en\/product\/areia-hig-mandioca-media-4kg-wisecat\/","title":{"rendered":"AREIA HIG MANDIOCA MEDIA 4KG WISECAT"},"content":{"rendered":"<p>AREIA HIGI\u00caNICA PARA GATOS BIODEGRAD\u00c1VEL WISECAT 2KG KIT COM 3 PACOTES\u00a0<br \/>\u00a0<br \/>&#8211; Descubra o Granulado Super Premium Wisecat Bionature: a revolu\u00e7\u00e3o ecol\u00f3gica na higiene do seu gato! 100% natural e biodegrad\u00e1vel, este inovador produto n\u00e3o apenas cuida do meio ambiente, mas tamb\u00e9m garante o bem-estar do seu peludo;<br \/>&#8211; Feito a partir de derivados de mandioca, \u00e9 a op\u00e7\u00e3o perfeita para quem busca uma alternativa ecologicamente correta e confort\u00e1vel para a limpeza da caixa de areia;<br \/>&#8211; Livre de componentes qu\u00edmicos prejudiciais, oferece um toque suave \u00e0s patinhas do seu gato, garantindo uma experi\u00eancia agrad\u00e1vel;<br \/>&#8211; Com sua capacidade excepcional de absorver odores e r\u00e1pida decomposi\u00e7\u00e3o, a Wisecat Bionature torna a manuten\u00e7\u00e3o da caixa de areia simples e eficaz<br \/>&#8211; Al\u00e9m disso, sua tonalidade clara permite monitorar a sa\u00fade renal do seu gato;<br \/>\u00a0<br \/>Vantagens:<br \/>&#8211; Biodegrad\u00e1vel<br \/>&#8211; Ideal Para Todos Os Gatos;<br \/>&#8211; Torr\u00e3o S\u00f3lido Instant\u00e2neo;\u00a0<br \/>&#8211; Elimina o Odor;<br \/>&#8211; 100% Natural;<br \/>&#8211; N\u00e3o Machuca As Patas;<\/p>","protected":false},"excerpt":{"rendered":"<p>AREIA HIGI\u00caNICA PARA GATOS BIODEGRAD\u00c1VEL WISECAT 2KG KIT COM 3 PACOTES\u00a0\u00a0&#8211; Descubra o Granulado Super Premium Wisecat Bionature: a revolu\u00e7\u00e3o ecol\u00f3gica na higiene do seu gato! 100% natural e biodegrad\u00e1vel, este inovador produto n\u00e3o apenas cuida do meio ambiente, mas tamb\u00e9m garante o bem-estar do seu peludo;&#8211; Feito a partir de derivados de mandioca, \u00e9 [&hellip;]<\/p>\n","protected":false},"featured_media":1410790120,"comment_status":"open","ping_status":"closed","template":"","meta":{"googlesitekit_rrm_CAow0N7NCw:productID":"","content-type":"","pmpro_default_level":"","_themeisle_gutenberg_block_has_review":false},"product_brand":[],"product_cat":[262],"product_tag":[],"class_list":{"0":"post-1410790121","1":"product","2":"type-product","3":"status-publish","4":"has-post-thumbnail","6":"product_cat-areias-higienicas","7":"pmpro-has-access","9":"first","10":"outofstock","11":"taxable","12":"shipping-taxable","13":"purchasable","14":"product-type-simple"},"_links":{"self":[{"href":"https:\/\/dinhosreef.com\/en\/wp-json\/wp\/v2\/product\/1410790121","targetHints":{"allow":["GET"]}}],"collection":[{"href":"https:\/\/dinhosreef.com\/en\/wp-json\/wp\/v2\/product"}],"about":[{"href":"https:\/\/dinhosreef.com\/en\/wp-json\/wp\/v2\/types\/product"}],"replies":[{"embeddable":true,"href":"https:\/\/dinhosreef.com\/en\/wp-json\/wp\/v2\/comments?post=1410790121"}],"wp:featuredmedia":[{"embeddable":true,"href":"https:\/\/dinhosreef.com\/en\/wp-json\/wp\/v2\/media\/1410790120"}],"wp:attachment":[{"href":"https:\/\/dinhosreef.com\/en\/wp-json\/wp\/v2\/media?parent=1410790121"}],"wp:term":[{"taxonomy":"product_brand","embeddable":true,"href":"https:\/\/dinhosreef.com\/en\/wp-json\/wp\/v2\/product_brand?post=1410790121"},{"taxonomy":"product_cat","embeddable":true,"href":"https:\/\/dinhosreef.com\/en\/wp-json\/wp\/v2\/product_cat?post=1410790121"},{"taxonomy":"product_tag","embeddable":true,"href":"https:\/\/dinhosreef.com\/en\/wp-json\/wp\/v2\/product_tag?post=1410790121"}],"curies":[{"name":"wp","href":"https:\/\/api.w.org\/{rel}","templated":true}]}}