{"id":1410790300,"date":"2026-03-26T10:08:28","date_gmt":"2026-03-26T13:08:28","guid":{"rendered":"https:\/\/dinhosreef.com\/produto\/racao-pedigree-nutricao-essencial-ad-carne-15kg\/"},"modified":"2026-05-08T18:30:54","modified_gmt":"2026-05-08T21:30:54","slug":"racao-pedigree-nutricao-essencial-ad-carne-15kg","status":"publish","type":"product","link":"https:\/\/dinhosreef.com\/en\/product\/racao-pedigree-nutricao-essencial-ad-carne-15kg\/","title":{"rendered":"RA\u00c7\u00c3O PEDIGREE NUTRI\u00c7AO ESSENCIAL AD CARNE 15KG"},"content":{"rendered":"<h3 data-start=\"154\" data-end=\"209\"><strong data-start=\"161\" data-end=\"207\">Ra\u00e7\u00e3o PED Nutri\u00e7\u00e3o Essencial AD Carne 15kg<\/strong><\/h3>\n<p data-start=\"211\" data-end=\"521\">Proporcione uma alimenta\u00e7\u00e3o completa, balanceada e saborosa para o seu melhor amigo com a <strong data-start=\"301\" data-end=\"336\">PED Nutri\u00e7\u00e3o Essencial AD Carne<\/strong>!<br data-start=\"337\" data-end=\"340\">Desenvolvida com ingredientes de alta qualidade, essa ra\u00e7\u00e3o \u00e9 ideal para c\u00e3es adultos, oferecendo todos os nutrientes necess\u00e1rios para uma vida saud\u00e1vel, ativa e cheia de energia.<\/p>\n<p data-start=\"523\" data-end=\"554\"><strong data-start=\"526\" data-end=\"552\">Benef\u00edcios do produto:<\/strong><\/p>\n<ul data-start=\"555\" data-end=\"1070\">\n<li data-start=\"555\" data-end=\"673\">\n<p data-start=\"557\" data-end=\"673\"><strong data-start=\"559\" data-end=\"599\">Fonte de prote\u00edna de alta qualidade:<\/strong> sabor irresist\u00edvel de carne, que ajuda na manuten\u00e7\u00e3o da massa muscular.<\/p>\n<\/li>\n<li data-start=\"674\" data-end=\"783\">\n<p data-start=\"676\" data-end=\"783\"><strong data-start=\"679\" data-end=\"706\">Nutrientes balanceados:<\/strong> cont\u00e9m vitaminas e minerais essenciais para o bem-estar di\u00e1rio do seu c\u00e3o.<\/p>\n<\/li>\n<li data-start=\"784\" data-end=\"876\">\n<p data-start=\"786\" data-end=\"876\"><strong data-start=\"789\" data-end=\"814\">Energia e vitalidade:<\/strong> f\u00f3rmula que contribui para a disposi\u00e7\u00e3o e sa\u00fade do seu pet.<\/p>\n<\/li>\n<li data-start=\"877\" data-end=\"977\">\n<p data-start=\"879\" data-end=\"977\"><strong data-start=\"882\" data-end=\"899\">Cuidado oral:<\/strong> gr\u00e3os crocantes que auxiliam na limpeza dos dentes e na redu\u00e7\u00e3o do t\u00e1rtaro.<\/p>\n<\/li>\n<li data-start=\"978\" data-end=\"1070\">\n<p data-start=\"980\" data-end=\"1070\"><strong data-start=\"983\" data-end=\"1005\">Digest\u00e3o saud\u00e1vel:<\/strong> com ingredientes que favorecem o bom funcionamento intestinal.<\/p>\n<\/li>\n<\/ul>\n<p data-start=\"1072\" data-end=\"1178\"><strong data-start=\"1075\" data-end=\"1089\">Embalagem:<\/strong> saco de 15kg<br data-start=\"1102\" data-end=\"1105\"><strong data-start=\"1109\" data-end=\"1123\">Indica\u00e7\u00e3o:<\/strong> c\u00e3es adultos de todas as ra\u00e7as<br data-start=\"1154\" data-end=\"1157\"><strong data-start=\"1160\" data-end=\"1170\">Sabor:<\/strong> carne<\/p>\n<p data-start=\"1180\" data-end=\"1309\"><strong data-start=\"1182\" data-end=\"1309\">PED Nutri\u00e7\u00e3o Essencial \u2013 o equil\u00edbrio perfeito entre sabor, qualidade e nutri\u00e7\u00e3o para o seu c\u00e3o viver melhor todos os dias!<\/strong><\/p>","protected":false},"excerpt":{"rendered":"<p>Ra\u00e7\u00e3o PED Nutri\u00e7\u00e3o Essencial AD Carne 15kg Proporcione uma alimenta\u00e7\u00e3o completa, balanceada e saborosa para o seu melhor amigo com a PED Nutri\u00e7\u00e3o Essencial AD Carne!Desenvolvida com ingredientes de alta qualidade, essa ra\u00e7\u00e3o \u00e9 ideal para c\u00e3es adultos, oferecendo todos os nutrientes necess\u00e1rios para uma vida saud\u00e1vel, ativa e cheia de energia. Benef\u00edcios do produto: [&hellip;]<\/p>\n","protected":false},"featured_media":1410790299,"comment_status":"open","ping_status":"closed","template":"","meta":{"googlesitekit_rrm_CAow0N7NCw:productID":"","content-type":"","pmpro_default_level":"","_themeisle_gutenberg_block_has_review":false},"product_brand":[438],"product_cat":[259],"product_tag":[],"class_list":{"0":"post-1410790300","1":"product","2":"type-product","3":"status-publish","4":"has-post-thumbnail","6":"product_brand-pedigree","7":"product_cat-racoes-alimento-petisco-e-suplemento-caes","8":"pmpro-has-access","10":"first","11":"instock","12":"taxable","13":"shipping-taxable","14":"purchasable","15":"product-type-simple"},"_links":{"self":[{"href":"https:\/\/dinhosreef.com\/en\/wp-json\/wp\/v2\/product\/1410790300","targetHints":{"allow":["GET"]}}],"collection":[{"href":"https:\/\/dinhosreef.com\/en\/wp-json\/wp\/v2\/product"}],"about":[{"href":"https:\/\/dinhosreef.com\/en\/wp-json\/wp\/v2\/types\/product"}],"replies":[{"embeddable":true,"href":"https:\/\/dinhosreef.com\/en\/wp-json\/wp\/v2\/comments?post=1410790300"}],"wp:featuredmedia":[{"embeddable":true,"href":"https:\/\/dinhosreef.com\/en\/wp-json\/wp\/v2\/media\/1410790299"}],"wp:attachment":[{"href":"https:\/\/dinhosreef.com\/en\/wp-json\/wp\/v2\/media?parent=1410790300"}],"wp:term":[{"taxonomy":"product_brand","embeddable":true,"href":"https:\/\/dinhosreef.com\/en\/wp-json\/wp\/v2\/product_brand?post=1410790300"},{"taxonomy":"product_cat","embeddable":true,"href":"https:\/\/dinhosreef.com\/en\/wp-json\/wp\/v2\/product_cat?post=1410790300"},{"taxonomy":"product_tag","embeddable":true,"href":"https:\/\/dinhosreef.com\/en\/wp-json\/wp\/v2\/product_tag?post=1410790300"}],"curies":[{"name":"wp","href":"https:\/\/api.w.org\/{rel}","templated":true}]}}