{"id":1410790304,"date":"2026-03-26T10:16:56","date_gmt":"2026-03-26T13:16:56","guid":{"rendered":"https:\/\/dinhosreef.com\/produto\/whiskas-sache-frango-85g-caixa-c-20-unidades\/"},"modified":"2026-05-08T19:02:39","modified_gmt":"2026-05-08T22:02:39","slug":"whiskas-sache-frango-85g-caixa-c-20-unidades","status":"publish","type":"product","link":"https:\/\/dinhosreef.com\/en\/product\/whiskas-sache-frango-85g-caixa-c-20-unidades\/","title":{"rendered":"WHISKAS SACHE FRANGO 85G CAIXA C\/ 20 UNIDADES"},"content":{"rendered":"<p>&#8211; Indicada para gatos;<br \/>&#8211; Refei\u00e7\u00e3o completa e balanceada;<br \/>&#8211; Feita com ingredientes naturais de alta qualidade, vitaminas e minerais;<br \/>&#8211; Sem conservantes, sem corantes artificiais e sem aromatizantes artificiais;<br \/>&#8211; Suculentos pedacinhos cozidos a vapor;<br \/>&#8211; Ajuda a manter a sa\u00fade do trato urin\u00e1rio;<br \/>&#8211; Por\u00e7\u00e3o ideal de prote\u00edna, vitaminas e sais minerais;<br \/>&#8211; Dispon\u00edvel em embalagem com 85 g<\/p>","protected":false},"excerpt":{"rendered":"<p>&#8211; Indicada para gatos;&#8211; Refei\u00e7\u00e3o completa e balanceada;&#8211; Feita com ingredientes naturais de alta qualidade, vitaminas e minerais;&#8211; Sem conservantes, sem corantes artificiais e sem aromatizantes artificiais;&#8211; Suculentos pedacinhos cozidos a vapor;&#8211; Ajuda a manter a sa\u00fade do trato urin\u00e1rio;&#8211; Por\u00e7\u00e3o ideal de prote\u00edna, vitaminas e sais minerais;&#8211; Dispon\u00edvel em embalagem com 85 g<\/p>","protected":false},"featured_media":1410790302,"comment_status":"open","ping_status":"closed","template":"","meta":{"googlesitekit_rrm_CAow0N7NCw:productID":"","content-type":"","pmpro_default_level":"","_themeisle_gutenberg_block_has_review":false},"product_brand":[439],"product_cat":[256],"product_tag":[],"class_list":{"0":"post-1410790304","1":"product","2":"type-product","3":"status-publish","4":"has-post-thumbnail","6":"product_brand-whiskas","7":"product_cat-racoes","8":"aux-has-gallery","9":"pmpro-has-access","11":"first","12":"instock","13":"taxable","14":"shipping-taxable","15":"purchasable","16":"product-type-simple"},"_links":{"self":[{"href":"https:\/\/dinhosreef.com\/en\/wp-json\/wp\/v2\/product\/1410790304","targetHints":{"allow":["GET"]}}],"collection":[{"href":"https:\/\/dinhosreef.com\/en\/wp-json\/wp\/v2\/product"}],"about":[{"href":"https:\/\/dinhosreef.com\/en\/wp-json\/wp\/v2\/types\/product"}],"replies":[{"embeddable":true,"href":"https:\/\/dinhosreef.com\/en\/wp-json\/wp\/v2\/comments?post=1410790304"}],"wp:featuredmedia":[{"embeddable":true,"href":"https:\/\/dinhosreef.com\/en\/wp-json\/wp\/v2\/media\/1410790302"}],"wp:attachment":[{"href":"https:\/\/dinhosreef.com\/en\/wp-json\/wp\/v2\/media?parent=1410790304"}],"wp:term":[{"taxonomy":"product_brand","embeddable":true,"href":"https:\/\/dinhosreef.com\/en\/wp-json\/wp\/v2\/product_brand?post=1410790304"},{"taxonomy":"product_cat","embeddable":true,"href":"https:\/\/dinhosreef.com\/en\/wp-json\/wp\/v2\/product_cat?post=1410790304"},{"taxonomy":"product_tag","embeddable":true,"href":"https:\/\/dinhosreef.com\/en\/wp-json\/wp\/v2\/product_tag?post=1410790304"}],"curies":[{"name":"wp","href":"https:\/\/api.w.org\/{rel}","templated":true}]}}