{"id":1410790417,"date":"2026-03-28T20:01:47","date_gmt":"2026-03-28T23:01:47","guid":{"rendered":"https:\/\/dinhosreef.com\/produto\/bicolor-trumpet\/"},"modified":"2026-03-28T20:04:06","modified_gmt":"2026-03-28T23:04:06","slug":"bicolor-trumpet","status":"publish","type":"product","link":"https:\/\/dinhosreef.com\/en\/product\/bicolor-trumpet\/","title":{"rendered":"Bicolor Trumpet"},"content":{"rendered":"<p>Bicolor Trumpet\u00a0<br \/>Descri\u00e7\u00e3o Caulastraea \u00e9 um g\u00e9nero de corais da fam\u00edlia Merulinidae, ordem\u00a0<br \/>Scleractinia. Seus nomes comuns em ingl\u00eas s\u00e3o candy cane cora, coral caramelo, devido\u00a0<br \/>ao aspecto de seus p\u00f3lipos, ou tamb\u00e9m trumpet coral, coral trombeta, pela forma de seus\u00a0<br \/>esqueletos individuais ou coralitos. Wikip\u00e9dia \u00a0<br \/>Nome cient\u00edfico: Caulastraea\u00a0<br \/>Classifica\u00e7\u00e3o: G\u00eanero\u00a0<br \/>Classifica\u00e7\u00e3o superior: Merulinidae\u00a0<br \/>Caracter\u00edsticas\u00a0<br \/>Alimenta\u00e7\u00e3o: M\u00e9dia\u00a0<br \/>Circula\u00e7\u00e3o: M\u00e9dia\u00a0<br \/>Ilumina\u00e7\u00e3o: M\u00e9dia\u00a0<br \/>Dificuldade: M\u00e9dia\u00a0<br \/>Agressivo com outras esp\u00e9cies: M\u00e9dia \u00a0<br \/>Agressivo com mesmo: N\u00e3o<\/p>","protected":false},"excerpt":{"rendered":"<p>Bicolor Trumpet\u00a0Descri\u00e7\u00e3o Caulastraea \u00e9 um g\u00e9nero de corais da fam\u00edlia Merulinidae, ordem\u00a0Scleractinia. Seus nomes comuns em ingl\u00eas s\u00e3o candy cane cora, coral caramelo, devido\u00a0ao aspecto de seus p\u00f3lipos, ou tamb\u00e9m trumpet coral, coral trombeta, pela forma de seus\u00a0esqueletos individuais ou coralitos. Wikip\u00e9dia \u00a0Nome cient\u00edfico: Caulastraea\u00a0Classifica\u00e7\u00e3o: G\u00eanero\u00a0Classifica\u00e7\u00e3o superior: Merulinidae\u00a0Caracter\u00edsticas\u00a0Alimenta\u00e7\u00e3o: M\u00e9dia\u00a0Circula\u00e7\u00e3o: M\u00e9dia\u00a0Ilumina\u00e7\u00e3o: M\u00e9dia\u00a0Dificuldade: M\u00e9dia\u00a0Agressivo com outras esp\u00e9cies: [&hellip;]<\/p>\n","protected":false},"featured_media":1410790418,"comment_status":"open","ping_status":"closed","template":"","meta":{"googlesitekit_rrm_CAow0N7NCw:productID":"","content-type":"","pmpro_default_level":"","_themeisle_gutenberg_block_has_review":false},"product_brand":[],"product_cat":[186],"product_tag":[],"class_list":{"0":"post-1410790417","1":"product","2":"type-product","3":"status-publish","4":"has-post-thumbnail","6":"product_cat-animais-vivos","7":"pmpro-has-access","9":"first","10":"outofstock","11":"taxable","12":"shipping-taxable","13":"purchasable","14":"product-type-simple"},"_links":{"self":[{"href":"https:\/\/dinhosreef.com\/en\/wp-json\/wp\/v2\/product\/1410790417","targetHints":{"allow":["GET"]}}],"collection":[{"href":"https:\/\/dinhosreef.com\/en\/wp-json\/wp\/v2\/product"}],"about":[{"href":"https:\/\/dinhosreef.com\/en\/wp-json\/wp\/v2\/types\/product"}],"replies":[{"embeddable":true,"href":"https:\/\/dinhosreef.com\/en\/wp-json\/wp\/v2\/comments?post=1410790417"}],"wp:featuredmedia":[{"embeddable":true,"href":"https:\/\/dinhosreef.com\/en\/wp-json\/wp\/v2\/media\/1410790418"}],"wp:attachment":[{"href":"https:\/\/dinhosreef.com\/en\/wp-json\/wp\/v2\/media?parent=1410790417"}],"wp:term":[{"taxonomy":"product_brand","embeddable":true,"href":"https:\/\/dinhosreef.com\/en\/wp-json\/wp\/v2\/product_brand?post=1410790417"},{"taxonomy":"product_cat","embeddable":true,"href":"https:\/\/dinhosreef.com\/en\/wp-json\/wp\/v2\/product_cat?post=1410790417"},{"taxonomy":"product_tag","embeddable":true,"href":"https:\/\/dinhosreef.com\/en\/wp-json\/wp\/v2\/product_tag?post=1410790417"}],"curies":[{"name":"wp","href":"https:\/\/api.w.org\/{rel}","templated":true}]}}