{"id":1410790430,"date":"2026-04-08T12:20:30","date_gmt":"2026-04-08T15:20:30","guid":{"rendered":"https:\/\/dinhosreef.com\/produto\/big-filter-maxxi-brazil-800l-h-bf-800-127v\/"},"modified":"2026-04-08T12:20:30","modified_gmt":"2026-04-08T15:20:30","slug":"big-filter-maxxi-brazil-800l-h-bf-800-127v","status":"publish","type":"product","link":"https:\/\/dinhosreef.com\/en\/product\/big-filter-maxxi-brazil-800l-h-bf-800-127v\/","title":{"rendered":"BIG FILTER MAXXI BRAZIL 800L\/H BF-800 127V"},"content":{"rendered":"<p>O BIG FILTER foi desenvolvido para oferecer m\u00e1ximo desempenho na qualidade da \u00e1gua do seu aqu\u00e1rio. Seu design conta com um amplo espa\u00e7o interno, especialmente projetado para acomodar uma grande quantidade de m\u00eddias biol\u00f3gicas, proporcionando uma filtragem mais eficiente e est\u00e1vel.<\/p>\n<p>Um maior volume de m\u00eddias biol\u00f3gicas permite a forma\u00e7\u00e3o de uma col\u00f4nia robusta de bact\u00e9rias ben\u00e9ficas, respons\u00e1veis por decompor impurezas e manter o equil\u00edbrio do ambiente aqu\u00e1tico. Como resultado, a \u00e1gua permanece mais limpa, com par\u00e2metros est\u00e1veis e peixes mais saud\u00e1veis.<\/p>\n<p>Al\u00e9m disso, o BIG FILTER possui um fluxo de \u00e1gua direcionado, projetado para atravessar as m\u00eddias filtrantes de forma uniforme. Isso maximiza o contato com a \u00e1gua com toda a superf\u00edcie filtrante, aumentando a efici\u00eancia da filtragem biol\u00f3gica e garantindo um francamento mais completo e consistente.<\/p>\n<p>Com o BIG FILTER, voc\u00ea oferece ao seu aqu\u00e1rio um sistema de filtragem completo, confi\u00e1vel e preparado para lidar com os maiores desafios na manuten\u00e7\u00e3o da qualidade da \u00e1gua.<\/p>","protected":false},"excerpt":{"rendered":"<p>O BIG FILTER foi desenvolvido para oferecer m\u00e1ximo desempenho na qualidade da \u00e1gua do seu aqu\u00e1rio. Seu design conta com um amplo espa\u00e7o interno, especialmente projetado para acomodar uma grande quantidade de m\u00eddias biol\u00f3gicas, proporcionando uma filtragem mais eficiente e est\u00e1vel. Um maior volume de m\u00eddias biol\u00f3gicas permite a forma\u00e7\u00e3o de uma col\u00f4nia robusta de [&hellip;]<\/p>\n","protected":false},"featured_media":1410790428,"comment_status":"open","ping_status":"closed","template":"","meta":{"googlesitekit_rrm_CAow0N7NCw:productID":"","content-type":"","pmpro_default_level":"","_themeisle_gutenberg_block_has_review":false},"product_brand":[],"product_cat":[360],"product_tag":[],"class_list":{"0":"post-1410790430","1":"product","2":"type-product","3":"status-publish","4":"has-post-thumbnail","6":"product_cat-filtros-manutencao-de-aquarios-acessorios-para-aquarios-peixes-pet-shop","7":"aux-has-gallery","8":"pmpro-has-access","10":"first","11":"instock","12":"taxable","13":"shipping-taxable","14":"purchasable","15":"product-type-simple"},"_links":{"self":[{"href":"https:\/\/dinhosreef.com\/en\/wp-json\/wp\/v2\/product\/1410790430","targetHints":{"allow":["GET"]}}],"collection":[{"href":"https:\/\/dinhosreef.com\/en\/wp-json\/wp\/v2\/product"}],"about":[{"href":"https:\/\/dinhosreef.com\/en\/wp-json\/wp\/v2\/types\/product"}],"replies":[{"embeddable":true,"href":"https:\/\/dinhosreef.com\/en\/wp-json\/wp\/v2\/comments?post=1410790430"}],"wp:featuredmedia":[{"embeddable":true,"href":"https:\/\/dinhosreef.com\/en\/wp-json\/wp\/v2\/media\/1410790428"}],"wp:attachment":[{"href":"https:\/\/dinhosreef.com\/en\/wp-json\/wp\/v2\/media?parent=1410790430"}],"wp:term":[{"taxonomy":"product_brand","embeddable":true,"href":"https:\/\/dinhosreef.com\/en\/wp-json\/wp\/v2\/product_brand?post=1410790430"},{"taxonomy":"product_cat","embeddable":true,"href":"https:\/\/dinhosreef.com\/en\/wp-json\/wp\/v2\/product_cat?post=1410790430"},{"taxonomy":"product_tag","embeddable":true,"href":"https:\/\/dinhosreef.com\/en\/wp-json\/wp\/v2\/product_tag?post=1410790430"}],"curies":[{"name":"wp","href":"https:\/\/api.w.org\/{rel}","templated":true}]}}