{"id":1410790461,"date":"2026-04-11T15:57:38","date_gmt":"2026-04-11T18:57:38","guid":{"rendered":"https:\/\/dinhosreef.com\/produto\/comedouro-p-passaros-canto-classico-2-divisoes\/"},"modified":"2026-04-11T15:58:17","modified_gmt":"2026-04-11T18:58:17","slug":"comedouro-p-passaros-canto-classico-2-divisoes","status":"publish","type":"product","link":"https:\/\/dinhosreef.com\/en\/product\/comedouro-p-passaros-canto-classico-2-divisoes\/","title":{"rendered":"COMEDOURO P\/ P\u00c1SSAROS CANTO CL\u00c1SSICO 2 DIVIS\u00d5ES"},"content":{"rendered":"<p><strong>Comedouro para P\u00e1ssaros Canto Cl\u00e1ssico com 2 Divis\u00f5es | Praticidade e Organiza\u00e7\u00e3o<\/strong><\/p>\n<p>O Comedouro para P\u00e1ssaros Canto Cl\u00e1ssico com 2 Divis\u00f5es \u00e9 perfeito para quem busca funcionalidade e efici\u00eancia no cuidado di\u00e1rio com suas aves. Com design inteligente, ele permite oferecer dois tipos de alimento ao mesmo tempo, mantendo tudo organizado e acess\u00edvel.<\/p>\n<p>Ideal para uso em gaiolas e viveiros, seu formato facilita a adapta\u00e7\u00e3o no espa\u00e7o e proporciona mais conforto para os p\u00e1ssaros durante a alimenta\u00e7\u00e3o. Fabricado com material resistente, \u00e9 dur\u00e1vel, f\u00e1cil de limpar e pensado para o uso cont\u00ednuo.<\/p>\n<p><strong>Destaques do produto:<\/strong><\/p>\n<ul>\n<li>2 divis\u00f5es para diferentes tipos de alimentos<\/li>\n<li>Design pr\u00e1tico e funcional<\/li>\n<li>Ideal para p\u00e1ssaros de pequeno e m\u00e9dio porte<\/li>\n<li>F\u00e1cil de instalar em gaiolas e viveiros<\/li>\n<li>Material resistente e de f\u00e1cil higieniza\u00e7\u00e3o<\/li>\n<\/ul>\n<p>Garanta mais praticidade no dia a dia e ofere\u00e7a uma alimenta\u00e7\u00e3o organizada para suas aves com um comedouro vers\u00e1til e eficiente!<\/p>","protected":false},"excerpt":{"rendered":"<p>Comedouro para P\u00e1ssaros Canto Cl\u00e1ssico com 2 Divis\u00f5es | Praticidade e Organiza\u00e7\u00e3o O Comedouro para P\u00e1ssaros Canto Cl\u00e1ssico com 2 Divis\u00f5es \u00e9 perfeito para quem busca funcionalidade e efici\u00eancia no cuidado di\u00e1rio com suas aves. Com design inteligente, ele permite oferecer dois tipos de alimento ao mesmo tempo, mantendo tudo organizado e acess\u00edvel. Ideal para [&hellip;]<\/p>\n","protected":false},"featured_media":1410790460,"comment_status":"open","ping_status":"closed","template":"","meta":{"googlesitekit_rrm_CAow0N7NCw:productID":"","content-type":"","pmpro_default_level":"","_themeisle_gutenberg_block_has_review":false},"product_brand":[],"product_cat":[226,50],"product_tag":[],"class_list":{"0":"post-1410790461","1":"product","2":"type-product","3":"status-publish","4":"has-post-thumbnail","6":"product_cat-aves-e-acessorios-pet-shop","7":"product_cat-bebedouros-e-comedouros","8":"pmpro-has-access","10":"first","11":"instock","12":"taxable","13":"shipping-taxable","14":"purchasable","15":"product-type-simple"},"_links":{"self":[{"href":"https:\/\/dinhosreef.com\/en\/wp-json\/wp\/v2\/product\/1410790461","targetHints":{"allow":["GET"]}}],"collection":[{"href":"https:\/\/dinhosreef.com\/en\/wp-json\/wp\/v2\/product"}],"about":[{"href":"https:\/\/dinhosreef.com\/en\/wp-json\/wp\/v2\/types\/product"}],"replies":[{"embeddable":true,"href":"https:\/\/dinhosreef.com\/en\/wp-json\/wp\/v2\/comments?post=1410790461"}],"wp:featuredmedia":[{"embeddable":true,"href":"https:\/\/dinhosreef.com\/en\/wp-json\/wp\/v2\/media\/1410790460"}],"wp:attachment":[{"href":"https:\/\/dinhosreef.com\/en\/wp-json\/wp\/v2\/media?parent=1410790461"}],"wp:term":[{"taxonomy":"product_brand","embeddable":true,"href":"https:\/\/dinhosreef.com\/en\/wp-json\/wp\/v2\/product_brand?post=1410790461"},{"taxonomy":"product_cat","embeddable":true,"href":"https:\/\/dinhosreef.com\/en\/wp-json\/wp\/v2\/product_cat?post=1410790461"},{"taxonomy":"product_tag","embeddable":true,"href":"https:\/\/dinhosreef.com\/en\/wp-json\/wp\/v2\/product_tag?post=1410790461"}],"curies":[{"name":"wp","href":"https:\/\/api.w.org\/{rel}","templated":true}]}}