{"id":1410790529,"date":"2026-04-11T21:27:15","date_gmt":"2026-04-12T00:27:15","guid":{"rendered":"https:\/\/dinhosreef.com\/produto\/racao-quatree-supreme-p-caes-adultos-rp-frango-10-1kg\/"},"modified":"2026-04-23T21:47:10","modified_gmt":"2026-04-24T00:47:10","slug":"racao-quatree-supreme-p-caes-adultos-rp-frango-10-1kg","status":"publish","type":"product","link":"https:\/\/dinhosreef.com\/en\/product\/racao-quatree-supreme-p-caes-adultos-rp-frango-10-1kg\/","title":{"rendered":"RA\u00c7\u00c3O QUATREE SUPREME P\/ C\u00c3ES ADULTOS RP FRANGO 10.1KG"},"content":{"rendered":"<h2>Ra\u00e7\u00e3o Quatree Supreme C\u00e3es Adultos Ra\u00e7as Pequenas<\/h2>\n<p>A\u00a0<strong>Ra\u00e7\u00e3o Quatree Supreme para C\u00e3es Adultos de Ra\u00e7as Pequenas<\/strong>\u00a0\u00e9 um alimento Super Premium desenvolvido com ingredientes naturais, livre de transg\u00eanicos e com conservantes 100% naturais. Sua f\u00f3rmula exclusiva proporciona alta digestibilidade e excelente absor\u00e7\u00e3o dos nutrientes, promovendo sa\u00fade e vitalidade para o dia a dia do seu c\u00e3o. Indicada para c\u00e3es adultos de porte mini e pequeno, a\u00a0<strong>Ra\u00e7\u00e3o Quatree Supreme<\/strong>\u00a0combina prote\u00ednas nobres com ativos funcionais que favorecem o equil\u00edbrio intestinal, reduzem o volume e o odor das fezes, al\u00e9m de contribuir para uma vida mais longa e saud\u00e1vel.<\/p>\n<p>Com hexametafosfato de s\u00f3dio, a\u00a0<strong>Ra\u00e7\u00e3o para C\u00e3es Pequenos Quatree Supreme<\/strong> auxilia na redu\u00e7\u00e3o do t\u00e1rtaro e combate o mau h\u00e1lito, promovendo uma melhor sa\u00fade bucal. A presen\u00e7a de \u00f4megas 3 e 6, biotina e zinco garante uma pele saud\u00e1vel e pelagem brilhante. A inclus\u00e3o de condroprotetores como glicosamina e condroitina fortalece as articula\u00e7\u00f5es, enquanto a ma\u00e7\u00e3 e o ch\u00e1 verde oferecem a\u00e7\u00e3o antioxidante, refor\u00e7ando as defesas naturais do organismo. Uma escolha completa para quem busca qualidade nutricional e bem-estar para seu c\u00e3o de pequeno porte.<\/p>\n<h3>Composi\u00e7\u00e3o B\u00e1sica<\/h3>\n<p>Farinha de v\u00edsceras de frango (m\u00edn. 25%), farinha de torresmo, farinha de peixes, ovo em p\u00f3, arroz quebrado, gr\u00e3o de sorgo, farinha de batata-doce (m\u00edn. 0,5%), \u00f3leo de aves, gordura su\u00edna, gr\u00e3o de linha\u00e7a, polpa desidratada de beterraba (m\u00edn. 1,0%), levedura de cervejaria inativada desidratada, lignocelulose, inulina (FOS) (m\u00edn. 0,15%), mananoligossacar\u00eddeo (MOS) (m\u00edn. 0,1%), hexametafosfato de s\u00f3dio (m\u00edn. 0,3%), sulfato de glicosamina (m\u00edn. 0,03%), sulfato de condroitina (m\u00edn. 0,01%), extrato de yucca (m\u00edn. 0,05%), ze\u00f3lita, bentonita, DL-metionina, taurina, ma\u00e7\u00e3 desidratada (m\u00edn. 0,05%), extrato de ch\u00e1 verde (Camelia sinenses) (m\u00edn. 0,01%), parede celular de levedura (fonte de beta-glucanas 1,3-1,6) (m\u00edn. 0,04%), levedura enriquecida com sel\u00eanio, extrato de alecrim, tocoferol (concentrado), hidrolisado de f\u00edgado de aves e su\u00edno, cloreto de s\u00f3dio, cloreto de pot\u00e1ssio, \u00e1cido propi\u00f4nico, vitamina A, vitamina D3, vitamina E, vitamina K3, vitamina C, vitamina B1, vitamina B2, vitamina B6, vitamina B12, niacina (\u00e1cido nicot\u00ednico), cloreto de colina, \u00e1cido f\u00f3lico, biotina, D-pantotenato de c\u00e1lcio, sulfato de cobre monohidratado, sulfato de ferro, sulfato de mangan\u00eas, sulfato de zinco, iodato de c\u00e1lcio, selenito de s\u00f3dio, proteinato de mangan\u00eas, proteinato de sel\u00eanio, proteinato de zinco.<\/p>","protected":false},"excerpt":{"rendered":"<p>Ra\u00e7\u00e3o Quatree Supreme C\u00e3es Adultos Ra\u00e7as Pequenas A\u00a0Ra\u00e7\u00e3o Quatree Supreme para C\u00e3es Adultos de Ra\u00e7as Pequenas\u00a0\u00e9 um alimento Super Premium desenvolvido com ingredientes naturais, livre de transg\u00eanicos e com conservantes 100% naturais. Sua f\u00f3rmula exclusiva proporciona alta digestibilidade e excelente absor\u00e7\u00e3o dos nutrientes, promovendo sa\u00fade e vitalidade para o dia a dia do seu c\u00e3o. [&hellip;]<\/p>\n","protected":false},"featured_media":1410790528,"comment_status":"open","ping_status":"closed","template":"","meta":{"googlesitekit_rrm_CAow0N7NCw:productID":"","content-type":"","pmpro_default_level":"","_themeisle_gutenberg_block_has_review":false},"product_brand":[336],"product_cat":[259],"product_tag":[],"class_list":{"0":"post-1410790529","1":"product","2":"type-product","3":"status-publish","4":"has-post-thumbnail","6":"product_brand-quatree","7":"product_cat-racoes-alimento-petisco-e-suplemento-caes","8":"pmpro-has-access","10":"first","11":"instock","12":"taxable","13":"shipping-taxable","14":"purchasable","15":"product-type-simple"},"_links":{"self":[{"href":"https:\/\/dinhosreef.com\/en\/wp-json\/wp\/v2\/product\/1410790529","targetHints":{"allow":["GET"]}}],"collection":[{"href":"https:\/\/dinhosreef.com\/en\/wp-json\/wp\/v2\/product"}],"about":[{"href":"https:\/\/dinhosreef.com\/en\/wp-json\/wp\/v2\/types\/product"}],"replies":[{"embeddable":true,"href":"https:\/\/dinhosreef.com\/en\/wp-json\/wp\/v2\/comments?post=1410790529"}],"wp:featuredmedia":[{"embeddable":true,"href":"https:\/\/dinhosreef.com\/en\/wp-json\/wp\/v2\/media\/1410790528"}],"wp:attachment":[{"href":"https:\/\/dinhosreef.com\/en\/wp-json\/wp\/v2\/media?parent=1410790529"}],"wp:term":[{"taxonomy":"product_brand","embeddable":true,"href":"https:\/\/dinhosreef.com\/en\/wp-json\/wp\/v2\/product_brand?post=1410790529"},{"taxonomy":"product_cat","embeddable":true,"href":"https:\/\/dinhosreef.com\/en\/wp-json\/wp\/v2\/product_cat?post=1410790529"},{"taxonomy":"product_tag","embeddable":true,"href":"https:\/\/dinhosreef.com\/en\/wp-json\/wp\/v2\/product_tag?post=1410790529"}],"curies":[{"name":"wp","href":"https:\/\/api.w.org\/{rel}","templated":true}]}}