{"id":1410790560,"date":"2026-04-14T17:30:17","date_gmt":"2026-04-14T20:30:17","guid":{"rendered":"https:\/\/dinhosreef.com\/produto\/reef-reactor-md-2l-seachem-midia-reator-de-calcio-p-aquario\/"},"modified":"2026-04-14T17:38:03","modified_gmt":"2026-04-14T20:38:03","slug":"reef-reactor-md-2l-seachem-midia-reator-de-calcio-p-aquario","status":"publish","type":"product","link":"https:\/\/dinhosreef.com\/en\/product\/reef-reactor-md-2l-seachem-midia-reator-de-calcio-p-aquario\/","title":{"rendered":"Reef Reactor Md 2l Seachem Midia Reator De Calcio P\/aquario"},"content":{"rendered":"<p>PRODUTO 100% ORIGINAL SEACHEM &#8212;&#8212;&#8212;&#8212;&#8212;&#8212;&#8212;&#8212;&#8212;&#8212;&#8212;&#8212;&#8212;&#8212;&#8212;&#8212;&#8212;&#8212;&#8212;&#8212;&#8212;&#8212;&#8212;&#8212;&#8212;&#8212;&#8212;&#8212;&#8212;&#8212;&#8212;&#8212;&#8212;&#8212;&#8212;&#8212;&#8212;&#8212;- Principais Caracter\u00edsticas: I\u00a0<\/p>\n<p>SEACHEM REEF REACTOR MD 2 LITROS FONTE DE ARAGONITA, M\u00cdDIA REATOR DE C\u00c1LCIO PARA AQU\u00c1RIO MARINHO.<\/p>\n<p>\u00a0<\/p>\n<p>O Reef Reactor \u00e9 uma fonte de aragonita de alta pureza, que fornece todos os elementos importantes para o equil\u00edbrio i\u00f4nico ideal e crescimento e colora\u00e7\u00e3o de corais robustos em aqu\u00e1rios de recife. Tem um tamanho de gr\u00e3o de aproximadamente 0,5 a 1 cm.<\/p>\n<p>Destina-se ao uso em reatores de c\u00e1lcio, onde \u00e9 dissolvido lentamente com a adi\u00e7\u00e3o de CO 2. \u00c0 medida que se dissolve, fornece c\u00e1lcio, magn\u00e9sio, estr\u00f4ncio, pot\u00e1ssio e carbonatos, entre outros elementos importantes para aqu\u00e1rios de recife. \u00c9 excelente para aumentar e estabilizar a alcalinidade, que tamb\u00e9m suporta um pH est\u00e1vel e estimula a r\u00e1pida forma\u00e7\u00e3o de material esquel\u00e9tico de coral. Com altos n\u00edveis de c\u00e1lcio e magn\u00e9sio, oferece um excelente meio de suplementa\u00e7\u00e3o equilibrada para o r\u00e1pido crescimento e propaga\u00e7\u00e3o de corais e animais calc\u00e1rios em aqu\u00e1rios de recife. Possui o mais alto n\u00edvel de pot\u00e1ssio sol\u00favel de todas as marcas concorrentes, exibindo os n\u00edveis mais baixos de alum\u00ednio e f\u00f3sforo.<\/p>\n<p>\u00a0<\/p>\n<p>Principais Caracter\u00edsticas:<\/p>\n<p>C\u00e1lcio grosso e de alta pureza meio reator;<\/p>\n<p>Fonte de aragonita de alta pureza;<\/p>\n<p>Fornece c\u00e1lcio, magn\u00e9sio, estr\u00f4ncio, pot\u00e1ssio e carbonatos;<\/p>\n<p>Tamanho de 0,5-1 cm de gr\u00e3o;<\/p>\n<p>\u00a0<\/p>\n<p>Instru\u00e7\u00f5es:<\/p>\n<p>Enx\u00e1gue o Reef Reactor antes da coloca\u00e7\u00e3o inicial no seu reator de c\u00e1lcio. A taxa de fluxo de \u00e1gua atrav\u00e9s do reator em conjunto com o pH da \u00e1gua no interior do reator controlar\u00e1 a taxa de dissolu\u00e7\u00e3o do meio. Siga as instru\u00e7\u00f5es do fabricante fornecidas com o reator de c\u00e1lcio e ajuste as taxas de fluxo de \u00e1gua e inje\u00e7\u00e3o de CO 2 para atingir as concentra\u00e7\u00f5es desejadas de c\u00e1lcio e alcalinidade no efluente.<\/p>\n<p>\u00a0<\/p>\n<p>\u00a0<\/p>\n<p>\u00a0<\/p>\n<p>\u00a0<\/p>\n<p>*IMAGEM ILUSTRATIVA*<\/p>","protected":false},"excerpt":{"rendered":"<p>PRODUTO 100% ORIGINAL SEACHEM &#8212;&#8212;&#8212;&#8212;&#8212;&#8212;&#8212;&#8212;&#8212;&#8212;&#8212;&#8212;&#8212;&#8212;&#8212;&#8212;&#8212;&#8212;&#8212;&#8212;&#8212;&#8212;&#8212;&#8212;&#8212;&#8212;&#8212;&#8212;&#8212;&#8212;&#8212;&#8212;&#8212;&#8212;&#8212;&#8212;&#8212;&#8212;- Principais Caracter\u00edsticas: I\u00a0 SEACHEM REEF REACTOR MD 2 LITROS FONTE DE ARAGONITA, M\u00cdDIA REATOR DE C\u00c1LCIO PARA AQU\u00c1RIO MARINHO. \u00a0 O Reef Reactor \u00e9 uma fonte de aragonita de alta pureza, que fornece todos os elementos importantes para o equil\u00edbrio i\u00f4nico ideal e crescimento e colora\u00e7\u00e3o de corais robustos em [&hellip;]<\/p>\n","protected":false},"featured_media":1410790559,"comment_status":"open","ping_status":"closed","template":"","meta":{"googlesitekit_rrm_CAow0N7NCw:productID":"","content-type":"","pmpro_default_level":"","_themeisle_gutenberg_block_has_review":false},"product_brand":[402],"product_cat":[31],"product_tag":[],"class_list":{"0":"post-1410790560","1":"product","2":"type-product","3":"status-publish","4":"has-post-thumbnail","6":"product_brand-seachem","7":"product_cat-materiais-filtrantes","8":"pmpro-has-access","10":"first","11":"instock","12":"taxable","13":"shipping-taxable","14":"purchasable","15":"product-type-simple"},"_links":{"self":[{"href":"https:\/\/dinhosreef.com\/en\/wp-json\/wp\/v2\/product\/1410790560","targetHints":{"allow":["GET"]}}],"collection":[{"href":"https:\/\/dinhosreef.com\/en\/wp-json\/wp\/v2\/product"}],"about":[{"href":"https:\/\/dinhosreef.com\/en\/wp-json\/wp\/v2\/types\/product"}],"replies":[{"embeddable":true,"href":"https:\/\/dinhosreef.com\/en\/wp-json\/wp\/v2\/comments?post=1410790560"}],"wp:featuredmedia":[{"embeddable":true,"href":"https:\/\/dinhosreef.com\/en\/wp-json\/wp\/v2\/media\/1410790559"}],"wp:attachment":[{"href":"https:\/\/dinhosreef.com\/en\/wp-json\/wp\/v2\/media?parent=1410790560"}],"wp:term":[{"taxonomy":"product_brand","embeddable":true,"href":"https:\/\/dinhosreef.com\/en\/wp-json\/wp\/v2\/product_brand?post=1410790560"},{"taxonomy":"product_cat","embeddable":true,"href":"https:\/\/dinhosreef.com\/en\/wp-json\/wp\/v2\/product_cat?post=1410790560"},{"taxonomy":"product_tag","embeddable":true,"href":"https:\/\/dinhosreef.com\/en\/wp-json\/wp\/v2\/product_tag?post=1410790560"}],"curies":[{"name":"wp","href":"https:\/\/api.w.org\/{rel}","templated":true}]}}