{"id":1410790563,"date":"2026-04-14T17:30:22","date_gmt":"2026-04-14T20:30:22","guid":{"rendered":"https:\/\/dinhosreef.com\/produto\/reef-reactor-lg-2l-seachem-calcio-e-magnesio\/"},"modified":"2026-04-14T17:37:23","modified_gmt":"2026-04-14T20:37:23","slug":"reef-reactor-lg-2l-seachem-calcio-e-magnesio","status":"publish","type":"product","link":"https:\/\/dinhosreef.com\/en\/product\/reef-reactor-lg-2l-seachem-calcio-e-magnesio\/","title":{"rendered":"REEF REACTOR LG 2L  &#8211;  SEACHEM  C\u00e1lcio e Magnesio"},"content":{"rendered":"<p>Principais Caracter\u00edsticas:<\/p>\n<p>I &#8211; \u00c9 uma fonte concentrada e pura de aragonita;<\/p>\n<p>II &#8211; Fornece elementos essenciais para equil\u00edbrio i\u00f4nico, forte crescimento dos corais e melhor colora\u00e7\u00e3o nos aqu\u00e1rios de corais vivos;<\/p>\n<p>III &#8211; Gr\u00e3os de 1-3 cm;<\/p>\n<p>IV &#8211; Destinado para utiliza\u00e7\u00e3o em reatores de c\u00e1lcio, onde \u00e9 dissolvido lentamente com a adi\u00e7\u00e3o de CO2;<\/p>\n<p>V &#8211; Fonte C\u00e1lcio, Magn\u00e9sio, Estr\u00f4ncio, essenciais em aqu\u00e1rios de corais vivos, \u00e0 medida que se dissolve;<\/p>\n<p>VI &#8211; Excelente para aumentar e estabilizar a alcalinidade da \u00e1gua;<\/p>\n<p>VII &#8211; Incentiva a r\u00e1pida forma\u00e7\u00e3o de materiais para o esqueleto de corais;<\/p>\n<p>\u00a0<\/p>\n<p>Descri\u00e7\u00e3o:<\/p>\n<p>Seachem Reef Reactor LG \u00e9 uma m\u00eddia filtrante composta de aragonita pura e concentrada, fornecendo elementos essenciais para aqu\u00e1rios de corais. Destinado para Reatores de C\u00e1lcio, onde \u00e9 dissolvido lentamente, proporcionando C\u00e1lcio, Magn\u00e9sio, Estr\u00f4ncio, Pot\u00e1ssio, Carbonatos e entre outros elementos importantes para recifes. Aumenta e estabiliza a alcalinidade da \u00e1gua, mantendo o pH est\u00e1vel, estimulando a r\u00e1pida fora\u00e7\u00e3o de materiais para esqueleto de corais.<\/p>\n<p>\u00a0<\/p>\n<p>Atributos do Produto:<\/p>\n<p>Modelo: Reef Reactor LG 2L<\/p>\n<p>Tipo de Pet: indicado para Peixes<\/p>\n<p>Peso L\u00edq. Produto (Kg): 2,5<\/p>\n<p>Volume L\u00edq. Produto (L): 2<\/p>\n<p>Tipo de \u00c1gua: Doce e Salgada<\/p>","protected":false},"excerpt":{"rendered":"<p>Principais Caracter\u00edsticas: I &#8211; \u00c9 uma fonte concentrada e pura de aragonita; II &#8211; Fornece elementos essenciais para equil\u00edbrio i\u00f4nico, forte crescimento dos corais e melhor colora\u00e7\u00e3o nos aqu\u00e1rios de corais vivos; III &#8211; Gr\u00e3os de 1-3 cm; IV &#8211; Destinado para utiliza\u00e7\u00e3o em reatores de c\u00e1lcio, onde \u00e9 dissolvido lentamente com a adi\u00e7\u00e3o de [&hellip;]<\/p>\n","protected":false},"featured_media":1410790561,"comment_status":"open","ping_status":"closed","template":"","meta":{"googlesitekit_rrm_CAow0N7NCw:productID":"","content-type":"","pmpro_default_level":"","_themeisle_gutenberg_block_has_review":false},"product_brand":[402],"product_cat":[31],"product_tag":[],"class_list":{"0":"post-1410790563","1":"product","2":"type-product","3":"status-publish","4":"has-post-thumbnail","6":"product_brand-seachem","7":"product_cat-materiais-filtrantes","8":"aux-has-gallery","9":"pmpro-has-access","11":"first","12":"instock","13":"taxable","14":"shipping-taxable","15":"purchasable","16":"product-type-simple"},"_links":{"self":[{"href":"https:\/\/dinhosreef.com\/en\/wp-json\/wp\/v2\/product\/1410790563","targetHints":{"allow":["GET"]}}],"collection":[{"href":"https:\/\/dinhosreef.com\/en\/wp-json\/wp\/v2\/product"}],"about":[{"href":"https:\/\/dinhosreef.com\/en\/wp-json\/wp\/v2\/types\/product"}],"replies":[{"embeddable":true,"href":"https:\/\/dinhosreef.com\/en\/wp-json\/wp\/v2\/comments?post=1410790563"}],"wp:featuredmedia":[{"embeddable":true,"href":"https:\/\/dinhosreef.com\/en\/wp-json\/wp\/v2\/media\/1410790561"}],"wp:attachment":[{"href":"https:\/\/dinhosreef.com\/en\/wp-json\/wp\/v2\/media?parent=1410790563"}],"wp:term":[{"taxonomy":"product_brand","embeddable":true,"href":"https:\/\/dinhosreef.com\/en\/wp-json\/wp\/v2\/product_brand?post=1410790563"},{"taxonomy":"product_cat","embeddable":true,"href":"https:\/\/dinhosreef.com\/en\/wp-json\/wp\/v2\/product_cat?post=1410790563"},{"taxonomy":"product_tag","embeddable":true,"href":"https:\/\/dinhosreef.com\/en\/wp-json\/wp\/v2\/product_tag?post=1410790563"}],"curies":[{"name":"wp","href":"https:\/\/api.w.org\/{rel}","templated":true}]}}