{"id":1410790565,"date":"2026-04-14T18:14:52","date_gmt":"2026-04-14T21:14:52","guid":{"rendered":"https:\/\/dinhosreef.com\/produto\/kit-15un-sache-friskies-p-gatos-sabor-frango-ao-molho-85g\/"},"modified":"2026-04-14T18:20:24","modified_gmt":"2026-04-14T21:20:24","slug":"kit-15un-sache-friskies-p-gatos-sabor-frango-ao-molho-85g","status":"publish","type":"product","link":"https:\/\/dinhosreef.com\/en\/product\/kit-15un-sache-friskies-p-gatos-sabor-frango-ao-molho-85g\/","title":{"rendered":"KIT 15UN SACH\u00ca FRISKIES P\/ GATOS SABOR FRANGO AO MOLHO 85G"},"content":{"rendered":"<p>FRISKIES ao molho \u00e9 um alimento \u00famido completo e balanceado destinado a gatos adultos de atividade normal. Pele e pelos saud\u00e1veis gra\u00e7as aos n\u00edveis adequados de zinco e \u00e1cidos graxos essenciais.<\/p>\n<p>Vis\u00e3o clara e saud\u00e1vel devido \u00e0 adi\u00e7\u00e3o de vitamina A e taurina. Formulado com vitaminas e minerais que auxiliam nas defesas naturais. M\u00fasculos fortes e saud\u00e1veis devido \u00e0 presen\u00e7a de fontes de prote\u00ednas de alta qualidade.<\/p>\n<p>FRISKIES ao molho \u00e9 um alimento \u00famido completo e balanceado destinado a gatos adultos de atividade normal. Pele e pelos saud\u00e1veis gra\u00e7as aos n\u00edveis adequados de zinco e \u00e1cidos graxos essenciais. Vis\u00e3o clara e saud\u00e1vel devido \u00e0 adi\u00e7\u00e3o de vitamina A e taurina.<\/p>\n<p>Formulado com vitaminas e minerais que auxiliam nas defesas naturais. M\u00fasculos fortes e saud\u00e1veis devido \u00e0 presen\u00e7a de fontes de prote\u00ednas de alta qualidade.<\/p>","protected":false},"excerpt":{"rendered":"<p>FRISKIES ao molho \u00e9 um alimento \u00famido completo e balanceado destinado a gatos adultos de atividade normal. Pele e pelos saud\u00e1veis gra\u00e7as aos n\u00edveis adequados de zinco e \u00e1cidos graxos essenciais. Vis\u00e3o clara e saud\u00e1vel devido \u00e0 adi\u00e7\u00e3o de vitamina A e taurina. Formulado com vitaminas e minerais que auxiliam nas defesas naturais. M\u00fasculos fortes [&hellip;]<\/p>\n","protected":false},"featured_media":1410790564,"comment_status":"open","ping_status":"closed","template":"","meta":{"googlesitekit_rrm_CAow0N7NCw:productID":"","content-type":"","pmpro_default_level":"","_themeisle_gutenberg_block_has_review":false},"product_brand":[444],"product_cat":[256],"product_tag":[],"class_list":{"0":"post-1410790565","1":"product","2":"type-product","3":"status-publish","4":"has-post-thumbnail","6":"product_brand-purina","7":"product_cat-racoes","8":"pmpro-has-access","10":"first","11":"instock","12":"taxable","13":"shipping-taxable","14":"purchasable","15":"product-type-simple"},"_links":{"self":[{"href":"https:\/\/dinhosreef.com\/en\/wp-json\/wp\/v2\/product\/1410790565","targetHints":{"allow":["GET"]}}],"collection":[{"href":"https:\/\/dinhosreef.com\/en\/wp-json\/wp\/v2\/product"}],"about":[{"href":"https:\/\/dinhosreef.com\/en\/wp-json\/wp\/v2\/types\/product"}],"replies":[{"embeddable":true,"href":"https:\/\/dinhosreef.com\/en\/wp-json\/wp\/v2\/comments?post=1410790565"}],"wp:featuredmedia":[{"embeddable":true,"href":"https:\/\/dinhosreef.com\/en\/wp-json\/wp\/v2\/media\/1410790564"}],"wp:attachment":[{"href":"https:\/\/dinhosreef.com\/en\/wp-json\/wp\/v2\/media?parent=1410790565"}],"wp:term":[{"taxonomy":"product_brand","embeddable":true,"href":"https:\/\/dinhosreef.com\/en\/wp-json\/wp\/v2\/product_brand?post=1410790565"},{"taxonomy":"product_cat","embeddable":true,"href":"https:\/\/dinhosreef.com\/en\/wp-json\/wp\/v2\/product_cat?post=1410790565"},{"taxonomy":"product_tag","embeddable":true,"href":"https:\/\/dinhosreef.com\/en\/wp-json\/wp\/v2\/product_tag?post=1410790565"}],"curies":[{"name":"wp","href":"https:\/\/api.w.org\/{rel}","templated":true}]}}