{"id":1410790567,"date":"2026-04-14T18:14:55","date_gmt":"2026-04-14T21:14:55","guid":{"rendered":"https:\/\/dinhosreef.com\/produto\/kit-15un-sache-friskies-p-gatos-peixe-branco-ao-molho-85g\/"},"modified":"2026-04-17T11:53:37","modified_gmt":"2026-04-17T14:53:37","slug":"kit-15un-sache-friskies-p-gatos-peixe-branco-ao-molho-85g","status":"publish","type":"product","link":"https:\/\/dinhosreef.com\/en\/product\/kit-15un-sache-friskies-p-gatos-peixe-branco-ao-molho-85g\/","title":{"rendered":"KIT 15UN SACH\u00ca FRISKIES P\/ GATOS PEIXE BRANCO AO MOLHO 85G"},"content":{"rendered":"<h2>Informa\u00e7\u00f5es<\/h2>\n<p>-Altamente palat\u00e1vel;<br \/>-Peda\u00e7os macios e suculentos;<br \/>-Fontes de prote\u00ednas de alta qualidade;<br \/>-Sem adi\u00e7\u00e3o de conservantes artificiais;<br \/>-Alimento 100% completo e balanceado;<br \/>-Mix de sabores e texturas deliciosamente surpreendentes;<br \/>-A Ra\u00e7\u00e3o \u00damida Nestl\u00e9 Purina Friskies Peixe Branco \u00e9 indicado para gatos adultos.<\/p>","protected":false},"excerpt":{"rendered":"<p>Informa\u00e7\u00f5es -Altamente palat\u00e1vel;-Peda\u00e7os macios e suculentos;-Fontes de prote\u00ednas de alta qualidade;-Sem adi\u00e7\u00e3o de conservantes artificiais;-Alimento 100% completo e balanceado;-Mix de sabores e texturas deliciosamente surpreendentes;-A Ra\u00e7\u00e3o \u00damida Nestl\u00e9 Purina Friskies Peixe Branco \u00e9 indicado para gatos adultos.<\/p>","protected":false},"featured_media":1410790566,"comment_status":"open","ping_status":"closed","template":"","meta":{"googlesitekit_rrm_CAow0N7NCw:productID":"","content-type":"","pmpro_default_level":"","_themeisle_gutenberg_block_has_review":false},"product_brand":[444],"product_cat":[256],"product_tag":[],"class_list":{"0":"post-1410790567","1":"product","2":"type-product","3":"status-publish","4":"has-post-thumbnail","6":"product_brand-purina","7":"product_cat-racoes","8":"pmpro-has-access","10":"first","11":"instock","12":"taxable","13":"shipping-taxable","14":"purchasable","15":"product-type-simple"},"_links":{"self":[{"href":"https:\/\/dinhosreef.com\/en\/wp-json\/wp\/v2\/product\/1410790567","targetHints":{"allow":["GET"]}}],"collection":[{"href":"https:\/\/dinhosreef.com\/en\/wp-json\/wp\/v2\/product"}],"about":[{"href":"https:\/\/dinhosreef.com\/en\/wp-json\/wp\/v2\/types\/product"}],"replies":[{"embeddable":true,"href":"https:\/\/dinhosreef.com\/en\/wp-json\/wp\/v2\/comments?post=1410790567"}],"wp:featuredmedia":[{"embeddable":true,"href":"https:\/\/dinhosreef.com\/en\/wp-json\/wp\/v2\/media\/1410790566"}],"wp:attachment":[{"href":"https:\/\/dinhosreef.com\/en\/wp-json\/wp\/v2\/media?parent=1410790567"}],"wp:term":[{"taxonomy":"product_brand","embeddable":true,"href":"https:\/\/dinhosreef.com\/en\/wp-json\/wp\/v2\/product_brand?post=1410790567"},{"taxonomy":"product_cat","embeddable":true,"href":"https:\/\/dinhosreef.com\/en\/wp-json\/wp\/v2\/product_cat?post=1410790567"},{"taxonomy":"product_tag","embeddable":true,"href":"https:\/\/dinhosreef.com\/en\/wp-json\/wp\/v2\/product_tag?post=1410790567"}],"curies":[{"name":"wp","href":"https:\/\/api.w.org\/{rel}","templated":true}]}}