{"id":1410790569,"date":"2026-04-14T18:14:58","date_gmt":"2026-04-14T21:14:58","guid":{"rendered":"https:\/\/dinhosreef.com\/produto\/kit-15un-sache-friskies-p-gatos-filhotes-carne-ao-molho-85g\/"},"modified":"2026-04-16T12:14:44","modified_gmt":"2026-04-16T15:14:44","slug":"kit-15un-sache-friskies-p-gatos-filhotes-carne-ao-molho-85g","status":"publish","type":"product","link":"https:\/\/dinhosreef.com\/en\/product\/kit-15un-sache-friskies-p-gatos-filhotes-carne-ao-molho-85g\/","title":{"rendered":"KIT 15UN SACH\u00ca FRISKIES P\/ GATOS FILHOTES CARNE AO MOLHO 85G"},"content":{"rendered":"<h3>O sach\u00ea Friskies \u00e9 um alimento \u00famido 100% completo e balanceado cheio de sabor para alimentar e mimar o seu pet todos os dias!\u00a0<\/h3>\n<h3>Este produto possui um sabor delicioso de carne ao molho, e foi preparado especialmente para gatos filhotes.<\/h3>\n<p>&#8211; Mix de sabores e texturas deliciosamente surpreendentes;<\/p>\n<p>&#8211; Peda\u00e7os macios e suculentos;<\/p>\n<p>&#8211; +25%\u00a0de prote\u00edna;<\/p>\n<p>&#8211; Alimento 100% completo e balanceado;<\/p>\n<p>&#8211; Sem adi\u00e7\u00e3o de conservantes artificiais.<\/p>","protected":false},"excerpt":{"rendered":"<p>O sach\u00ea Friskies \u00e9 um alimento \u00famido 100% completo e balanceado cheio de sabor para alimentar e mimar o seu pet todos os dias!\u00a0 Este produto possui um sabor delicioso de carne ao molho, e foi preparado especialmente para gatos filhotes. &#8211; Mix de sabores e texturas deliciosamente surpreendentes; &#8211; Peda\u00e7os macios e suculentos; &#8211; [&hellip;]<\/p>\n","protected":false},"featured_media":1410790568,"comment_status":"open","ping_status":"closed","template":"","meta":{"googlesitekit_rrm_CAow0N7NCw:productID":"","content-type":"","pmpro_default_level":"","_themeisle_gutenberg_block_has_review":false},"product_brand":[444],"product_cat":[256],"product_tag":[],"class_list":{"0":"post-1410790569","1":"product","2":"type-product","3":"status-publish","4":"has-post-thumbnail","6":"product_brand-purina","7":"product_cat-racoes","8":"pmpro-has-access","10":"first","11":"outofstock","12":"taxable","13":"shipping-taxable","14":"purchasable","15":"product-type-simple"},"_links":{"self":[{"href":"https:\/\/dinhosreef.com\/en\/wp-json\/wp\/v2\/product\/1410790569","targetHints":{"allow":["GET"]}}],"collection":[{"href":"https:\/\/dinhosreef.com\/en\/wp-json\/wp\/v2\/product"}],"about":[{"href":"https:\/\/dinhosreef.com\/en\/wp-json\/wp\/v2\/types\/product"}],"replies":[{"embeddable":true,"href":"https:\/\/dinhosreef.com\/en\/wp-json\/wp\/v2\/comments?post=1410790569"}],"wp:featuredmedia":[{"embeddable":true,"href":"https:\/\/dinhosreef.com\/en\/wp-json\/wp\/v2\/media\/1410790568"}],"wp:attachment":[{"href":"https:\/\/dinhosreef.com\/en\/wp-json\/wp\/v2\/media?parent=1410790569"}],"wp:term":[{"taxonomy":"product_brand","embeddable":true,"href":"https:\/\/dinhosreef.com\/en\/wp-json\/wp\/v2\/product_brand?post=1410790569"},{"taxonomy":"product_cat","embeddable":true,"href":"https:\/\/dinhosreef.com\/en\/wp-json\/wp\/v2\/product_cat?post=1410790569"},{"taxonomy":"product_tag","embeddable":true,"href":"https:\/\/dinhosreef.com\/en\/wp-json\/wp\/v2\/product_tag?post=1410790569"}],"curies":[{"name":"wp","href":"https:\/\/api.w.org\/{rel}","templated":true}]}}