{"id":1410790575,"date":"2026-04-14T18:15:07","date_gmt":"2026-04-14T21:15:07","guid":{"rendered":"https:\/\/dinhosreef.com\/produto\/kit-15un-sache-friskies-p-gatos-sabor-peru-ao-molho-85g\/"},"modified":"2026-04-14T18:19:35","modified_gmt":"2026-04-14T21:19:35","slug":"kit-15un-sache-friskies-p-gatos-sabor-peru-ao-molho-85g","status":"publish","type":"product","link":"https:\/\/dinhosreef.com\/en\/product\/kit-15un-sache-friskies-p-gatos-sabor-peru-ao-molho-85g\/","title":{"rendered":"KIT 15UN SACH\u00ca FRISKIES P\/ GATOS SABOR PERU AO MOLHO 85G"},"content":{"rendered":"<ul>\n<li>FRISKIES\u00ae Peru \u00e9 um alimento \u00famido com sabor que os gatos adoram.<\/li>\n<li>\u00c9 um alimento saboroso feito de peda\u00e7os com carne em um molho, sem corantes e conservantes artificiais.<\/li>\n<li>Contribui para um trato urin\u00e1rio saud\u00e1vel.<\/li>\n<li>Ajuda a manter seu gato saud\u00e1vel atrav\u00e9s da combina\u00e7\u00e3o de vitaminas e minerais essenciais.<\/li>\n<li>Contribui para pele e pelos saud\u00e1veis.<\/li>\n<li>Pode ser oferecido como uma refei\u00e7\u00e3o.<\/li>\n<li>Auxilia na hidrata\u00e7\u00e3o di\u00e1ria.<\/li>\n<li>Prote\u00ednas de alta qualidade que contribuem para m\u00fasculos fortes.\u00a0<\/li>\n<\/ul>","protected":false},"excerpt":{"rendered":"<p>FRISKIES\u00ae Peru \u00e9 um alimento \u00famido com sabor que os gatos adoram. \u00c9 um alimento saboroso feito de peda\u00e7os com carne em um molho, sem corantes e conservantes artificiais. Contribui para um trato urin\u00e1rio saud\u00e1vel. Ajuda a manter seu gato saud\u00e1vel atrav\u00e9s da combina\u00e7\u00e3o de vitaminas e minerais essenciais. Contribui para pele e pelos saud\u00e1veis. [&hellip;]<\/p>\n","protected":false},"featured_media":1410790574,"comment_status":"open","ping_status":"closed","template":"","meta":{"googlesitekit_rrm_CAow0N7NCw:productID":"","content-type":"","pmpro_default_level":"","_themeisle_gutenberg_block_has_review":false},"product_brand":[444],"product_cat":[256],"product_tag":[],"class_list":{"0":"post-1410790575","1":"product","2":"type-product","3":"status-publish","4":"has-post-thumbnail","6":"product_brand-purina","7":"product_cat-racoes","8":"pmpro-has-access","10":"first","11":"instock","12":"taxable","13":"shipping-taxable","14":"purchasable","15":"product-type-simple"},"_links":{"self":[{"href":"https:\/\/dinhosreef.com\/en\/wp-json\/wp\/v2\/product\/1410790575","targetHints":{"allow":["GET"]}}],"collection":[{"href":"https:\/\/dinhosreef.com\/en\/wp-json\/wp\/v2\/product"}],"about":[{"href":"https:\/\/dinhosreef.com\/en\/wp-json\/wp\/v2\/types\/product"}],"replies":[{"embeddable":true,"href":"https:\/\/dinhosreef.com\/en\/wp-json\/wp\/v2\/comments?post=1410790575"}],"wp:featuredmedia":[{"embeddable":true,"href":"https:\/\/dinhosreef.com\/en\/wp-json\/wp\/v2\/media\/1410790574"}],"wp:attachment":[{"href":"https:\/\/dinhosreef.com\/en\/wp-json\/wp\/v2\/media?parent=1410790575"}],"wp:term":[{"taxonomy":"product_brand","embeddable":true,"href":"https:\/\/dinhosreef.com\/en\/wp-json\/wp\/v2\/product_brand?post=1410790575"},{"taxonomy":"product_cat","embeddable":true,"href":"https:\/\/dinhosreef.com\/en\/wp-json\/wp\/v2\/product_cat?post=1410790575"},{"taxonomy":"product_tag","embeddable":true,"href":"https:\/\/dinhosreef.com\/en\/wp-json\/wp\/v2\/product_tag?post=1410790575"}],"curies":[{"name":"wp","href":"https:\/\/api.w.org\/{rel}","templated":true}]}}