{"id":1410790588,"date":"2026-04-14T18:15:25","date_gmt":"2026-04-14T21:15:25","guid":{"rendered":"https:\/\/dinhosreef.com\/produto\/kit-20un-sache-quatree-supreme-p-gatos-castrados-frango-85g\/"},"modified":"2026-04-14T18:15:54","modified_gmt":"2026-04-14T21:15:54","slug":"kit-20un-sache-quatree-supreme-p-gatos-castrados-frango-85g","status":"publish","type":"product","link":"https:\/\/dinhosreef.com\/en\/product\/kit-20un-sache-quatree-supreme-p-gatos-castrados-frango-85g\/","title":{"rendered":"KIT 20UN SACH\u00ca QUATREE SUPREME P GATOS CASTRADOS FRANGO 85G"},"content":{"rendered":"<p><strong>Ra\u00e7\u00e3o \u00damida Quatree para Gatos Supreme Castrados Sabor Frango 85gr <\/strong><br \/>&#8211; Indicado para gatos; <br \/>&#8211; Textura \u00famida e macia;<br \/>&#8211; Rica em vitaminas e minerais;<br \/>&#8211; Ingredientes de alta qualidade;<br \/>&#8211; Promove uma pelagem brilhante e energia;<br \/>&#8211; Embalagem f\u00e1cil de abrir.<br \/>A Ra\u00e7\u00e3o \u00damida Quatree para Gatos Supreme Castrado Sabor Frango \u00e9 o alimento ideal para o seu amigo de quatro patas. Fabricada com ingredientes de alta qualidade, essa ra\u00e7\u00e3o agrada o paladar exigente do seu bichinho e oferece todos os nutrientes necess\u00e1rios para mant\u00ea-lo saud\u00e1vel e forte. <br \/>A textura \u00famida desta ra\u00e7\u00e3o \u00e9 perfeita para gatos que preferem alimentos mais macios ou que t\u00eam dificuldade em mastigar ra\u00e7\u00f5es secas. Essa ra\u00e7\u00e3o \u00e9 adequada para uma refei\u00e7\u00e3o completa ou pode ser misturada \u00e0 ra\u00e7\u00e3o seca para uma refei\u00e7\u00e3o ainda mais saborosa.<br \/>A Ra\u00e7\u00e3o \u00damida Quatree Supreme tem um delicioso sabor de frango que vai agradar seu bichinho. Al\u00e9m disso, \u00e9 enriquecida com vitaminas e minerais para promover a sa\u00fade do seu gato em todos os aspectos &#8211; desde a pelagem brilhante at\u00e9 a energia e vitalidade.<\/p>","protected":false},"excerpt":{"rendered":"<p>Ra\u00e7\u00e3o \u00damida Quatree para Gatos Supreme Castrados Sabor Frango 85gr &#8211; Indicado para gatos; &#8211; Textura \u00famida e macia;&#8211; Rica em vitaminas e minerais;&#8211; Ingredientes de alta qualidade;&#8211; Promove uma pelagem brilhante e energia;&#8211; Embalagem f\u00e1cil de abrir.A Ra\u00e7\u00e3o \u00damida Quatree para Gatos Supreme Castrado Sabor Frango \u00e9 o alimento ideal para o seu amigo [&hellip;]<\/p>\n","protected":false},"featured_media":1410790586,"comment_status":"open","ping_status":"closed","template":"","meta":{"googlesitekit_rrm_CAow0N7NCw:productID":"","content-type":"","pmpro_default_level":"","_themeisle_gutenberg_block_has_review":false},"product_brand":[336],"product_cat":[256],"product_tag":[],"class_list":{"0":"post-1410790588","1":"product","2":"type-product","3":"status-publish","4":"has-post-thumbnail","6":"product_brand-quatree","7":"product_cat-racoes","8":"aux-has-gallery","9":"pmpro-has-access","11":"first","12":"instock","13":"taxable","14":"shipping-taxable","15":"purchasable","16":"product-type-simple"},"_links":{"self":[{"href":"https:\/\/dinhosreef.com\/en\/wp-json\/wp\/v2\/product\/1410790588","targetHints":{"allow":["GET"]}}],"collection":[{"href":"https:\/\/dinhosreef.com\/en\/wp-json\/wp\/v2\/product"}],"about":[{"href":"https:\/\/dinhosreef.com\/en\/wp-json\/wp\/v2\/types\/product"}],"replies":[{"embeddable":true,"href":"https:\/\/dinhosreef.com\/en\/wp-json\/wp\/v2\/comments?post=1410790588"}],"wp:featuredmedia":[{"embeddable":true,"href":"https:\/\/dinhosreef.com\/en\/wp-json\/wp\/v2\/media\/1410790586"}],"wp:attachment":[{"href":"https:\/\/dinhosreef.com\/en\/wp-json\/wp\/v2\/media?parent=1410790588"}],"wp:term":[{"taxonomy":"product_brand","embeddable":true,"href":"https:\/\/dinhosreef.com\/en\/wp-json\/wp\/v2\/product_brand?post=1410790588"},{"taxonomy":"product_cat","embeddable":true,"href":"https:\/\/dinhosreef.com\/en\/wp-json\/wp\/v2\/product_cat?post=1410790588"},{"taxonomy":"product_tag","embeddable":true,"href":"https:\/\/dinhosreef.com\/en\/wp-json\/wp\/v2\/product_tag?post=1410790588"}],"curies":[{"name":"wp","href":"https:\/\/api.w.org\/{rel}","templated":true}]}}