{"id":1410790617,"date":"2026-04-16T09:37:10","date_gmt":"2026-04-16T12:37:10","guid":{"rendered":"https:\/\/dinhosreef.com\/produto\/kit-12un-sache-special-cat-ultra-filhotes-frango-85g\/"},"modified":"2026-04-16T09:45:19","modified_gmt":"2026-04-16T12:45:19","slug":"kit-12un-sache-special-cat-ultra-filhotes-frango-85g","status":"publish","type":"product","link":"https:\/\/dinhosreef.com\/en\/product\/kit-12un-sache-special-cat-ultra-filhotes-frango-85g\/","title":{"rendered":"KIT 12UN SACHE SPECIAL CAT ULTRA FILHOTES FRANGO 85G"},"content":{"rendered":"<p>SACHE Special Cat Sache Gatos Filhotes Frango \u2013 85g<\/p>\n<p>&#8211; Indicado para gatos;<br \/>&#8211; Gatos filhotes sabor frango;<br \/>&#8211; Paladar exigente;<br \/>&#8211; Manuten\u00e7\u00e3o do trato urin\u00e1rio.<\/p>\n<p>A Ra\u00e7\u00e3o Special Cat Sache Gatos Filhotes frango \u00e9 ideal para gatos com paladar exigente.<br \/>Essencial para o desenvolvimento cerebral do filhote, o DHA atua na melhora da capacidade de aprendizagem.<br \/>Os n\u00edveis equilibrados de minerais e o consumo de \u00e1gua, presentes no alimento \u00famido, auxiliam na manuten\u00e7\u00e3o do trato urin\u00e1rio.<br \/>Formulado com minerais org\u00e2nicos, Complex Life \u00e9 facilmente absorvido pelo organismo, otimizando seus benef\u00edcios \u00e0 sa\u00fade do animal.<\/p>\n<p>Ingredientes<br \/>Mi\u00fados de aves, mi\u00fados de su\u00ednos, carne de frango, plasma sangu\u00edneo su\u00edno em p\u00f3, leite desnatado em p\u00f3, gelatina, farinha de trigo, amido de milho, dextrose, prote\u00edna isolada de soja, prote\u00edna texturizada de soja, gordura de frango, celulose, levedura hidrolisada de cana-de-a\u00e7\u00facar, farinha de algas Schizochytrium sp. (0,3%), extrato de Yucca schidigera, hidrolisado de f\u00edgado de frango e su\u00edno, cloreto de s\u00f3dio (sal comum), carbonato de c\u00e1lcio, cloreto de pot\u00e1ssio, \u00e1gua, glicina, taurina, DL-metionina, vitaminas (A, B1, B2, B3, B5, B6, B7, B9, B12, C, D3, E e cloreto de colina), minerais quelatados (glicinatos: cobre, ferro, mangan\u00eas e zinco), levedura enriquecida com sel\u00eanio, iodato de c\u00e1lcio, sulfato de cobre, sulfato de mangan\u00eas, sulfato de zinco, goma guar, carragena, tripolifosfato de s\u00f3dio, EDTA c\u00e1lcio diss\u00f3dico, BHA, BHT, corante natural caramelo.<\/p>","protected":false},"excerpt":{"rendered":"<p>SACHE Special Cat Sache Gatos Filhotes Frango \u2013 85g &#8211; Indicado para gatos;&#8211; Gatos filhotes sabor frango;&#8211; Paladar exigente;&#8211; Manuten\u00e7\u00e3o do trato urin\u00e1rio. A Ra\u00e7\u00e3o Special Cat Sache Gatos Filhotes frango \u00e9 ideal para gatos com paladar exigente.Essencial para o desenvolvimento cerebral do filhote, o DHA atua na melhora da capacidade de aprendizagem.Os n\u00edveis equilibrados [&hellip;]<\/p>\n","protected":false},"featured_media":1410790616,"comment_status":"open","ping_status":"closed","template":"","meta":{"googlesitekit_rrm_CAow0N7NCw:productID":"","content-type":"","pmpro_default_level":"","_themeisle_gutenberg_block_has_review":false},"product_brand":[439],"product_cat":[255],"product_tag":[],"class_list":{"0":"post-1410790617","1":"product","2":"type-product","3":"status-publish","4":"has-post-thumbnail","6":"product_brand-whiskas","7":"product_cat-alimento-petisco-e-suplemento","8":"pmpro-has-access","10":"first","11":"instock","12":"taxable","13":"shipping-taxable","14":"purchasable","15":"product-type-simple"},"_links":{"self":[{"href":"https:\/\/dinhosreef.com\/en\/wp-json\/wp\/v2\/product\/1410790617","targetHints":{"allow":["GET"]}}],"collection":[{"href":"https:\/\/dinhosreef.com\/en\/wp-json\/wp\/v2\/product"}],"about":[{"href":"https:\/\/dinhosreef.com\/en\/wp-json\/wp\/v2\/types\/product"}],"replies":[{"embeddable":true,"href":"https:\/\/dinhosreef.com\/en\/wp-json\/wp\/v2\/comments?post=1410790617"}],"wp:featuredmedia":[{"embeddable":true,"href":"https:\/\/dinhosreef.com\/en\/wp-json\/wp\/v2\/media\/1410790616"}],"wp:attachment":[{"href":"https:\/\/dinhosreef.com\/en\/wp-json\/wp\/v2\/media?parent=1410790617"}],"wp:term":[{"taxonomy":"product_brand","embeddable":true,"href":"https:\/\/dinhosreef.com\/en\/wp-json\/wp\/v2\/product_brand?post=1410790617"},{"taxonomy":"product_cat","embeddable":true,"href":"https:\/\/dinhosreef.com\/en\/wp-json\/wp\/v2\/product_cat?post=1410790617"},{"taxonomy":"product_tag","embeddable":true,"href":"https:\/\/dinhosreef.com\/en\/wp-json\/wp\/v2\/product_tag?post=1410790617"}],"curies":[{"name":"wp","href":"https:\/\/api.w.org\/{rel}","templated":true}]}}